{"id":1710,"date":"2025-02-06T09:58:03","date_gmt":"2025-02-06T09:58:03","guid":{"rendered":"https:\/\/brandmanual.aflatoun.org\/nos-logos\/"},"modified":"2025-10-02T18:13:00","modified_gmt":"2025-10-02T18:13:00","slug":"nos-logos","status":"publish","type":"page","link":"https:\/\/brandmanual.aflatoun.org\/fr\/nos-logos\/","title":{"rendered":"Nos logos"},"content":{"rendered":"\t\t<div data-elementor-type=\"wp-page\" data-elementor-id=\"1710\" class=\"elementor elementor-1710 elementor-24\" data-elementor-post-type=\"page\">\n\t\t\t\t<div class=\"elementor-element elementor-element-94da5ab e-flex e-con-boxed e-con e-parent\" data-id=\"94da5ab\" data-element_type=\"container\">\n\t\t\t\t\t<div class=\"e-con-inner\">\n\t\t\t\t<div class=\"elementor-element elementor-element-9142758 elementor-widget elementor-widget-text-editor\" data-id=\"9142758\" data-element_type=\"widget\" data-widget_type=\"text-editor.default\">\n\t\t\t\t<div class=\"elementor-widget-container\">\n\t\t\t\t\t\t\t\t\t<h2><strong>Directives sur le logo<\/strong><\/h2><p>Le logo d\u2019Alfatoun International est la pierre angulaire de notre identit\u00e9 de marque, repr\u00e9sentant notre mission mondiale visant \u00e0 autonomiser les enfants et les jeunes gr\u00e2ce \u00e0 l\u2019\u00e9ducation sociale et financi\u00e8re. L\u2019utilisation coh\u00e9rente et appropri\u00e9e du logo sur tous les supports assure une reconnaissance imm\u00e9diate de la marque et maintient l\u2019int\u00e9grit\u00e9 professionnelle que nous avons construite depuis plus de deux d\u00e9cennies d\u2019impact mondial. <\/p><h5><strong>Logo principal<\/strong><\/h5><p>Notre logo principal combine le mot-symbole distinctif d\u2019Alfatoun avec le slogan \u00ab \u00c9ducation sociale et financi\u00e8re \u00bb. C\u2019est la version privil\u00e9gi\u00e9e pour toutes les applications lorsque l\u2019espace le permet, \u00e9tablissant notre autorit\u00e9 et pr\u00e9sence dans le secteur de l\u2019\u00e9ducation sociale et financi\u00e8re. <\/p><p>Le design du logo refl\u00e8te notre caract\u00e8re moderne et accessible tout en conservant la gravit\u00e9 appropri\u00e9e pour notre travail avec des institutions \u00e9ducatives, des partenaires gouvernementaux et des organisations internationales dans plus de 116 pays.<\/p><h5><strong>Variations du logo<\/strong><\/h5><p>Logo complet (principal)<br>Le logo complet d\u2019Alfatoun International, incluant \u00e0 la fois le mot-symbole principal et le slogan \u00ab \u00c9ducation sociale et financi\u00e8re \u00bb. Utilisez cette version chaque fois que possible afin de maximiser la reconnaissance de la marque et de communiquer notre pr\u00e9sence mondiale. <\/p><p>Logo abr\u00e9g\u00e9<br>Lorsque les contraintes d\u2019espace exigent une solution plus compacte, la version abr\u00e9g\u00e9e supprime le slogan tout en conservant l\u2019identit\u00e9 essentielle d\u2019Alfatoun. Cette version ne doit \u00eatre utilis\u00e9e que pour de tr\u00e8s petites tailles ou dans des mises en page restreintes. <\/p><p>Version symbole\/icone<br>Pour les applications n\u00e9cessitant un espace minimal (photos de profil sur les r\u00e9seaux sociaux, ic\u00f4nes d\u2019applications, filigranes), une version simplifi\u00e9e du symbole maintient la pr\u00e9sence de la marque sans compromettre la lisibilit\u00e9.<\/p><h5><strong>Exigences d\u2019espace libre<\/strong><\/h5><p>Maintenez un espace clair et suffisant autour du logo afin d\u2019assurer un impact et une lisibilit\u00e9 maximum. L\u2019espace libre minimum \u00e9quivaut \u00e0 la hauteur de la lettre \u00ab A \u00bb dans \u00ab AFLATOUN \u00bb de chaque c\u00f4t\u00e9. Aucun texte, image ou autre \u00e9l\u00e9ment graphique ne doit appara\u00eetre dans cette zone prot\u00e9g\u00e9e.  <\/p><p>Cette exigence d\u2019espace libre s\u2019applique \u00e0 toutes les variations de logo et doit \u00eatre respect\u00e9e dans toutes les applications, des cartes de visite aux banni\u00e8res grand format.<\/p><h5><strong>Normes de taille minimale<\/strong><\/h5><p>Applications d\u2019impression :<br>Ne reproduisez jamais le logo \u00e0 une largeur inf\u00e9rieure \u00e0 25 mm (1 pouce) pour la version compl\u00e8te, ou 20 mm (0,75 pouce) pour la version abr\u00e9g\u00e9e.<\/p><p>Applications num\u00e9riques :<br>Largeur minimale de 120 pixels pour le logo complet, 100 pixels pour la version abr\u00e9g\u00e9e afin d\u2019assurer la lisibilit\u00e9 sur tous les appareils et r\u00e9solutions d\u2019\u00e9cran.<\/p><p>Lorsque le logo appara\u00eet \u00e0 ces tailles minimales, envisagez d\u2019utiliser la version abr\u00e9g\u00e9e afin de maintenir une lisibilit\u00e9 optimale et une apparence professionnelle.<\/p><h5><strong>Sp\u00e9cifications des couleurs<\/strong><\/h5><p>Couleurs compl\u00e8tes (pr\u00e9f\u00e9r\u00e9es)<br>Utilisez la palette de couleurs de la marque sp\u00e9cifi\u00e9e dans nos directives. Le logo doit appara\u00eetre en couleurs compl\u00e8tes chaque fois que possible afin de maximiser l\u2019impact et la reconnaissance de la marque. <br><br>Blanc<br>Pour les situations n\u00e9cessitant une reproduction monochrome, utilisez la version blanche sur des arri\u00e8re-plans sombres. Assurez un contraste suffisant pour une lisibilit\u00e9 optimale. <\/p><h5><strong>Utilisations interdites<\/strong><\/h5><p><strong>Ne jamais :<\/strong><\/p><ul><li>D\u00e9former, \u00e9tirer ou alt\u00e9rer les proportions du logo<\/li><li>Changer ou remplacer les polices \u00e0 l\u2019int\u00e9rieur du logo<\/li><li>Ajouter des effets, ombres ou contours au logo<\/li><li>Utiliser des combinaisons de couleurs non autoris\u00e9es<\/li><li>Placer le logo sur des arri\u00e8re-plans charg\u00e9s ou \u00e0 faible contraste<\/li><li>Faire pivoter le logo \u00e0 n\u2019importe quel angle<\/li><li>S\u00e9parer les \u00e9l\u00e9ments du logo ou les utiliser ind\u00e9pendamment<\/li><li>Utiliser des versions obsol\u00e8tes du logo<\/li><\/ul><h5><strong>Applications sur fonds<\/strong><\/h5><p>Fonds clairs<br>Utilisez le logo standard en couleurs compl\u00e8tes ou la version monochrome (blanche) pour un contraste et une visibilit\u00e9 optimaux.<\/p><p>Fonds sombres<br>Appliquez la version blanche du logo afin d\u2019assurer un contraste et une lisibilit\u00e9 corrects.<\/p><p><strong>Arri\u00e8re-plans photographiques<\/strong><br>Lors de l\u2019utilisation du logo sur des photographies, assurez un contraste suffisant en utilisant des arri\u00e8re-plans de couleur unie, des superpositions transparentes ou en pla\u00e7ant le logo dans des zones de l\u2019image peu d\u00e9taill\u00e9es.<\/p><h5><strong>Formats de fichiers et sp\u00e9cifications techniques<\/strong><\/h5><p>Formats vectoriels : fichiers EPS, AI et SVG pour des applications \u00e9volutives et une impression professionnelle<br>Formats raster : fichiers PNG (avec transparence) et JPG pour un usage num\u00e9rique et web<br>R\u00e9solution : Minimum 300 DPI pour les applications d\u2019impression, versions optimis\u00e9es pour le web<\/p><h5><strong>Processus d\u2019approbation du logo<\/strong><\/h5><p>Toute utilisation du logo en dehors des mod\u00e8les approuv\u00e9s doit \u00eatre valid\u00e9e par l\u2019\u00e9quipe communication d\u2019Alfatoun International afin d\u2019assurer une utilisation correcte et conforme \u00e0 la marque. Contactez l\u2019\u00e9quipe pour obtenir des conseils sur les applications sp\u00e9ciales ou en cas de questions concernant l\u2019utilisation appropri\u00e9e du logo. <\/p>\t\t\t\t\t\t\t\t<\/div>\n\t\t\t\t<\/div>\n\t\t\t\t\t<\/div>\n\t\t\t\t<\/div>\n\t\t<div class=\"elementor-element elementor-element-ee2889a e-flex e-con-boxed e-con e-parent\" data-id=\"ee2889a\" data-element_type=\"container\">\n\t\t\t\t\t<div class=\"e-con-inner\">\n\t\t\t\t<div class=\"elementor-element elementor-element-492136b elementor-widget elementor-widget-shortcode\" data-id=\"492136b\" data-element_type=\"widget\" data-widget_type=\"shortcode.default\">\n\t\t\t\t<div class=\"elementor-widget-container\">\n\t\t\t\t\t\t\t<div class=\"elementor-shortcode\"><table id=\"dlp_6e4bb216c154d772_1\" class=\"posts-data-table\" width=\"100%\" data-config=\"{&quot;pageLength&quot;:25,&quot;pagingType&quot;:&quot;numbers&quot;,&quot;serverSide&quot;:false,&quot;autoWidth&quot;:true,&quot;clickFilter&quot;:&quot;1&quot;,&quot;scrollOffset&quot;:15,&quot;resetButton&quot;:false,&quot;lengthMenu&quot;:[[10,25,50,100,-1],[10,25,50,100,&quot;All&quot;]],&quot;columnDefs&quot;:[{&quot;className&quot;:&quot;col-title&quot;,&quot;targets&quot;:0},{&quot;className&quot;:&quot;col-excerpt&quot;,&quot;targets&quot;:1},{&quot;className&quot;:&quot;col-date_modified&quot;,&quot;targets&quot;:2},{&quot;className&quot;:&quot;col-download_count&quot;,&quot;targets&quot;:3},{&quot;className&quot;:&quot;col-link&quot;,&quot;targets&quot;:4}],&quot;responsive&quot;:{&quot;details&quot;:{&quot;display&quot;:&quot;child_row&quot;}},&quot;language&quot;:{&quot;info&quot;:&quot;_TOTAL_ documents&quot;,&quot;infoEmpty&quot;:&quot;0 documents&quot;,&quot;emptyTable&quot;:&quot;Aucun documents correspondant.&quot;,&quot;zeroRecords&quot;:&quot;Aucun documents correspondant.&quot;,&quot;totalsSingle&quot;:&quot;document&quot;,&quot;totalsPlural&quot;:&quot;documents&quot;},&quot;dom&quot;:&quot;&lt;\\&quot;posts-table-wrapper hello-elementor\\&quot;&lt;\\&quot;posts-table-above posts-table-controls\\&quot;f&gt;t&lt;\\&quot;posts-table-below posts-table-controls\\&quot;lip&gt;&gt;&quot;,&quot;multiDownloadButton&quot;:true,&quot;multiDownloadPosition&quot;:&quot;above&quot;,&quot;multiDownloadText&quot;:&quot;Download Selected Documents&quot;}\" data-filters=\"false\" data-order=\"[]\"><thead><tr><th class=\"all\" data-name=\"title\" data-orderable=\"true\" data-searchable=\"true\" data-priority=\"1\">Titre<\/th><th data-name=\"excerpt\" data-orderable=\"true\" data-searchable=\"true\" data-priority=\"4\">R\u00e9sum\u00e9<\/th><th data-name=\"date_modified\" data-orderable=\"true\" data-searchable=\"true\" data-priority=\"5\">Derni\u00e8re modification<\/th><th data-name=\"download_count\" data-orderable=\"true\" data-searchable=\"true\" data-priority=\"13\">T\u00e9l\u00e9chargements<\/th><th data-name=\"link\" data-orderable=\"false\" data-searchable=\"false\" data-priority=\"10\">Lien<\/th><\/tr><\/thead><tbody><tr id=\"post-row-1529\" class=\"post-row post-type-dlp_document dlp_document-1529 publish\"><td><a href=\"https:\/\/brandmanual.aflatoun.org\/fr\/document\/aflatoun-branding-guidelines-pdf\/\">Aflatoun Branding Guidelines<\/a><\/td><td><p>The Aflatoun Visual Guidelines PDF is the comprehensive master document that establishes all brand identity &hellip;<\/p>\n<\/td><td data-sort=\"1759759769\">octobre 6, 2025<\/td><td>28<\/td><td><div class=\"dlp-table-document-link-wrap\"><a href=\"https:\/\/brandmanual.aflatoun.org\/wp-content\/uploads\/2025\/09\/Aflatoun-Branding-Guidelines-PDF-1.pdf\" class=\"dlp-download-link dlp-download-button document-library-pro-button button btn\" data-download-id=\"1529\"  download=\"Aflatoun-Branding-Guidelines-PDF-1.pdf\" type=\"application\/pdf\">Download<\/a><input type=\"checkbox\" name=\"zip-urls\" data-download-url=\"https:\/\/brandmanual.aflatoun.org\/wp-content\/uploads\/2025\/09\/Aflatoun-Branding-Guidelines-PDF-1.pdf\" data-download-id=\"1529\" \/><\/div><\/td><\/tr><tr id=\"post-row-1212\" class=\"post-row post-type-dlp_document dlp_document-1212 publish\"><td><a href=\"https:\/\/brandmanual.aflatoun.org\/fr\/document\/aflayouth-curricula-logo-pdf-white\/\">AflaYouth curricula logo PDF (white)<\/a><\/td><td><p>Clear Space Requirements Maintain clear space around the logo equal to the height of the &hellip;<\/p>\n<\/td><td data-sort=\"1759838312\">octobre 7, 2025<\/td><td>4<\/td><td><div class=\"dlp-table-document-link-wrap\"><\/div><\/td><\/tr><tr id=\"post-row-1206\" class=\"post-row post-type-dlp_document dlp_document-1206 publish\"><td><a href=\"https:\/\/brandmanual.aflatoun.org\/fr\/document\/aflayouth-curricula-logo-pdf\/\">AflaYouth curricula logo PDF<\/a><\/td><td><p>Clear Space Requirements Maintain clear space around the logo equal to the height of the &hellip;<\/p>\n<\/td><td data-sort=\"1759838402\">octobre 7, 2025<\/td><td>2<\/td><td><div class=\"dlp-table-document-link-wrap\"><\/div><\/td><\/tr><tr id=\"post-row-1200\" class=\"post-row post-type-dlp_document dlp_document-1200 publish\"><td><a href=\"https:\/\/brandmanual.aflatoun.org\/fr\/document\/aflateen-logo-white-pdf-2\/\">AflaTeen curricula logo PDF (white)<\/a><\/td><td><p>Clear Space Requirements Maintain clear space around the logo equal to the height of the &hellip;<\/p>\n<\/td><td data-sort=\"1759837989\">octobre 7, 2025<\/td><td>2<\/td><td><div class=\"dlp-table-document-link-wrap\"><\/div><\/td><\/tr><tr id=\"post-row-1194\" class=\"post-row post-type-dlp_document dlp_document-1194 publish\"><td><a href=\"https:\/\/brandmanual.aflatoun.org\/fr\/document\/aflateen-logo-pdf-2\/\">AflaTeen curricula logo PDF<\/a><\/td><td><p>Clear Space Requirements Maintain clear space around the logo equal to the height of the &hellip;<\/p>\n<\/td><td data-sort=\"1759837979\">octobre 7, 2025<\/td><td><\/td><td><div class=\"dlp-table-document-link-wrap\"><\/div><\/td><\/tr><tr id=\"post-row-1188\" class=\"post-row post-type-dlp_document dlp_document-1188 publish\"><td><a href=\"https:\/\/brandmanual.aflatoun.org\/fr\/document\/aflatot-logo-white-pdf\/\">AflaTot curricula logo PDF (white)<\/a><\/td><td><p>Clear Space Requirements Maintain clear space around the logo equal to the height of the &hellip;<\/p>\n<\/td><td data-sort=\"1759837972\">octobre 7, 2025<\/td><td>1<\/td><td><div class=\"dlp-table-document-link-wrap\"><\/div><\/td><\/tr><tr id=\"post-row-1182\" class=\"post-row post-type-dlp_document dlp_document-1182 publish\"><td><a href=\"https:\/\/brandmanual.aflatoun.org\/fr\/document\/aflatot-logo-pdf\/\">AflaTot curricula logo PDF<\/a><\/td><td><p>Clear Space Requirements Maintain clear space around the logo equal to the height of the &hellip;<\/p>\n<\/td><td data-sort=\"1759837964\">octobre 7, 2025<\/td><td><\/td><td><div class=\"dlp-table-document-link-wrap\"><\/div><\/td><\/tr><tr id=\"post-row-1176\" class=\"post-row post-type-dlp_document dlp_document-1176 publish\"><td><a href=\"https:\/\/brandmanual.aflatoun.org\/fr\/document\/aflateen-logo-white-pdf\/\">AflaToun curricula logo PDF (white)<\/a><\/td><td><p>Clear Space Requirements Maintain clear space around the logo equal to the height of the &hellip;<\/p>\n<\/td><td data-sort=\"1759837956\">octobre 7, 2025<\/td><td><\/td><td><div class=\"dlp-table-document-link-wrap\"><\/div><\/td><\/tr><tr id=\"post-row-1170\" class=\"post-row post-type-dlp_document dlp_document-1170 publish\"><td><a href=\"https:\/\/brandmanual.aflatoun.org\/fr\/document\/aflateen-logo-pdf\/\">AflaToun curricula logo PDF<\/a><\/td><td><p>Clear Space Requirements Maintain clear space around the logo equal to the height of the &hellip;<\/p>\n<\/td><td data-sort=\"1759837949\">octobre 7, 2025<\/td><td><\/td><td><div class=\"dlp-table-document-link-wrap\"><\/div><\/td><\/tr><tr id=\"post-row-1164\" class=\"post-row post-type-dlp_document dlp_document-1164 publish\"><td><a href=\"https:\/\/brandmanual.aflatoun.org\/fr\/document\/aflatoun-logo-png\/\">Aflatoun International logo with tagline PNG<\/a><\/td><td><p>Clear Space Requirements Maintain clear space around the logo equal to the height of the &hellip;<\/p>\n<\/td><td data-sort=\"1759219606\">septembre 30, 2025<\/td><td>24<\/td><td><div class=\"dlp-table-document-link-wrap\"><a href=\"https:\/\/brandmanual.aflatoun.org\/wp-content\/uploads\/2025\/09\/Aflatoun-CMYK-Social-_-Financial-Education.png\" class=\"dlp-download-link dlp-download-button document-library-pro-button button btn\" data-download-id=\"1164\"  download=\"Aflatoun-CMYK-Social-_-Financial-Education.png\" type=\"image\/png\">Download<\/a><input type=\"checkbox\" name=\"zip-urls\" data-download-url=\"https:\/\/brandmanual.aflatoun.org\/wp-content\/uploads\/2025\/09\/Aflatoun-CMYK-Social-_-Financial-Education.png\" data-download-id=\"1164\" \/><\/div><\/td><\/tr><tr id=\"post-row-1157\" class=\"post-row post-type-dlp_document dlp_document-1157 publish\"><td><a href=\"https:\/\/brandmanual.aflatoun.org\/fr\/document\/aflatoun-logo-rgb\/\">Aflatoun International logo with tagline RGB<\/a><\/td><td><p>Clear Space Requirements Maintain clear space around the logo equal to the height of the &hellip;<\/p>\n<\/td><td data-sort=\"1759219659\">septembre 30, 2025<\/td><td>10<\/td><td><div class=\"dlp-table-document-link-wrap\"><a href=\"https:\/\/brandmanual.aflatoun.org\/wp-content\/uploads\/2025\/09\/Aflatoun-RGB-Social-Financial-Education.pdf\" class=\"dlp-download-link dlp-download-button document-library-pro-button button btn\" data-download-id=\"1157\"  download=\"Aflatoun-RGB-Social-Financial-Education.pdf\" type=\"application\/pdf\">Download<\/a><input type=\"checkbox\" name=\"zip-urls\" data-download-url=\"https:\/\/brandmanual.aflatoun.org\/wp-content\/uploads\/2025\/09\/Aflatoun-RGB-Social-Financial-Education.pdf\" data-download-id=\"1157\" \/><\/div><\/td><\/tr><tr id=\"post-row-1151\" class=\"post-row post-type-dlp_document dlp_document-1151 publish\"><td><a href=\"https:\/\/brandmanual.aflatoun.org\/fr\/document\/aflatoun-logo-cmyk\/\">Aflatoun International logo with tagline CMYK<\/a><\/td><td><p>Clear Space Requirements Maintain clear space around the logo equal to the height of the &hellip;<\/p>\n<\/td><td data-sort=\"1759219680\">septembre 30, 2025<\/td><td>10<\/td><td><div class=\"dlp-table-document-link-wrap\"><a href=\"https:\/\/brandmanual.aflatoun.org\/wp-content\/uploads\/2025\/09\/Aflatoun-CMYK-Social-_-Financial-Education-Network.png\" class=\"dlp-download-link dlp-download-button document-library-pro-button button btn\" data-download-id=\"1151\"  download=\"Aflatoun-CMYK-Social-_-Financial-Education-Network.png\" type=\"image\/png\">Download<\/a><input type=\"checkbox\" name=\"zip-urls\" data-download-url=\"https:\/\/brandmanual.aflatoun.org\/wp-content\/uploads\/2025\/09\/Aflatoun-CMYK-Social-_-Financial-Education-Network.png\" data-download-id=\"1151\" \/><\/div><\/td><\/tr><tr id=\"post-row-1098\" class=\"post-row post-type-dlp_document dlp_document-1098 publish\"><td><a href=\"https:\/\/brandmanual.aflatoun.org\/fr\/document\/aflayouth-logo\/\">AflaYouth curriculum logo PNG<\/a><\/td><td><p>Clear Space Requirements Maintain clear space around the logo equal to the height of the &hellip;<\/p>\n<\/td><td data-sort=\"1759837843\">octobre 7, 2025<\/td><td>1<\/td><td><div class=\"dlp-table-document-link-wrap\"><\/div><\/td><\/tr><tr id=\"post-row-1097\" class=\"post-row post-type-dlp_document dlp_document-1097 publish\"><td><a href=\"https:\/\/brandmanual.aflatoun.org\/fr\/document\/aflatoun-logo\/\">AflaToun curriculum logo PNG<\/a><\/td><td><p>Clear Space Requirements Maintain clear space around the logo equal to the height of the &hellip;<\/p>\n<\/td><td data-sort=\"1759837834\">octobre 7, 2025<\/td><td>1<\/td><td><div class=\"dlp-table-document-link-wrap\"><\/div><\/td><\/tr><tr id=\"post-row-1096\" class=\"post-row post-type-dlp_document dlp_document-1096 publish\"><td><a href=\"https:\/\/brandmanual.aflatoun.org\/fr\/document\/aflatot-logo\/\">AflaTot curriculum logo PNG<\/a><\/td><td><p>Clear Space Requirements Maintain clear space around the logo equal to the height of the &hellip;<\/p>\n<\/td><td data-sort=\"1759837828\">octobre 7, 2025<\/td><td>1<\/td><td><div class=\"dlp-table-document-link-wrap\"><\/div><\/td><\/tr><tr id=\"post-row-1095\" class=\"post-row post-type-dlp_document dlp_document-1095 publish\"><td><a href=\"https:\/\/brandmanual.aflatoun.org\/fr\/document\/aflateen-logo\/\">AflaTeen curriculum logo PNG<\/a><\/td><td><p>Clear Space Requirements Maintain clear space around the logo equal to the height of the &hellip;<\/p>\n<\/td><td data-sort=\"1759837797\">octobre 7, 2025<\/td><td><\/td><td><div class=\"dlp-table-document-link-wrap\"><\/div><\/td><\/tr><\/tbody><\/table><\/div>\n\t\t\t\t\t\t<\/div>\n\t\t\t\t<\/div>\n\t\t\t\t\t<\/div>\n\t\t\t\t<\/div>\n\t\t<div class=\"elementor-element elementor-element-3a54401 e-flex e-con-boxed e-con e-parent\" data-id=\"3a54401\" data-element_type=\"container\">\n\t\t\t\t\t<div class=\"e-con-inner\">\n\t\t\t\t<div class=\"elementor-element elementor-element-49033ee elementor-widget elementor-widget-spacer\" data-id=\"49033ee\" data-element_type=\"widget\" data-widget_type=\"spacer.default\">\n\t\t\t\t<div class=\"elementor-widget-container\">\n\t\t\t\t\t\t\t<div class=\"elementor-spacer\">\n\t\t\t<div class=\"elementor-spacer-inner\"><\/div>\n\t\t<\/div>\n\t\t\t\t\t\t<\/div>\n\t\t\t\t<\/div>\n\t\t\t\t\t<\/div>\n\t\t\t\t<\/div>\n\t\t<div class=\"elementor-element elementor-element-b5a3d4b e-flex e-con-boxed e-con e-parent\" data-id=\"b5a3d4b\" data-element_type=\"container\">\n\t\t\t\t\t<div class=\"e-con-inner\">\n\t\t\t\t\t<\/div>\n\t\t\t\t<\/div>\n\t\t\t\t<\/div>\n\t\t","protected":false},"excerpt":{"rendered":"<p>Directives sur le logo Le logo d\u2019Alfatoun International est la pierre angulaire de notre identit\u00e9 de marque, repr\u00e9sentant notre mission mondiale visant \u00e0 autonomiser les enfants et les jeunes gr\u00e2ce \u00e0 l\u2019\u00e9ducation sociale et financi\u00e8re. L\u2019utilisation coh\u00e9rente et appropri\u00e9e du logo sur tous les supports assure une reconnaissance imm\u00e9diate de la marque et maintient l\u2019int\u00e9grit\u00e9 [&hellip;]<\/p>\n","protected":false},"author":1,"featured_media":0,"parent":0,"menu_order":0,"comment_status":"closed","ping_status":"closed","template":"elementor_header_footer","meta":{"_acf_changed":false,"footnotes":""},"class_list":["post-1710","page","type-page","status-publish","hentry"],"acf":[],"_links":{"self":[{"href":"https:\/\/brandmanual.aflatoun.org\/fr\/wp-json\/wp\/v2\/pages\/1710","targetHints":{"allow":["GET"]}}],"collection":[{"href":"https:\/\/brandmanual.aflatoun.org\/fr\/wp-json\/wp\/v2\/pages"}],"about":[{"href":"https:\/\/brandmanual.aflatoun.org\/fr\/wp-json\/wp\/v2\/types\/page"}],"author":[{"embeddable":true,"href":"https:\/\/brandmanual.aflatoun.org\/fr\/wp-json\/wp\/v2\/users\/1"}],"replies":[{"embeddable":true,"href":"https:\/\/brandmanual.aflatoun.org\/fr\/wp-json\/wp\/v2\/comments?post=1710"}],"version-history":[{"count":1,"href":"https:\/\/brandmanual.aflatoun.org\/fr\/wp-json\/wp\/v2\/pages\/1710\/revisions"}],"predecessor-version":[{"id":1835,"href":"https:\/\/brandmanual.aflatoun.org\/fr\/wp-json\/wp\/v2\/pages\/1710\/revisions\/1835"}],"wp:attachment":[{"href":"https:\/\/brandmanual.aflatoun.org\/fr\/wp-json\/wp\/v2\/media?parent=1710"}],"curies":[{"name":"wp","href":"https:\/\/api.w.org\/{rel}","templated":true}]}}