{"id":1679,"date":"2025-08-19T12:16:52","date_gmt":"2025-08-19T12:16:52","guid":{"rendered":"https:\/\/brandmanual.aflatoun.org\/nos-images-et-graphismes\/"},"modified":"2025-10-02T18:07:43","modified_gmt":"2025-10-02T18:07:43","slug":"nos-images-et-graphismes","status":"publish","type":"page","link":"https:\/\/brandmanual.aflatoun.org\/fr\/nos-images-et-graphismes\/","title":{"rendered":"Nos images et graphismes"},"content":{"rendered":"\t\t<div data-elementor-type=\"wp-page\" data-elementor-id=\"1679\" class=\"elementor elementor-1679 elementor-402\" data-elementor-post-type=\"page\">\n\t\t\t\t<div class=\"elementor-element elementor-element-66010b6 e-flex e-con-boxed e-con e-parent\" data-id=\"66010b6\" data-element_type=\"container\">\n\t\t\t\t\t<div class=\"e-con-inner\">\n\t\t\t\t<div class=\"elementor-element elementor-element-9144fb1 elementor-widget elementor-widget-image\" data-id=\"9144fb1\" data-element_type=\"widget\" data-widget_type=\"image.default\">\n\t\t\t\t<div class=\"elementor-widget-container\">\n\t\t\t\t\t\t\t\t\t\t\t\t\t\t\t<img fetchpriority=\"high\" decoding=\"async\" width=\"800\" height=\"329\" src=\"https:\/\/brandmanual.aflatoun.org\/wp-content\/uploads\/2025\/08\/Imagery1.png\" class=\"attachment-large size-large wp-image-716\" alt=\"\" srcset=\"https:\/\/brandmanual.aflatoun.org\/wp-content\/uploads\/2025\/08\/Imagery1.png 930w, https:\/\/brandmanual.aflatoun.org\/wp-content\/uploads\/2025\/08\/Imagery1-300x124.png 300w, https:\/\/brandmanual.aflatoun.org\/wp-content\/uploads\/2025\/08\/Imagery1-768x316.png 768w\" sizes=\"(max-width: 800px) 100vw, 800px\" \/>\t\t\t\t\t\t\t\t\t\t\t\t\t\t\t<\/div>\n\t\t\t\t<\/div>\n\t\t\t\t\t<\/div>\n\t\t\t\t<\/div>\n\t\t<div class=\"elementor-element elementor-element-9cad4fd e-flex e-con-boxed e-con e-parent\" data-id=\"9cad4fd\" data-element_type=\"container\">\n\t\t\t\t\t<div class=\"e-con-inner\">\n\t\t\t\t<div class=\"elementor-element elementor-element-beabe4b elementor-widget elementor-widget-spacer\" data-id=\"beabe4b\" data-element_type=\"widget\" data-widget_type=\"spacer.default\">\n\t\t\t\t<div class=\"elementor-widget-container\">\n\t\t\t\t\t\t\t<div class=\"elementor-spacer\">\n\t\t\t<div class=\"elementor-spacer-inner\"><\/div>\n\t\t<\/div>\n\t\t\t\t\t\t<\/div>\n\t\t\t\t<\/div>\n\t\t\t\t\t<\/div>\n\t\t\t\t<\/div>\n\t\t<div class=\"elementor-element elementor-element-08f1b2a e-flex e-con-boxed e-con e-parent\" data-id=\"08f1b2a\" data-element_type=\"container\">\n\t\t\t\t\t<div class=\"e-con-inner\">\n\t\t\t\t<div class=\"elementor-element elementor-element-2ace9e5 elementor-widget elementor-widget-text-editor\" data-id=\"2ace9e5\" data-element_type=\"widget\" data-widget_type=\"text-editor.default\">\n\t\t\t\t<div class=\"elementor-widget-container\">\n\t\t\t\t\t\t\t\t\t<h1 class=\"text-2xl font-bold mt-1 text-text-100\">Nos images et graphismes<\/h1><p class=\"whitespace-normal break-words\">Notre r\u00e9cit visuel refl\u00e8te la mission d\u2019Alfatoun International de responsabiliser les enfants et les jeunes dans le monde entier gr\u00e2ce \u00e0 des images authentiques, diversifi\u00e9es et porteuses de sens. Notre strat\u00e9gie d\u2019imagerie \u00e9quilibre professionnalisme et chaleur, garantissant que chaque \u00e9l\u00e9ment visuel renforce notre engagement envers l\u2019\u00e9ducation sociale et financi\u00e8re tout en c\u00e9l\u00e9brant la riche diversit\u00e9 de notre communaut\u00e9 mondiale. <\/p><h2 class=\"text-xl font-bold text-text-100 mt-1 -mb-0.5\">Directives de photographie<\/h2><p class=\"whitespace-normal break-words\">Moments d\u2019apprentissage authentiques<br>Capturez des interactions authentiques dans des contextes \u00e9ducatifs \u2013 enfants engag\u00e9s dans des activit\u00e9s de groupe, exp\u00e9riences pratiques et r\u00e9solution collaborative de probl\u00e8mes. Mettez l\u2019accent sur des expressions naturelles de curiosit\u00e9, de d\u00e9couverte et d\u2019accomplissement plut\u00f4t que sur des sc\u00e9narios pos\u00e9s ou trop mis en sc\u00e8ne. <\/p><p class=\"whitespace-normal break-words\">Diversit\u00e9 mondiale<br>Repr\u00e9sentez l\u2019ampleur de notre port\u00e9e internationale gr\u00e2ce \u00e0 des images montrant des enfants et des jeunes issus de divers horizons culturels, r\u00e9gions g\u00e9ographiques et contextes socio-\u00e9conomiques. Assurez une repr\u00e9sentation inclusive \u00e0 travers les groupes d\u2019\u00e2ge, capacit\u00e9s et ethnies. <\/p><p class=\"whitespace-normal break-words\"><strong>Autonomisation en action<\/strong><br>S\u00e9lectionnez des images qui d\u00e9montrent confiance, leadership et participation active. Montrez des enfants prenant des initiatives, pr\u00e9sentant des id\u00e9es, travaillant avec des concepts financiers ou participant \u00e0 des initiatives sociales b\u00e9n\u00e9fiques pour leurs communaut\u00e9s. <\/p><h2 class=\"text-xl font-bold text-text-100 mt-1 -mb-0.5\">\u00c9l\u00e9ments graphiques<\/h2><p class=\"whitespace-normal break-words\">Infographies et visualisation de donn\u00e9es<br>Utilisez des infographies claires et accessibles qui simplifient des concepts financiers et sociaux complexes. Employez nos couleurs de marque de mani\u00e8re strat\u00e9gique pour cr\u00e9er une hi\u00e9rarchie visuelle et maintenir la coh\u00e9rence avec notre esth\u00e9tique professionnelle. <\/p><p class=\"whitespace-normal break-words\">Cartes et \u00e9l\u00e9ments g\u00e9ographiques<br>Int\u00e9grez des cartes du monde et des visualisations g\u00e9ographiques pour mettre en valeur notre pr\u00e9sence mondiale et notre impact dans plus de 116 pays. Utilisez notre palette de couleurs pour distinguer les r\u00e9gions et cr\u00e9er des connexions visuelles. <\/p><p class=\"whitespace-normal break-words\"><strong>Illustrations \u00e9ducatives<\/strong><br>Lorsque la photographie n\u2019est pas disponible, utilisez des illustrations simples et modernes qui maintiennent notre ton professionnel tout en restant accessibles et culturellement neutres.<\/p><h2 class=\"text-xl font-bold text-text-100 mt-1 -mb-0.5\">Conseils de s\u00e9lection<\/h2><p class=\"whitespace-normal break-words\"><strong>Normes de qualit\u00e9<\/strong><\/p><ul class=\"[&amp;:not(:last-child)_ul]:pb-1 [&amp;:not(:last-child)_ol]:pb-1 list-disc space-y-1.5 pl-7\"><li class=\"whitespace-normal break-words\">Haute r\u00e9solution (minimum 300 DPI pour l\u2019impression, 72 DPI pour le web)<\/li><li class=\"whitespace-normal break-words\">Mise au point nette avec un bon \u00e9clairage<\/li><li class=\"whitespace-normal break-words\">Temp\u00e9rature de couleur coh\u00e9rente qui compl\u00e8te notre palette de marque<\/li><\/ul><p class=\"whitespace-normal break-words\"><strong><br>Directives de composition<\/strong><\/p><ul class=\"[&amp;:not(:last-child)_ul]:pb-1 [&amp;:not(:last-child)_ol]:pb-1 list-disc space-y-1.5 pl-7\"><li class=\"whitespace-normal break-words\">Inclure des espaces n\u00e9gatifs pour la superposition de texte si n\u00e9cessaire<\/li><li class=\"whitespace-normal break-words\">Maintenir un \u00e9quilibre visuel et des points focaux clairs<\/li><li class=\"whitespace-normal break-words\">Veillez \u00e0 ce que les images fonctionnent efficacement dans diff\u00e9rents formats et tailles<\/li><\/ul><p class=\"whitespace-normal break-words\"><strong><br>Sensibilit\u00e9 culturelle<\/strong><\/p><ul class=\"[&amp;:not(:last-child)_ul]:pb-1 [&amp;:not(:last-child)_ol]:pb-1 list-disc space-y-1.5 pl-7\"><li class=\"whitespace-normal break-words\">Respectez les coutumes et traditions locales dans toutes les images<\/li><li class=\"whitespace-normal break-words\">Obtenez les autorisations et consentements n\u00e9cessaires<\/li><li class=\"whitespace-normal break-words\">\u00c9vitez les st\u00e9r\u00e9otypes ou repr\u00e9sentations trop simplifi\u00e9es<\/li><\/ul><p class=\"whitespace-normal break-words\"><strong><br>\u00c0 \u00e9viter :<\/strong><\/p><ul class=\"[&amp;:not(:last-child)_ul]:pb-1 [&amp;:not(:last-child)_ol]:pb-1 list-disc space-y-1.5 pl-7\"><li class=\"whitespace-normal break-words\">Photographies de stock trop g\u00e9n\u00e9riques ou trop pos\u00e9es<\/li><li class=\"whitespace-normal break-words\">Images qui ne refl\u00e8tent pas notre mission \u00e9ducative<\/li><li class=\"whitespace-normal break-words\">Visuels qui entrent en concurrence avec ou d\u00e9tournent l\u2019attention de nos couleurs de marque<\/li><li class=\"whitespace-normal break-words\">Graphiques de mauvaise qualit\u00e9 ou pixelis\u00e9s<\/li><\/ul><p class=\"whitespace-normal break-words\">Rappelez-vous : chaque image doit raconter une histoire qui s\u2019aligne avec notre mission de responsabiliser les enfants et les jeunes afin de cr\u00e9er un changement positif dans leurs communaut\u00e9s et dans le monde.<\/p>\t\t\t\t\t\t\t\t<\/div>\n\t\t\t\t<\/div>\n\t\t\t\t\t<\/div>\n\t\t\t\t<\/div>\n\t\t<div class=\"elementor-element elementor-element-9b12725 e-flex e-con-boxed e-con e-parent\" data-id=\"9b12725\" data-element_type=\"container\">\n\t\t\t\t\t<div class=\"e-con-inner\">\n\t\t\t\t<div class=\"elementor-element elementor-element-5bfc107 elementor-widget elementor-widget-gallery\" data-id=\"5bfc107\" data-element_type=\"widget\" data-settings=\"{&quot;lazyload&quot;:&quot;yes&quot;,&quot;gallery_layout&quot;:&quot;grid&quot;,&quot;columns&quot;:4,&quot;columns_tablet&quot;:2,&quot;columns_mobile&quot;:1,&quot;gap&quot;:{&quot;unit&quot;:&quot;px&quot;,&quot;size&quot;:10,&quot;sizes&quot;:[]},&quot;gap_tablet&quot;:{&quot;unit&quot;:&quot;px&quot;,&quot;size&quot;:10,&quot;sizes&quot;:[]},&quot;gap_mobile&quot;:{&quot;unit&quot;:&quot;px&quot;,&quot;size&quot;:10,&quot;sizes&quot;:[]},&quot;link_to&quot;:&quot;file&quot;,&quot;aspect_ratio&quot;:&quot;3:2&quot;,&quot;overlay_background&quot;:&quot;yes&quot;,&quot;content_hover_animation&quot;:&quot;fade-in&quot;}\" data-widget_type=\"gallery.default\">\n\t\t\t\t<div class=\"elementor-widget-container\">\n\t\t\t\t\t\t\t<div class=\"elementor-gallery__container\">\n\t\t\t\t\t\t\t<a class=\"e-gallery-item elementor-gallery-item elementor-animated-content\" href=\"https:\/\/brandmanual.aflatoun.org\/wp-content\/uploads\/2025\/08\/Evidence_Brief_AflaTot.jpg\" data-elementor-open-lightbox=\"yes\" data-elementor-lightbox-slideshow=\"5bfc107\" data-elementor-lightbox-title=\"Evidence_Brief_AflaTot\" data-e-action-hash=\"#elementor-action%3Aaction%3Dlightbox%26settings%3DeyJpZCI6Mzc0LCJ1cmwiOiJodHRwczpcL1wvYnJhbmRtYW51YWwuYWZsYXRvdW4ub3JnXC93cC1jb250ZW50XC91cGxvYWRzXC8yMDI1XC8wOFwvRXZpZGVuY2VfQnJpZWZfQWZsYVRvdC5qcGciLCJzbGlkZXNob3ciOiI1YmZjMTA3In0%3D\">\n\t\t\t\t\t<div class=\"e-gallery-image elementor-gallery-item__image\" data-thumbnail=\"https:\/\/brandmanual.aflatoun.org\/wp-content\/uploads\/2025\/08\/Evidence_Brief_AflaTot-212x300.jpg\" data-width=\"212\" data-height=\"300\" aria-label=\"\" role=\"img\" ><\/div>\n\t\t\t\t\t\t\t\t\t\t\t<div class=\"elementor-gallery-item__overlay\"><\/div>\n\t\t\t\t\t\t\t\t\t\t\t\t\t\t<\/a>\n\t\t\t\t\t\t\t<a class=\"e-gallery-item elementor-gallery-item elementor-animated-content\" href=\"https:\/\/brandmanual.aflatoun.org\/wp-content\/uploads\/2025\/08\/AflaYouth-Brochure.jpg\" data-elementor-open-lightbox=\"yes\" data-elementor-lightbox-slideshow=\"5bfc107\" data-elementor-lightbox-title=\"AflaYouth Brochure\" data-e-action-hash=\"#elementor-action%3Aaction%3Dlightbox%26settings%3DeyJpZCI6MzY5LCJ1cmwiOiJodHRwczpcL1wvYnJhbmRtYW51YWwuYWZsYXRvdW4ub3JnXC93cC1jb250ZW50XC91cGxvYWRzXC8yMDI1XC8wOFwvQWZsYVlvdXRoLUJyb2NodXJlLmpwZyIsInNsaWRlc2hvdyI6IjViZmMxMDcifQ%3D%3D\">\n\t\t\t\t\t<div class=\"e-gallery-image elementor-gallery-item__image\" data-thumbnail=\"https:\/\/brandmanual.aflatoun.org\/wp-content\/uploads\/2025\/08\/AflaYouth-Brochure-212x300.jpg\" data-width=\"212\" data-height=\"300\" aria-label=\"\" role=\"img\" ><\/div>\n\t\t\t\t\t\t\t\t\t\t\t<div class=\"elementor-gallery-item__overlay\"><\/div>\n\t\t\t\t\t\t\t\t\t\t\t\t\t\t<\/a>\n\t\t\t\t\t\t\t<a class=\"e-gallery-item elementor-gallery-item elementor-animated-content\" href=\"https:\/\/brandmanual.aflatoun.org\/wp-content\/uploads\/2025\/08\/1.png\" data-elementor-open-lightbox=\"yes\" data-elementor-lightbox-slideshow=\"5bfc107\" data-elementor-lightbox-title=\"1\" data-e-action-hash=\"#elementor-action%3Aaction%3Dlightbox%26settings%3DeyJpZCI6MzcyLCJ1cmwiOiJodHRwczpcL1wvYnJhbmRtYW51YWwuYWZsYXRvdW4ub3JnXC93cC1jb250ZW50XC91cGxvYWRzXC8yMDI1XC8wOFwvMS5wbmciLCJzbGlkZXNob3ciOiI1YmZjMTA3In0%3D\">\n\t\t\t\t\t<div class=\"e-gallery-image elementor-gallery-item__image\" data-thumbnail=\"https:\/\/brandmanual.aflatoun.org\/wp-content\/uploads\/2025\/08\/1-300x300.png\" data-width=\"300\" data-height=\"300\" aria-label=\"\" role=\"img\" ><\/div>\n\t\t\t\t\t\t\t\t\t\t\t<div class=\"elementor-gallery-item__overlay\"><\/div>\n\t\t\t\t\t\t\t\t\t\t\t\t\t\t<\/a>\n\t\t\t\t\t\t\t<a class=\"e-gallery-item elementor-gallery-item elementor-animated-content\" href=\"https:\/\/brandmanual.aflatoun.org\/wp-content\/uploads\/2025\/08\/Join-Our-Mission.png\" data-elementor-open-lightbox=\"yes\" data-elementor-lightbox-slideshow=\"5bfc107\" data-elementor-lightbox-title=\"Join Our Mission\" data-e-action-hash=\"#elementor-action%3Aaction%3Dlightbox%26settings%3DeyJpZCI6Mzc2LCJ1cmwiOiJodHRwczpcL1wvYnJhbmRtYW51YWwuYWZsYXRvdW4ub3JnXC93cC1jb250ZW50XC91cGxvYWRzXC8yMDI1XC8wOFwvSm9pbi1PdXItTWlzc2lvbi5wbmciLCJzbGlkZXNob3ciOiI1YmZjMTA3In0%3D\">\n\t\t\t\t\t<div class=\"e-gallery-image elementor-gallery-item__image\" data-thumbnail=\"https:\/\/brandmanual.aflatoun.org\/wp-content\/uploads\/2025\/08\/Join-Our-Mission-300x298.png\" data-width=\"300\" data-height=\"298\" aria-label=\"\" role=\"img\" ><\/div>\n\t\t\t\t\t\t\t\t\t\t\t<div class=\"elementor-gallery-item__overlay\"><\/div>\n\t\t\t\t\t\t\t\t\t\t\t\t\t\t<\/a>\n\t\t\t\t\t<\/div>\n\t\t\t\t\t<\/div>\n\t\t\t\t<\/div>\n\t\t\t\t\t<\/div>\n\t\t\t\t<\/div>\n\t\t<div class=\"elementor-element elementor-element-9df3fb5 e-flex e-con-boxed e-con e-parent\" data-id=\"9df3fb5\" data-element_type=\"container\">\n\t\t\t\t\t<div class=\"e-con-inner\">\n\t\t\t\t<div class=\"elementor-element elementor-element-daa9535 elementor-widget elementor-widget-shortcode\" data-id=\"daa9535\" data-element_type=\"widget\" data-widget_type=\"shortcode.default\">\n\t\t\t\t<div class=\"elementor-widget-container\">\n\t\t\t\t\t\t\t<div class=\"elementor-shortcode\"><table id=\"dlp_3a898a65826e4478_1\" class=\"posts-data-table\" width=\"100%\" data-config=\"{&quot;pageLength&quot;:25,&quot;pagingType&quot;:&quot;numbers&quot;,&quot;serverSide&quot;:false,&quot;autoWidth&quot;:true,&quot;clickFilter&quot;:&quot;1&quot;,&quot;scrollOffset&quot;:15,&quot;resetButton&quot;:false,&quot;lengthMenu&quot;:[[10,25,50,100,-1],[10,25,50,100,&quot;All&quot;]],&quot;columnDefs&quot;:[{&quot;className&quot;:&quot;col-title&quot;,&quot;targets&quot;:0},{&quot;className&quot;:&quot;col-excerpt&quot;,&quot;targets&quot;:1},{&quot;className&quot;:&quot;col-date_modified&quot;,&quot;targets&quot;:2},{&quot;className&quot;:&quot;col-download_count&quot;,&quot;targets&quot;:3},{&quot;className&quot;:&quot;col-link&quot;,&quot;targets&quot;:4}],&quot;responsive&quot;:{&quot;details&quot;:{&quot;display&quot;:&quot;child_row&quot;}},&quot;language&quot;:{&quot;info&quot;:&quot;_TOTAL_ documents&quot;,&quot;infoEmpty&quot;:&quot;0 documents&quot;,&quot;emptyTable&quot;:&quot;Aucun documents correspondant.&quot;,&quot;zeroRecords&quot;:&quot;Aucun documents correspondant.&quot;,&quot;totalsSingle&quot;:&quot;document&quot;,&quot;totalsPlural&quot;:&quot;documents&quot;},&quot;dom&quot;:&quot;&lt;\\&quot;posts-table-wrapper hello-elementor\\&quot;&lt;\\&quot;posts-table-above posts-table-controls\\&quot;f&gt;t&lt;\\&quot;posts-table-below posts-table-controls\\&quot;lip&gt;&gt;&quot;,&quot;multiDownloadButton&quot;:true,&quot;multiDownloadPosition&quot;:&quot;above&quot;,&quot;multiDownloadText&quot;:&quot;Download Selected Documents&quot;}\" data-filters=\"false\" data-order=\"[]\"><thead><tr><th class=\"all\" data-name=\"title\" data-orderable=\"true\" data-searchable=\"true\" data-priority=\"1\">Titre<\/th><th data-name=\"excerpt\" data-orderable=\"true\" data-searchable=\"true\" data-priority=\"4\">R\u00e9sum\u00e9<\/th><th data-name=\"date_modified\" data-orderable=\"true\" data-searchable=\"true\" data-priority=\"5\">Derni\u00e8re modification<\/th><th data-name=\"download_count\" data-orderable=\"true\" data-searchable=\"true\" data-priority=\"13\">T\u00e9l\u00e9chargements<\/th><th data-name=\"link\" data-orderable=\"false\" data-searchable=\"false\" data-priority=\"10\">Lien<\/th><\/tr><\/thead><tbody><tr id=\"post-row-1698\" class=\"post-row post-type-dlp_document dlp_document-1698 publish\"><td><a href=\"https:\/\/brandmanual.aflatoun.org\/fr\/document\/guide-dimages-et-de-photos-aflatoun\/\">Guide d&rsquo;images et de photos Aflatoun<\/a><\/td><td><p>Le contenu visuel est essentiel pour communiquer la mission et l&rsquo;impact d&rsquo;Aflatoun. Nos images doivent &hellip;<\/p>\n<\/td><td data-sort=\"1759479296\">octobre 3, 2025<\/td><td>3<\/td><td><div class=\"dlp-table-document-link-wrap\"><a href=\"https:\/\/brandmanual.aflatoun.org\/wp-content\/uploads\/2025\/10\/Guide-dimages-et-de-photos-Aflatoun.pdf\" class=\"dlp-download-link dlp-download-button document-library-pro-button button btn\" data-download-id=\"1698\"  download=\"Guide-dimages-et-de-photos-Aflatoun.pdf\" type=\"application\/pdf\">Download<\/a><input type=\"checkbox\" name=\"zip-urls\" data-download-url=\"https:\/\/brandmanual.aflatoun.org\/wp-content\/uploads\/2025\/10\/Guide-dimages-et-de-photos-Aflatoun.pdf\" data-download-id=\"1698\" \/><\/div><\/td><\/tr><tr id=\"post-row-1699\" class=\"post-row post-type-dlp_document dlp_document-1699 publish\"><td><a href=\"https:\/\/brandmanual.aflatoun.org\/fr\/document\/aflatoun-imagery-and-photo-guide-in-arabic\/\">Aflatoun Imagery and Photo Guide in Arabic<\/a><\/td><td><p>\u0627\u0644\u0645\u062d\u062a\u0648\u0649 \u0627\u0644\u0645\u0631\u0626\u064a \u0636\u0631\u0648\u0631\u064a \u0644\u062a\u0648\u0635\u064a\u0644 \u0631\u0633\u0627\u0644\u0629 \u0623\u0641\u0644\u0627\u062a\u0648\u0646 \u0648\u062a\u0623\u062b\u064a\u0631\u0647\u0627. \u064a\u062c\u0628 \u0623\u0646 \u062a\u0639\u0643\u0633 \u0635\u0648\u0631\u0646\u0627 \u0627\u0644\u062a\u0645\u0643\u064a\u0646 \u0648\u0627\u0644\u062a\u0646\u0648\u0639 \u0648\u0627\u0644\u062a\u062d\u0648\u0644 \u0627\u0644\u0630\u064a &hellip;<\/p>\n<\/td><td data-sort=\"1759478066\">octobre 3, 2025<\/td><td><\/td><td><div class=\"dlp-table-document-link-wrap\"><a href=\"https:\/\/brandmanual.aflatoun.org\/wp-content\/uploads\/2025\/10\/Aflatoun-Imagery-and-Photo-Guide-in-Arabic.pdf\" class=\"dlp-download-link dlp-download-button document-library-pro-button button btn\" data-download-id=\"1699\"  download=\"Aflatoun-Imagery-and-Photo-Guide-in-Arabic.pdf\" type=\"application\/pdf\">Download<\/a><input type=\"checkbox\" name=\"zip-urls\" data-download-url=\"https:\/\/brandmanual.aflatoun.org\/wp-content\/uploads\/2025\/10\/Aflatoun-Imagery-and-Photo-Guide-in-Arabic.pdf\" data-download-id=\"1699\" \/><\/div><\/td><\/tr><tr id=\"post-row-1691\" class=\"post-row post-type-dlp_document dlp_document-1691 publish\"><td><a href=\"https:\/\/brandmanual.aflatoun.org\/fr\/document\/%d0%b8%d0%b7%d0%be%d0%b1%d1%80%d0%b0%d0%b6%d0%b5%d0%bd%d0%b8%d1%8f-%d0%b8-%d1%84%d0%be%d1%82%d0%be%d0%b3%d0%b0%d0%bb%d0%b5%d1%80%d0%b5%d1%8f-aflatoun\/\">\u0418\u0437\u043e\u0431\u0440\u0430\u0436\u0435\u043d\u0438\u044f \u0438 \u0444\u043e\u0442\u043e\u0433\u0430\u043b\u0435\u0440\u0435\u044f Aflatoun<\/a><\/td><td><p>\u0412\u0438\u0437\u0443\u0430\u043b\u044c\u043d\u044b\u0439 \u043a\u043e\u043d\u0442\u0435\u043d\u0442 \u0438\u043c\u0435\u0435\u0442 \u0432\u0430\u0436\u043d\u043e\u0435 \u0437\u043d\u0430\u0447\u0435\u043d\u0438\u0435 \u0434\u043b\u044f \u043f\u0435\u0440\u0435\u0434\u0430\u0447\u0438 \u043c\u0438\u0441\u0441\u0438\u0438 \u0438 \u0432\u043b\u0438\u044f\u043d\u0438\u044f Aflatoun. \u041d\u0430\u0448\u0438 \u0438\u0437\u043e\u0431\u0440\u0430\u0436\u0435\u043d\u0438\u044f \u0434\u043e\u043b\u0436\u043d\u044b \u043e\u0442\u0440\u0430\u0436\u0430\u0442\u044c &hellip;<\/p>\n<\/td><td data-sort=\"1759405972\">octobre 2, 2025<\/td><td><\/td><td><div class=\"dlp-table-document-link-wrap\"><a href=\"https:\/\/brandmanual.aflatoun.org\/wp-content\/uploads\/2025\/10\/Aflatoun-\u0418\u0437\u043e\u0431\u0440\u0430\u0436\u0435\u043d\u0438\u044f-\u0438-\u0433\u0440\u0430\u0444\u0438\u043a\u0430.pdf\" class=\"dlp-download-link dlp-download-button document-library-pro-button button btn\" data-download-id=\"1691\"  download=\"Aflatoun-\u0418\u0437\u043e\u0431\u0440\u0430\u0436\u0435\u043d\u0438\u044f-\u0438-\u0433\u0440\u0430\u0444\u0438\u043a\u0430.pdf\" type=\"application\/pdf\">Download<\/a><input type=\"checkbox\" name=\"zip-urls\" data-download-url=\"https:\/\/brandmanual.aflatoun.org\/wp-content\/uploads\/2025\/10\/Aflatoun-\u0418\u0437\u043e\u0431\u0440\u0430\u0436\u0435\u043d\u0438\u044f-\u0438-\u0433\u0440\u0430\u0444\u0438\u043a\u0430.pdf\" data-download-id=\"1691\" \/><\/div><\/td><\/tr><tr id=\"post-row-1684\" class=\"post-row post-type-dlp_document dlp_document-1684 publish\"><td><a href=\"https:\/\/brandmanual.aflatoun.org\/fr\/document\/guia-de-imagenes-y-fotografias-de-aflatoun\/\">Gu\u00eda de im\u00e1genes y fotograf\u00edas de Aflatoun<\/a><\/td><td><p>El contenido visual es esencial para comunicar la misi\u00f3n y el impacto de Aflatoun. Nuestras &hellip;<\/p>\n<\/td><td data-sort=\"1759405138\">octobre 2, 2025<\/td><td>9<\/td><td><div class=\"dlp-table-document-link-wrap\"><a href=\"https:\/\/brandmanual.aflatoun.org\/wp-content\/uploads\/2025\/10\/Guia-de-imagenes-y-fotografias-de-Aflatoun.pdf\" class=\"dlp-download-link dlp-download-button document-library-pro-button button btn\" data-download-id=\"1684\"  download=\"Guia-de-imagenes-y-fotografias-de-Aflatoun.pdf\" type=\"application\/pdf\">Download<\/a><input type=\"checkbox\" name=\"zip-urls\" data-download-url=\"https:\/\/brandmanual.aflatoun.org\/wp-content\/uploads\/2025\/10\/Guia-de-imagenes-y-fotografias-de-Aflatoun.pdf\" data-download-id=\"1684\" \/><\/div><\/td><\/tr><tr id=\"post-row-1496\" class=\"post-row post-type-dlp_document dlp_document-1496 publish\"><td><a href=\"https:\/\/brandmanual.aflatoun.org\/fr\/document\/aflatoun-imagery-and-photo-guide\/\">Aflatoun Imagery and Photo Guide ENG<\/a><\/td><td><p>Visual content is essential to communicating\u00a0Aflatoun&rsquo;s\u00a0mission and impact. Our imagery should reflect the empowerment, diversity, &hellip;<\/p>\n<\/td><td data-sort=\"1759404961\">octobre 2, 2025<\/td><td>16<\/td><td><div class=\"dlp-table-document-link-wrap\"><a href=\"https:\/\/brandmanual.aflatoun.org\/wp-content\/uploads\/2025\/09\/Aflatoun-Imagery-and-Photo-Guide.pdf\" class=\"dlp-download-link dlp-download-button document-library-pro-button button btn\" data-download-id=\"1496\"  download=\"Aflatoun-Imagery-and-Photo-Guide.pdf\" type=\"application\/pdf\">Download<\/a><input type=\"checkbox\" name=\"zip-urls\" data-download-url=\"https:\/\/brandmanual.aflatoun.org\/wp-content\/uploads\/2025\/09\/Aflatoun-Imagery-and-Photo-Guide.pdf\" data-download-id=\"1496\" \/><\/div><\/td><\/tr><tr id=\"post-row-1283\" class=\"post-row post-type-dlp_document dlp_document-1283 publish\"><td><a href=\"https:\/\/brandmanual.aflatoun.org\/fr\/document\/post-social-media-usage-examples\/\">Social Media Posts &#8211; Photo Usage Examples<\/a><\/td><td><p>Our visual storytelling reflects Aflatoun International\u2019s mission to empower children and youth globally through authentic, &hellip;<\/p>\n<\/td><td data-sort=\"1759223884\">septembre 30, 2025<\/td><td>13<\/td><td><div class=\"dlp-table-document-link-wrap\"><a href=\"https:\/\/aflatoun.org\/social-media-gallery-for-brand-manual\/\" class=\"dlp-download-link dlp-download-button document-library-pro-button button btn\" data-download-id=\"1283\" >Download<\/a><\/div><\/td><\/tr><tr id=\"post-row-1272\" class=\"post-row post-type-dlp_document dlp_document-1272 publish\"><td><a href=\"https:\/\/brandmanual.aflatoun.org\/fr\/document\/photo-and-video-consent-form\/\">Photo and Video Consent Form<\/a><\/td><td><p>Rights and Permissions REQUIRED FOR ALL IMAGERY: Written photo consent forms from children&rsquo;s parents\/guardians Consent &hellip;<\/p>\n<\/td><td data-sort=\"1759839148\">octobre 7, 2025<\/td><td>3<\/td><td><div class=\"dlp-table-document-link-wrap\"><\/div><\/td><\/tr><\/tbody><\/table><\/div>\n\t\t\t\t\t\t<\/div>\n\t\t\t\t<\/div>\n\t\t\t\t\t<\/div>\n\t\t\t\t<\/div>\n\t\t\t\t<\/div>\n\t\t","protected":false},"excerpt":{"rendered":"<p>Nos images et graphismes Notre r\u00e9cit visuel refl\u00e8te la mission d\u2019Alfatoun International de responsabiliser les enfants et les jeunes dans le monde entier gr\u00e2ce \u00e0 des images authentiques, diversifi\u00e9es et porteuses de sens. Notre strat\u00e9gie d\u2019imagerie \u00e9quilibre professionnalisme et chaleur, garantissant que chaque \u00e9l\u00e9ment visuel renforce notre engagement envers l\u2019\u00e9ducation sociale et financi\u00e8re tout en [&hellip;]<\/p>\n","protected":false},"author":2,"featured_media":0,"parent":0,"menu_order":0,"comment_status":"closed","ping_status":"closed","template":"","meta":{"_acf_changed":false,"footnotes":""},"class_list":["post-1679","page","type-page","status-publish","hentry"],"acf":[],"_links":{"self":[{"href":"https:\/\/brandmanual.aflatoun.org\/fr\/wp-json\/wp\/v2\/pages\/1679","targetHints":{"allow":["GET"]}}],"collection":[{"href":"https:\/\/brandmanual.aflatoun.org\/fr\/wp-json\/wp\/v2\/pages"}],"about":[{"href":"https:\/\/brandmanual.aflatoun.org\/fr\/wp-json\/wp\/v2\/types\/page"}],"author":[{"embeddable":true,"href":"https:\/\/brandmanual.aflatoun.org\/fr\/wp-json\/wp\/v2\/users\/2"}],"replies":[{"embeddable":true,"href":"https:\/\/brandmanual.aflatoun.org\/fr\/wp-json\/wp\/v2\/comments?post=1679"}],"version-history":[{"count":2,"href":"https:\/\/brandmanual.aflatoun.org\/fr\/wp-json\/wp\/v2\/pages\/1679\/revisions"}],"predecessor-version":[{"id":1826,"href":"https:\/\/brandmanual.aflatoun.org\/fr\/wp-json\/wp\/v2\/pages\/1679\/revisions\/1826"}],"wp:attachment":[{"href":"https:\/\/brandmanual.aflatoun.org\/fr\/wp-json\/wp\/v2\/media?parent=1679"}],"curies":[{"name":"wp","href":"https:\/\/api.w.org\/{rel}","templated":true}]}}