{"id":1668,"date":"2025-08-19T12:17:48","date_gmt":"2025-08-19T12:17:48","guid":{"rendered":"https:\/\/brandmanual.aflatoun.org\/nos-modeles-modifiables\/"},"modified":"2025-10-02T18:05:15","modified_gmt":"2025-10-02T18:05:15","slug":"nos-modeles-modifiables","status":"publish","type":"page","link":"https:\/\/brandmanual.aflatoun.org\/fr\/nos-modeles-modifiables\/","title":{"rendered":"Nos mod\u00e8les modifiables"},"content":{"rendered":"\t\t<div data-elementor-type=\"wp-page\" data-elementor-id=\"1668\" class=\"elementor elementor-1668 elementor-408\" data-elementor-post-type=\"page\">\n\t\t\t\t<div class=\"elementor-element elementor-element-ae5e8ef e-flex e-con-boxed e-con e-parent\" data-id=\"ae5e8ef\" data-element_type=\"container\">\n\t\t\t\t\t<div class=\"e-con-inner\">\n\t\t\t\t<div class=\"elementor-element elementor-element-5d4d896 elementor-widget elementor-widget-image\" data-id=\"5d4d896\" data-element_type=\"widget\" data-widget_type=\"image.default\">\n\t\t\t\t<div class=\"elementor-widget-container\">\n\t\t\t\t\t\t\t\t\t\t\t\t\t\t\t<img fetchpriority=\"high\" decoding=\"async\" width=\"800\" height=\"443\" src=\"https:\/\/brandmanual.aflatoun.org\/wp-content\/uploads\/2025\/08\/Partners-Manual.png\" class=\"attachment-large size-large wp-image-702\" alt=\"\" srcset=\"https:\/\/brandmanual.aflatoun.org\/wp-content\/uploads\/2025\/08\/Partners-Manual.png 895w, https:\/\/brandmanual.aflatoun.org\/wp-content\/uploads\/2025\/08\/Partners-Manual-300x166.png 300w, https:\/\/brandmanual.aflatoun.org\/wp-content\/uploads\/2025\/08\/Partners-Manual-768x426.png 768w\" sizes=\"(max-width: 800px) 100vw, 800px\" \/>\t\t\t\t\t\t\t\t\t\t\t\t\t\t\t<\/div>\n\t\t\t\t<\/div>\n\t\t\t\t\t<\/div>\n\t\t\t\t<\/div>\n\t\t<div class=\"elementor-element elementor-element-e36dbcd e-flex e-con-boxed e-con e-parent\" data-id=\"e36dbcd\" data-element_type=\"container\">\n\t\t\t\t\t<div class=\"e-con-inner\">\n\t\t\t\t<div class=\"elementor-element elementor-element-22b113f elementor-widget elementor-widget-text-editor\" data-id=\"22b113f\" data-element_type=\"widget\" data-widget_type=\"text-editor.default\">\n\t\t\t\t<div class=\"elementor-widget-container\">\n\t\t\t\t\t\t\t\t\t<h1 class=\"text-2xl font-bold mt-1 text-text-100\">Mod\u00e8les modifiables<\/h1><p class=\"whitespace-normal break-words\">Notre biblioth\u00e8que compl\u00e8te de mod\u00e8les garantit une application coh\u00e9rente de la marque dans tous les supports marketing et communications. Ces mod\u00e8les con\u00e7us professionnellement int\u00e8grent notre palette de couleurs, notre typographie, nos directives visuelles et notre ton de voix afin de maintenir l\u2019int\u00e9grit\u00e9 de la marque tout en offrant une flexibilit\u00e9 pour divers besoins de contenu \u00e0 travers notre r\u00e9seau mondial. <\/p><h2 class=\"text-xl font-bold text-text-100 mt-1 -mb-0.5\">Directives d\u2019utilisation<\/h2><p class=\"whitespace-normal break-words\"><strong>Placement du logo<\/strong><\/p><ul class=\"[&amp;:not(:last-child)_ul]:pb-1 [&amp;:not(:last-child)_ol]:pb-1 list-disc space-y-1.5 pl-7\"><li class=\"whitespace-normal break-words\">Maintenez toujours un espace minimum d\u00e9gag\u00e9 autour du logo.<\/li><li class=\"whitespace-normal break-words\">Placez les logos dans le coin sup\u00e9rieur gauche pour les documents, et dans le coin sup\u00e9rieur droit pour les pr\u00e9sentations.<\/li><li class=\"whitespace-normal break-words\">Utilisez la version appropri\u00e9e du logo (complet, abr\u00e9g\u00e9 ou symbole) en fonction de l\u2019espace disponible.<\/li><li class=\"whitespace-normal break-words\">Ne redimensionnez jamais les logos de mani\u00e8re disproportionn\u00e9e ni n\u2019alt\u00e9rez leurs couleurs.<\/li><\/ul><p class=\"whitespace-normal break-words\"><strong><br>Application des couleurs<\/strong><\/p><ul class=\"[&amp;:not(:last-child)_ul]:pb-1 [&amp;:not(:last-child)_ol]:pb-1 list-disc space-y-1.5 pl-7\"><li class=\"whitespace-normal break-words\">Utilisez notre palette de quatre couleurs de mani\u00e8re strat\u00e9gique pour cr\u00e9er une hi\u00e9rarchie visuelle.<\/li><li class=\"whitespace-normal break-words\">Assurez un contraste suffisant pour l\u2019accessibilit\u00e9 (notamment pour les textes superpos\u00e9s).<\/li><li class=\"whitespace-normal break-words\">Appliquez les couleurs de mani\u00e8re coh\u00e9rente dans les supports li\u00e9s \u00e0 une campagne.<\/li><li class=\"whitespace-normal break-words\">R\u00e9servez Comet (jaune-or) pour les \u00e9l\u00e9ments cl\u00e9s et les appels \u00e0 l\u2019action.<\/li><\/ul><p class=\"whitespace-normal break-words\"><strong><br>Hi\u00e9rarchie typographique<\/strong><\/p><ul class=\"[&amp;:not(:last-child)_ul]:pb-1 [&amp;:not(:last-child)_ol]:pb-1 list-disc space-y-1.5 pl-7\"><li class=\"whitespace-normal break-words\">Maintenez des styles de titres coh\u00e9rents en utilisant Montserrat ExtraBold.<\/li><li class=\"whitespace-normal break-words\">Appliquez un espacement des lignes et des caract\u00e8res appropri\u00e9 comme sp\u00e9cifi\u00e9.<\/li><li class=\"whitespace-normal break-words\">Assurez-vous que le texte reste lisible \u00e0 toutes les tailles, en particulier dans les formats num\u00e9riques.<\/li><li class=\"whitespace-normal break-words\">Utilisez la typographie pour guider l\u2019\u0153il du lecteur \u00e0 travers le contenu de mani\u00e8re logique.<\/li><\/ul><h2 class=\"text-xl font-bold text-text-100 mt-1 -mb-0.5\">Applications sp\u00e9cifiques \u00e0 la plateforme<\/h2><p class=\"whitespace-normal break-words\">Mod\u00e8les de site web<br>Sp\u00e9cifications des en-t\u00eates et pieds de page, mises en page int\u00e9grant correctement la marque, styles de boutons et \u00e9l\u00e9ments de navigation refl\u00e9tant notre esth\u00e9tique professionnelle et accessible.<\/p><p class=\"whitespace-normal break-words\"><strong>Directives pour les r\u00e9seaux sociaux<\/strong><\/p><ul class=\"[&amp;:not(:last-child)_ul]:pb-1 [&amp;:not(:last-child)_ol]:pb-1 list-disc space-y-1.5 pl-7\"><li class=\"whitespace-normal break-words\">Facebook : Photos de couverture, visuels de publications et banni\u00e8res d\u2019\u00e9v\u00e9nements.<\/li><li class=\"whitespace-normal break-words\">Instagram : Mod\u00e8les de stories, formats de publications et couvertures de stories \u00e0 la une.<\/li><li class=\"whitespace-normal break-words\">LinkedIn : En-t\u00eates de pages d\u2019entreprise, visuels d\u2019articles et formats de publications professionnelles.<\/li><li class=\"whitespace-normal break-words\">Twitter : Images d\u2019en-t\u00eate, visuels de tweets sponsoris\u00e9s et visualisations de fils de discussion.<\/li><\/ul><p class=\"whitespace-normal break-words\"><strong>Formats de publicit\u00e9 imprim\u00e9e<\/strong> Publicit\u00e9s pleine page dans les magazines, encarts de journaux, banni\u00e8res de conf\u00e9rences et stands d\u2019exposition avec un placement correct des \u00e9l\u00e9ments de marque et une hi\u00e9rarchie des messages.<\/p><p class=\"whitespace-normal break-words\">Marketing par e-mail<br>Mod\u00e8les de newsletters, mod\u00e8les d\u2019annonces et s\u00e9ries d\u2019e-mails automatis\u00e9s qui maintiennent la coh\u00e9rence de la marque tout en \u00e9tant optimis\u00e9s pour divers clients de messagerie et appareils mobiles.<\/p><h2 class=\"text-xl font-bold text-text-100 mt-1 -mb-0.5\">Liste de contr\u00f4le qualit\u00e9<\/h2><p class=\"whitespace-normal break-words\"><strong>Avant de publier tout support :<\/strong><\/p><ul class=\"contains-task-list\"><li class=\"task-list-item\"><input disabled type=\"checkbox\"> Le logo appara\u00eet \u00e0 la taille et \u00e0 la position correctes.<\/li><li class=\"task-list-item\"><input disabled type=\"checkbox\"> Les couleurs correspondent exactement aux sp\u00e9cifications de la marque.<\/li><li class=\"task-list-item\"><input disabled type=\"checkbox\"> La typographie suit la hi\u00e9rarchie \u00e9tablie.<\/li><li class=\"task-list-item\"><input disabled type=\"checkbox\"> Les visuels respectent les directives de la marque.<\/li><li class=\"task-list-item\"><input disabled type=\"checkbox\"> Le ton de voix est coh\u00e9rent avec les normes de la marque.<\/li><li class=\"task-list-item\"><input disabled type=\"checkbox\"> Les coordonn\u00e9es et les identifiants de r\u00e9seaux sociaux sont \u00e0 jour.<\/li><li class=\"task-list-item\"><input disabled type=\"checkbox\"> Tous les textes sont relus et culturellement appropri\u00e9s.<\/li><li class=\"task-list-item\"><input disabled type=\"checkbox\"> Les formats de fichiers sont optimis\u00e9s pour l\u2019utilisation pr\u00e9vue<\/li><\/ul><h2 class=\"text-xl font-bold text-text-100 mt-1 -mb-0.5\">Acc\u00e8s et personnalisation des mod\u00e8les<\/h2><p class=\"whitespace-normal break-words\"><strong>Modifications approuv\u00e9es :<\/strong><br>Les mod\u00e8les peuvent \u00eatre personnalis\u00e9s pour le contenu, les langues r\u00e9gionales et les besoins sp\u00e9cifiques des campagnes, tout en maintenant les \u00e9l\u00e9ments essentiels de la marque. Les adaptations locales doivent pr\u00e9server l\u2019identit\u00e9 visuelle globale et l\u2019int\u00e9grit\u00e9 de la marque. <\/p><p class=\"whitespace-normal break-words\">\u00c9l\u00e9ments restreints :<br>Le design du logo, la palette de couleurs principale et les choix typographiques ne peuvent pas \u00eatre modifi\u00e9s. Toute modification importante n\u00e9cessite l\u2019approbation de l\u2019\u00e9quipe de communication d\u2019Alfatoun International. <\/p><p class=\"whitespace-normal break-words\">Biblioth\u00e8que de mod\u00e8les :<br>Tous les mod\u00e8les actuels sont disponibles via notre portail de marque, avec des mises \u00e0 jour r\u00e9guli\u00e8res pour garantir la conformit\u00e9 aux normes de marque et aux exigences des plateformes en constante \u00e9volution.<\/p><p class=\"whitespace-normal break-words\"><strong>Support :<\/strong><br>Contactez l\u2019\u00e9quipe de communication pour des conseils sur la s\u00e9lection de mod\u00e8les, des questions de personnalisation ou des demandes de nouveaux formats de mod\u00e8les non disponibles actuellement dans la biblioth\u00e8que.<\/p>\t\t\t\t\t\t\t\t<\/div>\n\t\t\t\t<\/div>\n\t\t\t\t\t<\/div>\n\t\t\t\t<\/div>\n\t\t<div class=\"elementor-element elementor-element-19ce789 e-flex e-con-boxed e-con e-parent\" data-id=\"19ce789\" data-element_type=\"container\">\n\t\t\t\t\t<div class=\"e-con-inner\">\n\t\t\t\t<div class=\"elementor-element elementor-element-f3f96be elementor-widget elementor-widget-shortcode\" data-id=\"f3f96be\" data-element_type=\"widget\" data-widget_type=\"shortcode.default\">\n\t\t\t\t<div class=\"elementor-widget-container\">\n\t\t\t\t\t\t\t<div class=\"elementor-shortcode\"><table id=\"dlp_148311ea74000373_1\" class=\"posts-data-table\" width=\"100%\" data-config=\"{&quot;pageLength&quot;:25,&quot;pagingType&quot;:&quot;numbers&quot;,&quot;serverSide&quot;:false,&quot;autoWidth&quot;:true,&quot;clickFilter&quot;:&quot;1&quot;,&quot;scrollOffset&quot;:15,&quot;resetButton&quot;:false,&quot;lengthMenu&quot;:[[10,25,50,100,-1],[10,25,50,100,&quot;All&quot;]],&quot;columnDefs&quot;:[{&quot;className&quot;:&quot;col-title&quot;,&quot;targets&quot;:0},{&quot;className&quot;:&quot;col-excerpt&quot;,&quot;targets&quot;:1},{&quot;className&quot;:&quot;col-date_modified&quot;,&quot;targets&quot;:2},{&quot;className&quot;:&quot;col-download_count&quot;,&quot;targets&quot;:3},{&quot;className&quot;:&quot;col-link&quot;,&quot;targets&quot;:4}],&quot;responsive&quot;:{&quot;details&quot;:{&quot;display&quot;:&quot;child_row&quot;}},&quot;language&quot;:{&quot;info&quot;:&quot;_TOTAL_ documents&quot;,&quot;infoEmpty&quot;:&quot;0 documents&quot;,&quot;emptyTable&quot;:&quot;Aucun documents correspondant.&quot;,&quot;zeroRecords&quot;:&quot;Aucun documents correspondant.&quot;,&quot;totalsSingle&quot;:&quot;document&quot;,&quot;totalsPlural&quot;:&quot;documents&quot;},&quot;dom&quot;:&quot;&lt;\\&quot;posts-table-wrapper hello-elementor\\&quot;&lt;\\&quot;posts-table-above posts-table-controls\\&quot;f&gt;t&lt;\\&quot;posts-table-below posts-table-controls\\&quot;lip&gt;&gt;&quot;,&quot;multiDownloadButton&quot;:true,&quot;multiDownloadPosition&quot;:&quot;above&quot;,&quot;multiDownloadText&quot;:&quot;Download Selected Documents&quot;}\" data-filters=\"false\" data-order=\"[]\"><thead><tr><th class=\"all\" data-name=\"title\" data-orderable=\"true\" data-searchable=\"true\" data-priority=\"1\">Titre<\/th><th data-name=\"excerpt\" data-orderable=\"true\" data-searchable=\"true\" data-priority=\"4\">R\u00e9sum\u00e9<\/th><th data-name=\"date_modified\" data-orderable=\"true\" data-searchable=\"true\" data-priority=\"5\">Derni\u00e8re modification<\/th><th data-name=\"download_count\" data-orderable=\"true\" data-searchable=\"true\" data-priority=\"13\">T\u00e9l\u00e9chargements<\/th><th data-name=\"link\" data-orderable=\"false\" data-searchable=\"false\" data-priority=\"10\">Lien<\/th><\/tr><\/thead><tbody><tr id=\"post-row-1529\" class=\"post-row post-type-dlp_document dlp_document-1529 publish\"><td><a href=\"https:\/\/brandmanual.aflatoun.org\/fr\/document\/aflatoun-branding-guidelines-pdf\/\">Aflatoun Branding Guidelines<\/a><\/td><td><p>The Aflatoun Visual Guidelines PDF is the comprehensive master document that establishes all brand identity &hellip;<\/p>\n<\/td><td data-sort=\"1759759769\">octobre 6, 2025<\/td><td>28<\/td><td><div class=\"dlp-table-document-link-wrap\"><a href=\"https:\/\/brandmanual.aflatoun.org\/wp-content\/uploads\/2025\/09\/Aflatoun-Branding-Guidelines-PDF-1.pdf\" class=\"dlp-download-link dlp-download-button document-library-pro-button button btn\" data-download-id=\"1529\"  download=\"Aflatoun-Branding-Guidelines-PDF-1.pdf\" type=\"application\/pdf\">Download<\/a><input type=\"checkbox\" name=\"zip-urls\" data-download-url=\"https:\/\/brandmanual.aflatoun.org\/wp-content\/uploads\/2025\/09\/Aflatoun-Branding-Guidelines-PDF-1.pdf\" data-download-id=\"1529\" \/><\/div><\/td><\/tr><tr id=\"post-row-1477\" class=\"post-row post-type-dlp_document dlp_document-1477 publish\"><td><a href=\"https:\/\/brandmanual.aflatoun.org\/fr\/document\/aflatoun-ppt-template-blank\/\">Aflatoun PPT Template (blank)<\/a><\/td><td><p>The main Aflatoun PowerPoint blank template is designed for external presentations to partners, funders, government &hellip;<\/p>\n<\/td><td data-sort=\"1759839776\">octobre 7, 2025<\/td><td>6<\/td><td><div class=\"dlp-table-document-link-wrap\"><\/div><\/td><\/tr><tr id=\"post-row-784\" class=\"post-row post-type-dlp_document dlp_document-784 publish\"><td><a href=\"https:\/\/brandmanual.aflatoun.org\/fr\/document\/instagram-template\/\">Instagram Template<\/a><\/td><td><p>These ready-to-use templates ensure consistent brand presence across all social media platforms. Each template set &hellip;<\/p>\n<\/td><td data-sort=\"1759839873\">octobre 7, 2025<\/td><td>1<\/td><td><div class=\"dlp-table-document-link-wrap\"><\/div><\/td><\/tr><tr id=\"post-row-783\" class=\"post-row post-type-dlp_document dlp_document-783 publish\"><td><a href=\"https:\/\/brandmanual.aflatoun.org\/fr\/document\/facebook-template\/\">Facebook Template<\/a><\/td><td><p>These ready-to-use templates ensure consistent brand presence across all social media platforms. Each template set &hellip;<\/p>\n<\/td><td data-sort=\"1759839900\">octobre 7, 2025<\/td><td><\/td><td><div class=\"dlp-table-document-link-wrap\"><\/div><\/td><\/tr><tr id=\"post-row-757\" class=\"post-row post-type-dlp_document dlp_document-757 publish\"><td><a href=\"https:\/\/brandmanual.aflatoun.org\/fr\/document\/linkedin-template\/\">LinkedIn Template<\/a><\/td><td><p>These ready-to-use templates ensure consistent brand presence across all social media platforms. Each template set &hellip;<\/p>\n<\/td><td data-sort=\"1759840030\">octobre 7, 2025<\/td><td>1<\/td><td><div class=\"dlp-table-document-link-wrap\"><\/div><\/td><\/tr><\/tbody><\/table><\/div>\n\t\t\t\t\t\t<\/div>\n\t\t\t\t<\/div>\n\t\t\t\t\t<\/div>\n\t\t\t\t<\/div>\n\t\t\t\t<\/div>\n\t\t","protected":false},"excerpt":{"rendered":"<p>Mod\u00e8les modifiables Notre biblioth\u00e8que compl\u00e8te de mod\u00e8les garantit une application coh\u00e9rente de la marque dans tous les supports marketing et communications. Ces mod\u00e8les con\u00e7us professionnellement int\u00e8grent notre palette de couleurs, notre typographie, nos directives visuelles et notre ton de voix afin de maintenir l\u2019int\u00e9grit\u00e9 de la marque tout en offrant une flexibilit\u00e9 pour divers besoins [&hellip;]<\/p>\n","protected":false},"author":2,"featured_media":0,"parent":0,"menu_order":0,"comment_status":"closed","ping_status":"closed","template":"elementor_header_footer","meta":{"_acf_changed":false,"footnotes":""},"class_list":["post-1668","page","type-page","status-publish","hentry"],"acf":[],"_links":{"self":[{"href":"https:\/\/brandmanual.aflatoun.org\/fr\/wp-json\/wp\/v2\/pages\/1668","targetHints":{"allow":["GET"]}}],"collection":[{"href":"https:\/\/brandmanual.aflatoun.org\/fr\/wp-json\/wp\/v2\/pages"}],"about":[{"href":"https:\/\/brandmanual.aflatoun.org\/fr\/wp-json\/wp\/v2\/types\/page"}],"author":[{"embeddable":true,"href":"https:\/\/brandmanual.aflatoun.org\/fr\/wp-json\/wp\/v2\/users\/2"}],"replies":[{"embeddable":true,"href":"https:\/\/brandmanual.aflatoun.org\/fr\/wp-json\/wp\/v2\/comments?post=1668"}],"version-history":[{"count":3,"href":"https:\/\/brandmanual.aflatoun.org\/fr\/wp-json\/wp\/v2\/pages\/1668\/revisions"}],"predecessor-version":[{"id":1824,"href":"https:\/\/brandmanual.aflatoun.org\/fr\/wp-json\/wp\/v2\/pages\/1668\/revisions\/1824"}],"wp:attachment":[{"href":"https:\/\/brandmanual.aflatoun.org\/fr\/wp-json\/wp\/v2\/media?parent=1668"}],"curies":[{"name":"wp","href":"https:\/\/api.w.org\/{rel}","templated":true}]}}