{"id":1660,"date":"2025-08-19T12:14:54","date_gmt":"2025-08-19T12:14:54","guid":{"rendered":"https:\/\/brandmanual.aflatoun.org\/notre-palette-de-couleurs\/"},"modified":"2025-10-02T18:04:05","modified_gmt":"2025-10-02T18:04:05","slug":"notre-palette-de-couleurs","status":"publish","type":"page","link":"https:\/\/brandmanual.aflatoun.org\/fr\/notre-palette-de-couleurs\/","title":{"rendered":"Notre palette de couleurs"},"content":{"rendered":"\t\t<div data-elementor-type=\"wp-page\" data-elementor-id=\"1660\" class=\"elementor elementor-1660 elementor-389\" data-elementor-post-type=\"page\">\n\t\t\t\t<div class=\"elementor-element elementor-element-2061574 e-flex e-con-boxed e-con e-parent\" data-id=\"2061574\" data-element_type=\"container\">\n\t\t\t\t\t<div class=\"e-con-inner\">\n\t\t<div class=\"elementor-element elementor-element-bb5bea0 e-con-full e-flex e-con e-child\" data-id=\"bb5bea0\" data-element_type=\"container\">\n\t\t\t\t<div class=\"elementor-element elementor-element-5a8a832 elementor-widget elementor-widget-image\" data-id=\"5a8a832\" data-element_type=\"widget\" data-widget_type=\"image.default\">\n\t\t\t\t<div class=\"elementor-widget-container\">\n\t\t\t\t\t\t\t\t\t\t\t\t\t\t\t<img fetchpriority=\"high\" decoding=\"async\" width=\"800\" height=\"169\" src=\"https:\/\/brandmanual.aflatoun.org\/wp-content\/uploads\/2025\/08\/TCP3.png\" class=\"attachment-large size-large wp-image-710\" alt=\"\" srcset=\"https:\/\/brandmanual.aflatoun.org\/wp-content\/uploads\/2025\/08\/TCP3.png 926w, https:\/\/brandmanual.aflatoun.org\/wp-content\/uploads\/2025\/08\/TCP3-300x63.png 300w, https:\/\/brandmanual.aflatoun.org\/wp-content\/uploads\/2025\/08\/TCP3-768x163.png 768w\" sizes=\"(max-width: 800px) 100vw, 800px\" \/>\t\t\t\t\t\t\t\t\t\t\t\t\t\t\t<\/div>\n\t\t\t\t<\/div>\n\t\t\t\t<\/div>\n\t\t\t\t\t<\/div>\n\t\t\t\t<\/div>\n\t\t<div class=\"elementor-element elementor-element-91d3823 e-flex e-con-boxed e-con e-parent\" data-id=\"91d3823\" data-element_type=\"container\">\n\t\t\t\t\t<div class=\"e-con-inner\">\n\t\t\t\t<div class=\"elementor-element elementor-element-2e723ba elementor-widget elementor-widget-text-editor\" data-id=\"2e723ba\" data-element_type=\"widget\" data-widget_type=\"text-editor.default\">\n\t\t\t\t<div class=\"elementor-widget-container\">\n\t\t\t\t\t\t\t\t\t<p>Notre palette de couleurs distinctive incarne l\u2019identit\u00e9 professionnelle mais accessible d\u2019Alfatoun International, refl\u00e9tant notre engagement \u00e0 autonomiser les enfants et les jeunes gr\u00e2ce \u00e0 l\u2019\u00e9ducation sociale et financi\u00e8re. Cette s\u00e9lection raffin\u00e9e de quatre couleurs soigneusement choisies cr\u00e9e un langage visuel coh\u00e9rent qui exprime la confiance, la croissance, l\u2019innovation et l\u2019optimisme \u00e0 travers notre r\u00e9seau mondial. <\/p><p>Le bleu ciel repr\u00e9sente le potentiel illimit\u00e9 et les aspirations que nous nourrissons chez chaque enfant, tandis que le lapis exprime la profondeur des connaissances et de la sagesse que nous aidons les jeunes \u00e0 d\u00e9velopper. Le bleu vif incarne notre approche tourn\u00e9e vers l\u2019avenir et la clart\u00e9 de notre mission \u00e9ducative, et Comet (notre jaune-or vibrant) symbolise l\u2019avenir radieux et les opportunit\u00e9s dor\u00e9es que nous aidons \u00e0 cr\u00e9er pour les enfants du monde entier.<\/p><p>Cette palette simplifi\u00e9e garantit la coh\u00e9rence et la reconnaissance dans tous les supports tout en offrant suffisamment de polyvalence pour cr\u00e9er des communications professionnelles engageantes qui r\u00e9sonnent aupr\u00e8s des \u00e9ducateurs, partenaires et parties prenantes dans nos 116+ pays partenaires.<\/p><p><strong>Mise en \u0153uvre technique :<\/strong><\/p><ul><li>Pour les applications num\u00e9riques (Canva) : Utilisez les codes hexad\u00e9cimaux (#)<\/li><li>Pour l\u2019impression et les applications Microsoft Office : Utilisez les valeurs RVB<\/li><li>Maintenez ces sp\u00e9cifications exactes des couleurs dans tous les supports de marque afin de garantir la coh\u00e9rence.<br><br><\/li><\/ul><p>Important : Seules ces quatre couleurs sp\u00e9cifi\u00e9es peuvent \u00eatre utilis\u00e9es dans les supports d\u2019Alfatoun International afin de maintenir notre identit\u00e9 de marque distinctive et notre apparence professionnelle.<\/p>\t\t\t\t\t\t\t\t<\/div>\n\t\t\t\t<\/div>\n\t\t\t\t\t<\/div>\n\t\t\t\t<\/div>\n\t\t<div class=\"elementor-element elementor-element-4f8733d e-flex e-con-boxed e-con e-parent\" data-id=\"4f8733d\" data-element_type=\"container\">\n\t\t\t\t\t<div class=\"e-con-inner\">\n\t\t<div class=\"elementor-element elementor-element-5058c12 e-con-full e-flex e-con e-child\" data-id=\"5058c12\" data-element_type=\"container\">\n\t\t\t\t<div class=\"elementor-element elementor-element-fe68d19 elementor-widget elementor-widget-image\" data-id=\"fe68d19\" data-element_type=\"widget\" data-widget_type=\"image.default\">\n\t\t\t\t<div class=\"elementor-widget-container\">\n\t\t\t\t\t\t\t\t\t\t\t\t\t\t\t<img decoding=\"async\" width=\"800\" height=\"448\" src=\"https:\/\/brandmanual.aflatoun.org\/wp-content\/uploads\/2025\/08\/TCP1-1024x573.png\" class=\"attachment-large size-large wp-image-706\" alt=\"\" srcset=\"https:\/\/brandmanual.aflatoun.org\/wp-content\/uploads\/2025\/08\/TCP1-1024x573.png 1024w, https:\/\/brandmanual.aflatoun.org\/wp-content\/uploads\/2025\/08\/TCP1-300x168.png 300w, https:\/\/brandmanual.aflatoun.org\/wp-content\/uploads\/2025\/08\/TCP1-768x430.png 768w, https:\/\/brandmanual.aflatoun.org\/wp-content\/uploads\/2025\/08\/TCP1.png 1081w\" sizes=\"(max-width: 800px) 100vw, 800px\" \/>\t\t\t\t\t\t\t\t\t\t\t\t\t\t\t<\/div>\n\t\t\t\t<\/div>\n\t\t\t\t<\/div>\n\t\t<div class=\"elementor-element elementor-element-5cda6e8 e-con-full e-flex e-con e-child\" data-id=\"5cda6e8\" data-element_type=\"container\">\n\t\t\t\t<div class=\"elementor-element elementor-element-3161548 elementor-widget elementor-widget-image\" data-id=\"3161548\" data-element_type=\"widget\" data-widget_type=\"image.default\">\n\t\t\t\t<div class=\"elementor-widget-container\">\n\t\t\t\t\t\t\t\t\t\t\t\t\t\t\t<img decoding=\"async\" width=\"800\" height=\"449\" src=\"https:\/\/brandmanual.aflatoun.org\/wp-content\/uploads\/2025\/08\/TCP2-1024x575.png\" class=\"attachment-large size-large wp-image-708\" alt=\"\" srcset=\"https:\/\/brandmanual.aflatoun.org\/wp-content\/uploads\/2025\/08\/TCP2-1024x575.png 1024w, https:\/\/brandmanual.aflatoun.org\/wp-content\/uploads\/2025\/08\/TCP2-300x169.png 300w, https:\/\/brandmanual.aflatoun.org\/wp-content\/uploads\/2025\/08\/TCP2-768x431.png 768w, https:\/\/brandmanual.aflatoun.org\/wp-content\/uploads\/2025\/08\/TCP2.png 1278w\" sizes=\"(max-width: 800px) 100vw, 800px\" \/>\t\t\t\t\t\t\t\t\t\t\t\t\t\t\t<\/div>\n\t\t\t\t<\/div>\n\t\t\t\t<\/div>\n\t\t\t\t\t<\/div>\n\t\t\t\t<\/div>\n\t\t<div class=\"elementor-element elementor-element-aa2f15b e-flex e-con-boxed e-con e-parent\" data-id=\"aa2f15b\" data-element_type=\"container\">\n\t\t\t\t\t<div class=\"e-con-inner\">\n\t\t\t\t<div class=\"elementor-element elementor-element-7cb3dcb elementor-widget elementor-widget-shortcode\" data-id=\"7cb3dcb\" data-element_type=\"widget\" data-widget_type=\"shortcode.default\">\n\t\t\t\t<div class=\"elementor-widget-container\">\n\t\t\t\t\t\t\t<div class=\"elementor-shortcode\"><table id=\"dlp_775e8fe05658aa9a_1\" class=\"posts-data-table\" width=\"100%\" data-config=\"{&quot;pageLength&quot;:25,&quot;pagingType&quot;:&quot;numbers&quot;,&quot;serverSide&quot;:false,&quot;autoWidth&quot;:true,&quot;clickFilter&quot;:&quot;1&quot;,&quot;scrollOffset&quot;:15,&quot;resetButton&quot;:false,&quot;lengthMenu&quot;:[[10,25,50,100,-1],[10,25,50,100,&quot;All&quot;]],&quot;columnDefs&quot;:[{&quot;className&quot;:&quot;col-title&quot;,&quot;targets&quot;:0},{&quot;className&quot;:&quot;col-excerpt&quot;,&quot;targets&quot;:1},{&quot;className&quot;:&quot;col-date_modified&quot;,&quot;targets&quot;:2},{&quot;className&quot;:&quot;col-download_count&quot;,&quot;targets&quot;:3},{&quot;className&quot;:&quot;col-link&quot;,&quot;targets&quot;:4}],&quot;responsive&quot;:{&quot;details&quot;:{&quot;display&quot;:&quot;child_row&quot;}},&quot;language&quot;:{&quot;info&quot;:&quot;_TOTAL_ documents&quot;,&quot;infoEmpty&quot;:&quot;0 documents&quot;,&quot;emptyTable&quot;:&quot;Aucun documents correspondant.&quot;,&quot;zeroRecords&quot;:&quot;Aucun documents correspondant.&quot;,&quot;totalsSingle&quot;:&quot;document&quot;,&quot;totalsPlural&quot;:&quot;documents&quot;},&quot;dom&quot;:&quot;&lt;\\&quot;posts-table-wrapper hello-elementor\\&quot;&lt;\\&quot;posts-table-above posts-table-controls\\&quot;f&gt;t&lt;\\&quot;posts-table-below posts-table-controls\\&quot;lip&gt;&gt;&quot;,&quot;multiDownloadButton&quot;:true,&quot;multiDownloadPosition&quot;:&quot;above&quot;,&quot;multiDownloadText&quot;:&quot;Download Selected Documents&quot;}\" data-filters=\"false\" data-order=\"[]\"><thead><tr><th class=\"all\" data-name=\"title\" data-orderable=\"true\" data-searchable=\"true\" data-priority=\"1\">Titre<\/th><th data-name=\"excerpt\" data-orderable=\"true\" data-searchable=\"true\" data-priority=\"4\">R\u00e9sum\u00e9<\/th><th data-name=\"date_modified\" data-orderable=\"true\" data-searchable=\"true\" data-priority=\"5\">Derni\u00e8re modification<\/th><th data-name=\"download_count\" data-orderable=\"true\" data-searchable=\"true\" data-priority=\"13\">T\u00e9l\u00e9chargements<\/th><th data-name=\"link\" data-orderable=\"false\" data-searchable=\"false\" data-priority=\"10\">Lien<\/th><\/tr><\/thead><tbody><tr id=\"post-row-1529\" class=\"post-row post-type-dlp_document dlp_document-1529 publish\"><td><a href=\"https:\/\/brandmanual.aflatoun.org\/fr\/document\/aflatoun-branding-guidelines-pdf\/\">Aflatoun Branding Guidelines<\/a><\/td><td><p>The Aflatoun Visual Guidelines PDF is the comprehensive master document that establishes all brand identity &hellip;<\/p>\n<\/td><td data-sort=\"1759759769\">octobre 6, 2025<\/td><td>28<\/td><td><div class=\"dlp-table-document-link-wrap\"><a href=\"https:\/\/brandmanual.aflatoun.org\/wp-content\/uploads\/2025\/09\/Aflatoun-Branding-Guidelines-PDF-1.pdf\" class=\"dlp-download-link dlp-download-button document-library-pro-button button btn\" data-download-id=\"1529\"  download=\"Aflatoun-Branding-Guidelines-PDF-1.pdf\" type=\"application\/pdf\">Download<\/a><input type=\"checkbox\" name=\"zip-urls\" data-download-url=\"https:\/\/brandmanual.aflatoun.org\/wp-content\/uploads\/2025\/09\/Aflatoun-Branding-Guidelines-PDF-1.pdf\" data-download-id=\"1529\" \/><\/div><\/td><\/tr><tr id=\"post-row-786\" class=\"post-row post-type-dlp_document dlp_document-786 publish\"><td><a href=\"https:\/\/brandmanual.aflatoun.org\/fr\/document\/aflatoun-colours\/\">Aflatoun Brand Colours<\/a><\/td><td><p>Technical Implementation: For digital applications (Canva): Use the hex codes (#) For print and Microsoft &hellip;<\/p>\n<\/td><td data-sort=\"1759219909\">septembre 30, 2025<\/td><td>4<\/td><td><div class=\"dlp-table-document-link-wrap\"><a href=\"https:\/\/brandmanual.aflatoun.org\/wp-content\/uploads\/2025\/09\/Color-palette.pdf\" class=\"dlp-download-link dlp-download-button document-library-pro-button button btn\" data-download-id=\"786\"  download=\"Color-palette.pdf\" type=\"application\/pdf\">Download<\/a><input type=\"checkbox\" name=\"zip-urls\" data-download-url=\"https:\/\/brandmanual.aflatoun.org\/wp-content\/uploads\/2025\/09\/Color-palette.pdf\" data-download-id=\"786\" \/><\/div><\/td><\/tr><\/tbody><\/table><\/div>\n\t\t\t\t\t\t<\/div>\n\t\t\t\t<\/div>\n\t\t\t\t\t<\/div>\n\t\t\t\t<\/div>\n\t\t\t\t<\/div>\n\t\t","protected":false},"excerpt":{"rendered":"<p>Notre palette de couleurs distinctive incarne l\u2019identit\u00e9 professionnelle mais accessible d\u2019Alfatoun International, refl\u00e9tant notre engagement \u00e0 autonomiser les enfants et les jeunes gr\u00e2ce \u00e0 l\u2019\u00e9ducation sociale et financi\u00e8re. Cette s\u00e9lection raffin\u00e9e de quatre couleurs soigneusement choisies cr\u00e9e un langage visuel coh\u00e9rent qui exprime la confiance, la croissance, l\u2019innovation et l\u2019optimisme \u00e0 travers notre r\u00e9seau mondial. [&hellip;]<\/p>\n","protected":false},"author":2,"featured_media":0,"parent":0,"menu_order":0,"comment_status":"closed","ping_status":"closed","template":"","meta":{"_acf_changed":false,"footnotes":""},"class_list":["post-1660","page","type-page","status-publish","hentry"],"acf":[],"_links":{"self":[{"href":"https:\/\/brandmanual.aflatoun.org\/fr\/wp-json\/wp\/v2\/pages\/1660","targetHints":{"allow":["GET"]}}],"collection":[{"href":"https:\/\/brandmanual.aflatoun.org\/fr\/wp-json\/wp\/v2\/pages"}],"about":[{"href":"https:\/\/brandmanual.aflatoun.org\/fr\/wp-json\/wp\/v2\/types\/page"}],"author":[{"embeddable":true,"href":"https:\/\/brandmanual.aflatoun.org\/fr\/wp-json\/wp\/v2\/users\/2"}],"replies":[{"embeddable":true,"href":"https:\/\/brandmanual.aflatoun.org\/fr\/wp-json\/wp\/v2\/comments?post=1660"}],"version-history":[{"count":2,"href":"https:\/\/brandmanual.aflatoun.org\/fr\/wp-json\/wp\/v2\/pages\/1660\/revisions"}],"predecessor-version":[{"id":1818,"href":"https:\/\/brandmanual.aflatoun.org\/fr\/wp-json\/wp\/v2\/pages\/1660\/revisions\/1818"}],"wp:attachment":[{"href":"https:\/\/brandmanual.aflatoun.org\/fr\/wp-json\/wp\/v2\/media?parent=1660"}],"curies":[{"name":"wp","href":"https:\/\/api.w.org\/{rel}","templated":true}]}}