{"id":1727,"date":"2025-08-19T12:16:08","date_gmt":"2025-08-19T12:16:08","guid":{"rendered":"https:\/\/brandmanual.aflatoun.org\/nuestra-tipografia\/"},"modified":"2025-10-02T18:14:39","modified_gmt":"2025-10-02T18:14:39","slug":"nuestra-tipografia","status":"publish","type":"page","link":"https:\/\/brandmanual.aflatoun.org\/es\/nuestra-tipografia\/","title":{"rendered":"Nuestra tipograf\u00eda"},"content":{"rendered":"\t\t<div data-elementor-type=\"wp-page\" data-elementor-id=\"1727\" class=\"elementor elementor-1727 elementor-397\" data-elementor-post-type=\"page\">\n\t\t\t\t<div class=\"elementor-element elementor-element-349795f e-flex e-con-boxed e-con e-parent\" data-id=\"349795f\" data-element_type=\"container\">\n\t\t\t\t\t<div class=\"e-con-inner\">\n\t\t\t\t<div class=\"elementor-element elementor-element-017b6fa elementor-widget elementor-widget-text-editor\" data-id=\"017b6fa\" data-element_type=\"widget\" data-widget_type=\"text-editor.default\">\n\t\t\t\t<div class=\"elementor-widget-container\">\n\t\t\t\t\t\t\t\t\t<p>Nuestro sistema tipogr\u00e1fico se centra en Montserrat, una tipograf\u00eda geom\u00e9trica sans serif moderna que encarna el esp\u00edritu progresista y la accesibilidad global de Alfatoun International. Esta familia tipogr\u00e1fica vers\u00e1til asegura una comunicaci\u00f3n clara en todos los materiales, manteniendo una apariencia contempor\u00e1nea y profesional que resuena con nuestra diversa audiencia internacional. <\/p><p>Montserrat ExtraBold es nuestra elecci\u00f3n principal para t\u00edtulos y encabezados, ofreciendo un fuerte impacto visual y captando la atenci\u00f3n. Su grosor marcado refleja nuestro enfoque seguro hacia la educaci\u00f3n social y financiera, asegurando una excelente legibilidad tanto en aplicaciones digitales como impresas. <\/p><p>Montserrat Regular se utiliza para subt\u00edtulos y cuerpo de texto, proporcionando una legibilidad \u00f3ptima y una sensaci\u00f3n limpia y accesible que respalda nuestra misi\u00f3n educativa. La estructura geom\u00e9trica de la tipograf\u00eda crea una armon\u00eda visual con nuestros elementos de marca, manteniendo una excelente legibilidad en diversos tama\u00f1os. <\/p><p>Este enfoque tipogr\u00e1fico optimizado asegura consistencia en todos los puntos de contacto \u2014desde presentaciones e informes hasta plataformas digitales y materiales educativos\u2014 apoyando nuestro mensaje de claridad, accesibilidad y empoderamiento en m\u00e1s de 116 pa\u00edses.<\/p><p><strong>Jerarqu\u00eda tipogr\u00e1fica:<\/strong><\/p><ul><li>T\u00edtulos principales: Montserrat ExtraBold<\/li><li>Subt\u00edtulos: Montserrat Regular<\/li><li>Texto principal: Montserrat Regular<\/li><\/ul><p> <\/p><p>Importante: Mantener el uso coherente de Montserrat en todos los materiales de Alfatoun International para preservar el reconocimiento de la marca y la cohesi\u00f3n profesional. Cuando Montserrat no est\u00e9 disponible, use alternativas del sistema como Arial o Helvetica como respaldo. <\/p>\t\t\t\t\t\t\t\t<\/div>\n\t\t\t\t<\/div>\n\t\t\t\t\t<\/div>\n\t\t\t\t<\/div>\n\t\t<div class=\"elementor-element elementor-element-d44c5a6 e-flex e-con-boxed e-con e-parent\" data-id=\"d44c5a6\" data-element_type=\"container\">\n\t\t\t\t\t<div class=\"e-con-inner\">\n\t\t\t\t<div class=\"elementor-element elementor-element-7659ab4 elementor-widget elementor-widget-spacer\" data-id=\"7659ab4\" data-element_type=\"widget\" data-widget_type=\"spacer.default\">\n\t\t\t\t<div class=\"elementor-widget-container\">\n\t\t\t\t\t\t\t<div class=\"elementor-spacer\">\n\t\t\t<div class=\"elementor-spacer-inner\"><\/div>\n\t\t<\/div>\n\t\t\t\t\t\t<\/div>\n\t\t\t\t<\/div>\n\t\t\t\t\t<\/div>\n\t\t\t\t<\/div>\n\t\t<div class=\"elementor-element elementor-element-48a018f e-con-full e-flex e-con e-parent\" data-id=\"48a018f\" data-element_type=\"container\">\n\t\t\t\t<div class=\"elementor-element elementor-element-b25b585 elementor-widget elementor-widget-image\" data-id=\"b25b585\" data-element_type=\"widget\" data-widget_type=\"image.default\">\n\t\t\t\t<div class=\"elementor-widget-container\">\n\t\t\t\t\t\t\t\t\t\t\t\t\t\t\t<img fetchpriority=\"high\" decoding=\"async\" width=\"800\" height=\"447\" src=\"https:\/\/brandmanual.aflatoun.org\/wp-content\/uploads\/2025\/08\/Typography-1024x572.png\" class=\"attachment-large size-large wp-image-713\" alt=\"\" srcset=\"https:\/\/brandmanual.aflatoun.org\/wp-content\/uploads\/2025\/08\/Typography-1024x572.png 1024w, https:\/\/brandmanual.aflatoun.org\/wp-content\/uploads\/2025\/08\/Typography-300x168.png 300w, https:\/\/brandmanual.aflatoun.org\/wp-content\/uploads\/2025\/08\/Typography-768x429.png 768w, https:\/\/brandmanual.aflatoun.org\/wp-content\/uploads\/2025\/08\/Typography.png 1080w\" sizes=\"(max-width: 800px) 100vw, 800px\" \/>\t\t\t\t\t\t\t\t\t\t\t\t\t\t\t<\/div>\n\t\t\t\t<\/div>\n\t\t\t\t<\/div>\n\t\t<div class=\"elementor-element elementor-element-6d5aa04 e-flex e-con-boxed e-con e-parent\" data-id=\"6d5aa04\" data-element_type=\"container\">\n\t\t\t\t\t<div class=\"e-con-inner\">\n\t\t\t\t<div class=\"elementor-element elementor-element-0341547 elementor-widget elementor-widget-spacer\" data-id=\"0341547\" data-element_type=\"widget\" data-widget_type=\"spacer.default\">\n\t\t\t\t<div class=\"elementor-widget-container\">\n\t\t\t\t\t\t\t<div class=\"elementor-spacer\">\n\t\t\t<div class=\"elementor-spacer-inner\"><\/div>\n\t\t<\/div>\n\t\t\t\t\t\t<\/div>\n\t\t\t\t<\/div>\n\t\t\t\t\t<\/div>\n\t\t\t\t<\/div>\n\t\t<div class=\"elementor-element elementor-element-b6c8c6c e-flex e-con-boxed e-con e-parent\" data-id=\"b6c8c6c\" data-element_type=\"container\">\n\t\t\t\t\t<div class=\"e-con-inner\">\n\t\t\t\t<div class=\"elementor-element elementor-element-af89532 elementor-widget elementor-widget-shortcode\" data-id=\"af89532\" data-element_type=\"widget\" data-widget_type=\"shortcode.default\">\n\t\t\t\t<div class=\"elementor-widget-container\">\n\t\t\t\t\t\t\t<div class=\"elementor-shortcode\"><table id=\"dlp_d6a03c955f27c7eb_1\" class=\"posts-data-table\" width=\"100%\" data-config=\"{&quot;pageLength&quot;:25,&quot;pagingType&quot;:&quot;numbers&quot;,&quot;serverSide&quot;:false,&quot;autoWidth&quot;:true,&quot;clickFilter&quot;:&quot;1&quot;,&quot;scrollOffset&quot;:15,&quot;resetButton&quot;:false,&quot;lengthMenu&quot;:[[10,25,50,100,-1],[10,25,50,100,&quot;All&quot;]],&quot;columnDefs&quot;:[{&quot;className&quot;:&quot;col-title&quot;,&quot;targets&quot;:0},{&quot;className&quot;:&quot;col-excerpt&quot;,&quot;targets&quot;:1},{&quot;className&quot;:&quot;col-date_modified&quot;,&quot;targets&quot;:2},{&quot;className&quot;:&quot;col-download_count&quot;,&quot;targets&quot;:3},{&quot;className&quot;:&quot;col-link&quot;,&quot;targets&quot;:4}],&quot;responsive&quot;:{&quot;details&quot;:{&quot;display&quot;:&quot;child_row&quot;}},&quot;language&quot;:{&quot;info&quot;:&quot;_TOTAL_ documents&quot;,&quot;infoEmpty&quot;:&quot;0 documents&quot;,&quot;emptyTable&quot;:&quot;No matching documents.&quot;,&quot;zeroRecords&quot;:&quot;No matching documents.&quot;,&quot;totalsSingle&quot;:&quot;document&quot;,&quot;totalsPlural&quot;:&quot;documents&quot;},&quot;dom&quot;:&quot;&lt;\\&quot;posts-table-wrapper hello-elementor\\&quot;&lt;\\&quot;posts-table-above posts-table-controls\\&quot;f&gt;t&lt;\\&quot;posts-table-below posts-table-controls\\&quot;lip&gt;&gt;&quot;,&quot;multiDownloadButton&quot;:true,&quot;multiDownloadPosition&quot;:&quot;above&quot;,&quot;multiDownloadText&quot;:&quot;Download Selected Documents&quot;}\" data-filters=\"false\" data-order=\"[]\"><thead><tr><th class=\"all\" data-name=\"title\" data-orderable=\"true\" data-searchable=\"true\" data-priority=\"1\">Title<\/th><th data-name=\"excerpt\" data-orderable=\"true\" data-searchable=\"true\" data-priority=\"4\">Summary<\/th><th data-name=\"date_modified\" data-orderable=\"true\" data-searchable=\"true\" data-priority=\"5\">Last Modified<\/th><th data-name=\"download_count\" data-orderable=\"true\" data-searchable=\"true\" data-priority=\"13\">Downloads<\/th><th data-name=\"link\" data-orderable=\"false\" data-searchable=\"false\" data-priority=\"10\">Link<\/th><\/tr><\/thead><tbody><tr id=\"post-row-1529\" class=\"post-row post-type-dlp_document dlp_document-1529 publish\"><td><a href=\"https:\/\/brandmanual.aflatoun.org\/es\/document\/aflatoun-branding-guidelines-pdf\/\">Aflatoun Branding Guidelines<\/a><\/td><td><p>The Aflatoun Visual Guidelines PDF is the comprehensive master document that establishes all brand identity &hellip;<\/p>\n<\/td><td data-sort=\"1759759769\">octubre 6, 2025<\/td><td>28<\/td><td><div class=\"dlp-table-document-link-wrap\"><a href=\"https:\/\/brandmanual.aflatoun.org\/wp-content\/uploads\/2025\/09\/Aflatoun-Branding-Guidelines-PDF-1.pdf\" class=\"dlp-download-link dlp-download-button document-library-pro-button button btn\" data-download-id=\"1529\"  download=\"Aflatoun-Branding-Guidelines-PDF-1.pdf\" type=\"application\/pdf\">Download<\/a><input type=\"checkbox\" name=\"zip-urls\" data-download-url=\"https:\/\/brandmanual.aflatoun.org\/wp-content\/uploads\/2025\/09\/Aflatoun-Branding-Guidelines-PDF-1.pdf\" data-download-id=\"1529\" \/><\/div><\/td><\/tr><tr id=\"post-row-1228\" class=\"post-row post-type-dlp_document dlp_document-1228 publish\"><td><a href=\"https:\/\/brandmanual.aflatoun.org\/es\/document\/monteserrat-regular-font\/\">Monteserrat Regular font<\/a><\/td><td><p>Montserrat Regular\u00a0is used for subtitles and body text, providing optimal legibility and a clean, approachable &hellip;<\/p>\n<\/td><td data-sort=\"1759218017\">septiembre 30, 2025<\/td><td>2<\/td><td><div class=\"dlp-table-document-link-wrap\"><a href=\"https:\/\/brandmanual.aflatoun.org\/wp-content\/uploads\/2025\/09\/montserrat-regular.zip\" class=\"dlp-download-link dlp-download-button document-library-pro-button button btn\" data-download-id=\"1228\"  download=\"montserrat-regular.zip\" type=\"application\/zip\">Download<\/a><input type=\"checkbox\" name=\"zip-urls\" data-download-url=\"https:\/\/brandmanual.aflatoun.org\/wp-content\/uploads\/2025\/09\/montserrat-regular.zip\" data-download-id=\"1228\" \/><\/div><\/td><\/tr><tr id=\"post-row-1222\" class=\"post-row post-type-dlp_document dlp_document-1222 publish\"><td><a href=\"https:\/\/brandmanual.aflatoun.org\/es\/document\/monteserrat-extra-bold-font\/\">Monteserrat Extra Bold font<\/a><\/td><td><p>Montserrat ExtraBold\u00a0serves as our primary choice for titles and headlines, delivering strong visual impact and &hellip;<\/p>\n<\/td><td data-sort=\"1759217928\">septiembre 30, 2025<\/td><td>2<\/td><td><div class=\"dlp-table-document-link-wrap\"><a href=\"https:\/\/brandmanual.aflatoun.org\/wp-content\/uploads\/2025\/09\/montserrat-extra-bold.zip\" class=\"dlp-download-link dlp-download-button document-library-pro-button button btn\" data-download-id=\"1222\"  download=\"montserrat-extra-bold.zip\" type=\"application\/zip\">Download<\/a><input type=\"checkbox\" name=\"zip-urls\" data-download-url=\"https:\/\/brandmanual.aflatoun.org\/wp-content\/uploads\/2025\/09\/montserrat-extra-bold.zip\" data-download-id=\"1222\" \/><\/div><\/td><\/tr><tr id=\"post-row-785\" class=\"post-row post-type-dlp_document dlp_document-785 publish\"><td><a href=\"https:\/\/brandmanual.aflatoun.org\/es\/document\/font\/\">Aflatoun Typography<\/a><\/td><td><p>Our typography system centers around\u00a0Montserrat, a modern, geometric sans-serif typeface that embodies Aflatoun International\u2019s progressive &hellip;<\/p>\n<\/td><td data-sort=\"1759218163\">septiembre 30, 2025<\/td><td>3<\/td><td><div class=\"dlp-table-document-link-wrap\"><a href=\"https:\/\/brandmanual.aflatoun.org\/wp-content\/uploads\/2025\/09\/typography.pdf\" class=\"dlp-download-link dlp-download-button document-library-pro-button button btn\" data-download-id=\"785\"  download=\"typography.pdf\" type=\"application\/pdf\">Download<\/a><input type=\"checkbox\" name=\"zip-urls\" data-download-url=\"https:\/\/brandmanual.aflatoun.org\/wp-content\/uploads\/2025\/09\/typography.pdf\" data-download-id=\"785\" \/><\/div><\/td><\/tr><\/tbody><\/table><\/div>\n\t\t\t\t\t\t<\/div>\n\t\t\t\t<\/div>\n\t\t\t\t\t<\/div>\n\t\t\t\t<\/div>\n\t\t\t\t<\/div>\n\t\t","protected":false},"excerpt":{"rendered":"<p>Nuestro sistema tipogr\u00e1fico se centra en Montserrat, una tipograf\u00eda geom\u00e9trica sans serif moderna que encarna el esp\u00edritu progresista y la accesibilidad global de Alfatoun International. Esta familia tipogr\u00e1fica vers\u00e1til asegura una comunicaci\u00f3n clara en todos los materiales, manteniendo una apariencia contempor\u00e1nea y profesional que resuena con nuestra diversa audiencia internacional. Montserrat ExtraBold es nuestra elecci\u00f3n [&hellip;]<\/p>\n","protected":false},"author":2,"featured_media":0,"parent":0,"menu_order":0,"comment_status":"closed","ping_status":"closed","template":"","meta":{"_acf_changed":false,"footnotes":""},"class_list":["post-1727","page","type-page","status-publish","hentry"],"acf":[],"_links":{"self":[{"href":"https:\/\/brandmanual.aflatoun.org\/es\/wp-json\/wp\/v2\/pages\/1727","targetHints":{"allow":["GET"]}}],"collection":[{"href":"https:\/\/brandmanual.aflatoun.org\/es\/wp-json\/wp\/v2\/pages"}],"about":[{"href":"https:\/\/brandmanual.aflatoun.org\/es\/wp-json\/wp\/v2\/types\/page"}],"author":[{"embeddable":true,"href":"https:\/\/brandmanual.aflatoun.org\/es\/wp-json\/wp\/v2\/users\/2"}],"replies":[{"embeddable":true,"href":"https:\/\/brandmanual.aflatoun.org\/es\/wp-json\/wp\/v2\/comments?post=1727"}],"version-history":[{"count":2,"href":"https:\/\/brandmanual.aflatoun.org\/es\/wp-json\/wp\/v2\/pages\/1727\/revisions"}],"predecessor-version":[{"id":1851,"href":"https:\/\/brandmanual.aflatoun.org\/es\/wp-json\/wp\/v2\/pages\/1727\/revisions\/1851"}],"wp:attachment":[{"href":"https:\/\/brandmanual.aflatoun.org\/es\/wp-json\/wp\/v2\/media?parent=1727"}],"curies":[{"name":"wp","href":"https:\/\/api.w.org\/{rel}","templated":true}]}}