{"id":1700,"date":"2025-08-19T12:16:52","date_gmt":"2025-08-19T12:16:52","guid":{"rendered":"https:\/\/brandmanual.aflatoun.org\/nuestras-imagenes-y-graficos\/"},"modified":"2025-10-02T18:13:00","modified_gmt":"2025-10-02T18:13:00","slug":"nuestras-imagenes-y-graficos","status":"publish","type":"page","link":"https:\/\/brandmanual.aflatoun.org\/es\/nuestras-imagenes-y-graficos\/","title":{"rendered":"Nuestras im\u00e1genes y gr\u00e1ficos"},"content":{"rendered":"\t\t<div data-elementor-type=\"wp-page\" data-elementor-id=\"1700\" class=\"elementor elementor-1700 elementor-402\" data-elementor-post-type=\"page\">\n\t\t\t\t<div class=\"elementor-element elementor-element-66010b6 e-flex e-con-boxed e-con e-parent\" data-id=\"66010b6\" data-element_type=\"container\">\n\t\t\t\t\t<div class=\"e-con-inner\">\n\t\t\t\t<div class=\"elementor-element elementor-element-9144fb1 elementor-widget elementor-widget-image\" data-id=\"9144fb1\" data-element_type=\"widget\" data-widget_type=\"image.default\">\n\t\t\t\t<div class=\"elementor-widget-container\">\n\t\t\t\t\t\t\t\t\t\t\t\t\t\t\t<img fetchpriority=\"high\" decoding=\"async\" width=\"800\" height=\"329\" src=\"https:\/\/brandmanual.aflatoun.org\/wp-content\/uploads\/2025\/08\/Imagery1.png\" class=\"attachment-large size-large wp-image-717\" alt=\"\" srcset=\"https:\/\/brandmanual.aflatoun.org\/wp-content\/uploads\/2025\/08\/Imagery1.png 930w, https:\/\/brandmanual.aflatoun.org\/wp-content\/uploads\/2025\/08\/Imagery1-300x124.png 300w, https:\/\/brandmanual.aflatoun.org\/wp-content\/uploads\/2025\/08\/Imagery1-768x316.png 768w\" sizes=\"(max-width: 800px) 100vw, 800px\" \/>\t\t\t\t\t\t\t\t\t\t\t\t\t\t\t<\/div>\n\t\t\t\t<\/div>\n\t\t\t\t\t<\/div>\n\t\t\t\t<\/div>\n\t\t<div class=\"elementor-element elementor-element-9cad4fd e-flex e-con-boxed e-con e-parent\" data-id=\"9cad4fd\" data-element_type=\"container\">\n\t\t\t\t\t<div class=\"e-con-inner\">\n\t\t\t\t<div class=\"elementor-element elementor-element-beabe4b elementor-widget elementor-widget-spacer\" data-id=\"beabe4b\" data-element_type=\"widget\" data-widget_type=\"spacer.default\">\n\t\t\t\t<div class=\"elementor-widget-container\">\n\t\t\t\t\t\t\t<div class=\"elementor-spacer\">\n\t\t\t<div class=\"elementor-spacer-inner\"><\/div>\n\t\t<\/div>\n\t\t\t\t\t\t<\/div>\n\t\t\t\t<\/div>\n\t\t\t\t\t<\/div>\n\t\t\t\t<\/div>\n\t\t<div class=\"elementor-element elementor-element-08f1b2a e-flex e-con-boxed e-con e-parent\" data-id=\"08f1b2a\" data-element_type=\"container\">\n\t\t\t\t\t<div class=\"e-con-inner\">\n\t\t\t\t<div class=\"elementor-element elementor-element-2ace9e5 elementor-widget elementor-widget-text-editor\" data-id=\"2ace9e5\" data-element_type=\"widget\" data-widget_type=\"text-editor.default\">\n\t\t\t\t<div class=\"elementor-widget-container\">\n\t\t\t\t\t\t\t\t\t<h1 class=\"text-2xl font-bold mt-1 text-text-100\">Nuestras im\u00e1genes y gr\u00e1ficos<\/h1><p class=\"whitespace-normal break-words\">Nuestra narraci\u00f3n visual refleja la misi\u00f3n de Alfatoun International de empoderar a ni\u00f1os y j\u00f3venes en todo el mundo a trav\u00e9s de im\u00e1genes aut\u00e9nticas, diversas y con prop\u00f3sito. Nuestra estrategia de im\u00e1genes equilibra profesionalismo y calidez, asegurando que cada elemento visual refuerce nuestro compromiso con la educaci\u00f3n social y financiera mientras celebra la rica diversidad de nuestra comunidad global. <\/p><h2 class=\"text-xl font-bold text-text-100 mt-1 -mb-0.5\">Directrices de fotograf\u00eda<\/h2><p class=\"whitespace-normal break-words\">Momentos de aprendizaje aut\u00e9nticos<br>Captura interacciones genuinas en entornos educativos: ni\u00f1os participando en actividades grupales, experiencias pr\u00e1cticas y resoluci\u00f3n colaborativa de problemas. Conc\u00e9ntrate en expresiones naturales de curiosidad, descubrimiento y logro en lugar de escenarios posados o demasiado preparados. <\/p><p class=\"whitespace-normal break-words\">Diversidad global<br>Representa el alcance de nuestra proyecci\u00f3n internacional mediante im\u00e1genes que muestren a ni\u00f1os y j\u00f3venes de diversos or\u00edgenes culturales, regiones geogr\u00e1ficas y contextos socioecon\u00f3micos. Garantiza una representaci\u00f3n inclusiva en todos los grupos de edad, habilidades y etnias. <\/p><p class=\"whitespace-normal break-words\"><strong>Empoderamiento en acci\u00f3n<br>Selecciona im\u00e1genes que demuestren confianza, liderazgo y participaci\u00f3n activa. Muestra a ni\u00f1os tomando iniciativa, presentando ideas, trabajando con conceptos financieros o participando en proyectos sociales que beneficien a sus comunidades.<\/strong> <\/p><h2 class=\"text-xl font-bold text-text-100 mt-1 -mb-0.5\">Elementos gr\u00e1ficos<\/h2><p class=\"whitespace-normal break-words\">Infograf\u00edas y visualizaci\u00f3n de datos<br>Usa infograf\u00edas claras y accesibles que simplifiquen conceptos financieros y sociales complejos. Emplea los colores de nuestra marca estrat\u00e9gicamente para crear una jerarqu\u00eda visual y mantener la coherencia con nuestra est\u00e9tica profesional. <\/p><p class=\"whitespace-normal break-words\">Mapas y elementos geogr\u00e1ficos<br>Incorpora mapas mundiales y visualizaciones geogr\u00e1ficas para resaltar nuestra presencia global e impacto en m\u00e1s de 116 pa\u00edses. Usa la paleta de nuestra marca para distinguir regiones y crear conexiones visuales. <\/p><p class=\"whitespace-normal break-words\"><strong>Ilustraciones educativas<\/strong><br>Cuando no haya fotograf\u00edas disponibles, utiliza ilustraciones simples y modernas que mantengan nuestro tono profesional y sigan siendo accesibles y culturalmente neutrales.<\/p><h2 class=\"text-xl font-bold text-text-100 mt-1 -mb-0.5\">Consejos de selecci\u00f3n<\/h2><p class=\"whitespace-normal break-words\"><strong>Est\u00e1ndares de calidad<\/strong><\/p><ul class=\"[&amp;:not(:last-child)_ul]:pb-1 [&amp;:not(:last-child)_ol]:pb-1 list-disc space-y-1.5 pl-7\"><li class=\"whitespace-normal break-words\">Alta resoluci\u00f3n (m\u00ednimo 300 DPI para impresi\u00f3n, 72 DPI para web)<\/li><li class=\"whitespace-normal break-words\">Enfoque n\u00edtido con buena iluminaci\u00f3n<\/li><li class=\"whitespace-normal break-words\">Temperatura de color coherente que complemente nuestra paleta de marca<\/li><\/ul><p class=\"whitespace-normal break-words\"><strong><br>Directrices de composici\u00f3n<\/strong><\/p><ul class=\"[&amp;:not(:last-child)_ul]:pb-1 [&amp;:not(:last-child)_ol]:pb-1 list-disc space-y-1.5 pl-7\"><li class=\"whitespace-normal break-words\">Incluir espacio negativo para superposici\u00f3n de texto cuando sea necesario<\/li><li class=\"whitespace-normal break-words\">Mantener equilibrio visual y puntos focales claros<\/li><li class=\"whitespace-normal break-words\">Aseg\u00farese de que las im\u00e1genes funcionen eficazmente en varios formatos y tama\u00f1os<\/li><\/ul><p class=\"whitespace-normal break-words\"><strong><br>Sensibilidad cultural<\/strong><\/p><ul class=\"[&amp;:not(:last-child)_ul]:pb-1 [&amp;:not(:last-child)_ol]:pb-1 list-disc space-y-1.5 pl-7\"><li class=\"whitespace-normal break-words\">Respetar las costumbres y tradiciones locales en todas las im\u00e1genes<\/li><li class=\"whitespace-normal break-words\">Obtener los permisos y autorizaciones adecuados<\/li><li class=\"whitespace-normal break-words\">Evitar estereotipos o representaciones excesivamente simplificadas<\/li><\/ul><p class=\"whitespace-normal break-words\"><strong><br>Evitar:<\/strong><\/p><ul class=\"[&amp;:not(:last-child)_ul]:pb-1 [&amp;:not(:last-child)_ol]:pb-1 list-disc space-y-1.5 pl-7\"><li class=\"whitespace-normal break-words\">Fotograf\u00edas de stock que parezcan demasiado gen\u00e9ricas o posadas<\/li><li class=\"whitespace-normal break-words\">Im\u00e1genes que no reflejen nuestra misi\u00f3n educativa<\/li><li class=\"whitespace-normal break-words\">Visuales que compitan o distraigan de los colores de nuestra marca<\/li><li class=\"whitespace-normal break-words\">Gr\u00e1ficos de baja calidad o pixelados<\/li><\/ul><p class=\"whitespace-normal break-words\">Recuerda: cada imagen debe contar una historia que est\u00e9 alineada con nuestra misi\u00f3n de empoderar a los ni\u00f1os y j\u00f3venes para crear un cambio positivo en sus comunidades y en el mundo.<\/p>\t\t\t\t\t\t\t\t<\/div>\n\t\t\t\t<\/div>\n\t\t\t\t\t<\/div>\n\t\t\t\t<\/div>\n\t\t<div class=\"elementor-element elementor-element-9b12725 e-flex e-con-boxed e-con e-parent\" data-id=\"9b12725\" data-element_type=\"container\">\n\t\t\t\t\t<div class=\"e-con-inner\">\n\t\t\t\t<div class=\"elementor-element elementor-element-5bfc107 elementor-widget elementor-widget-gallery\" data-id=\"5bfc107\" data-element_type=\"widget\" data-settings=\"{&quot;lazyload&quot;:&quot;yes&quot;,&quot;gallery_layout&quot;:&quot;grid&quot;,&quot;columns&quot;:4,&quot;columns_tablet&quot;:2,&quot;columns_mobile&quot;:1,&quot;gap&quot;:{&quot;unit&quot;:&quot;px&quot;,&quot;size&quot;:10,&quot;sizes&quot;:[]},&quot;gap_tablet&quot;:{&quot;unit&quot;:&quot;px&quot;,&quot;size&quot;:10,&quot;sizes&quot;:[]},&quot;gap_mobile&quot;:{&quot;unit&quot;:&quot;px&quot;,&quot;size&quot;:10,&quot;sizes&quot;:[]},&quot;link_to&quot;:&quot;file&quot;,&quot;aspect_ratio&quot;:&quot;3:2&quot;,&quot;overlay_background&quot;:&quot;yes&quot;,&quot;content_hover_animation&quot;:&quot;fade-in&quot;}\" data-widget_type=\"gallery.default\">\n\t\t\t\t<div class=\"elementor-widget-container\">\n\t\t\t\t\t\t\t<div class=\"elementor-gallery__container\">\n\t\t\t\t\t\t\t<a class=\"e-gallery-item elementor-gallery-item elementor-animated-content\" href=\"https:\/\/brandmanual.aflatoun.org\/wp-content\/uploads\/2025\/08\/Evidence_Brief_AflaTot.jpg\" data-elementor-open-lightbox=\"yes\" data-elementor-lightbox-slideshow=\"5bfc107\" data-elementor-lightbox-title=\"Evidence_Brief_AflaTot\" data-e-action-hash=\"#elementor-action%3Aaction%3Dlightbox%26settings%3DeyJpZCI6Mzc0LCJ1cmwiOiJodHRwczpcL1wvYnJhbmRtYW51YWwuYWZsYXRvdW4ub3JnXC93cC1jb250ZW50XC91cGxvYWRzXC8yMDI1XC8wOFwvRXZpZGVuY2VfQnJpZWZfQWZsYVRvdC5qcGciLCJzbGlkZXNob3ciOiI1YmZjMTA3In0%3D\">\n\t\t\t\t\t<div class=\"e-gallery-image elementor-gallery-item__image\" data-thumbnail=\"https:\/\/brandmanual.aflatoun.org\/wp-content\/uploads\/2025\/08\/Evidence_Brief_AflaTot-212x300.jpg\" data-width=\"212\" data-height=\"300\" aria-label=\"\" role=\"img\" ><\/div>\n\t\t\t\t\t\t\t\t\t\t\t<div class=\"elementor-gallery-item__overlay\"><\/div>\n\t\t\t\t\t\t\t\t\t\t\t\t\t\t<\/a>\n\t\t\t\t\t\t\t<a class=\"e-gallery-item elementor-gallery-item elementor-animated-content\" href=\"https:\/\/brandmanual.aflatoun.org\/wp-content\/uploads\/2025\/08\/AflaYouth-Brochure.jpg\" data-elementor-open-lightbox=\"yes\" data-elementor-lightbox-slideshow=\"5bfc107\" data-elementor-lightbox-title=\"AflaYouth Brochure\" data-e-action-hash=\"#elementor-action%3Aaction%3Dlightbox%26settings%3DeyJpZCI6MzY5LCJ1cmwiOiJodHRwczpcL1wvYnJhbmRtYW51YWwuYWZsYXRvdW4ub3JnXC93cC1jb250ZW50XC91cGxvYWRzXC8yMDI1XC8wOFwvQWZsYVlvdXRoLUJyb2NodXJlLmpwZyIsInNsaWRlc2hvdyI6IjViZmMxMDcifQ%3D%3D\">\n\t\t\t\t\t<div class=\"e-gallery-image elementor-gallery-item__image\" data-thumbnail=\"https:\/\/brandmanual.aflatoun.org\/wp-content\/uploads\/2025\/08\/AflaYouth-Brochure-212x300.jpg\" data-width=\"212\" data-height=\"300\" aria-label=\"\" role=\"img\" ><\/div>\n\t\t\t\t\t\t\t\t\t\t\t<div class=\"elementor-gallery-item__overlay\"><\/div>\n\t\t\t\t\t\t\t\t\t\t\t\t\t\t<\/a>\n\t\t\t\t\t\t\t<a class=\"e-gallery-item elementor-gallery-item elementor-animated-content\" href=\"https:\/\/brandmanual.aflatoun.org\/wp-content\/uploads\/2025\/08\/1.png\" data-elementor-open-lightbox=\"yes\" data-elementor-lightbox-slideshow=\"5bfc107\" data-elementor-lightbox-title=\"1\" data-e-action-hash=\"#elementor-action%3Aaction%3Dlightbox%26settings%3DeyJpZCI6MzcyLCJ1cmwiOiJodHRwczpcL1wvYnJhbmRtYW51YWwuYWZsYXRvdW4ub3JnXC93cC1jb250ZW50XC91cGxvYWRzXC8yMDI1XC8wOFwvMS5wbmciLCJzbGlkZXNob3ciOiI1YmZjMTA3In0%3D\">\n\t\t\t\t\t<div class=\"e-gallery-image elementor-gallery-item__image\" data-thumbnail=\"https:\/\/brandmanual.aflatoun.org\/wp-content\/uploads\/2025\/08\/1-300x300.png\" data-width=\"300\" data-height=\"300\" aria-label=\"\" role=\"img\" ><\/div>\n\t\t\t\t\t\t\t\t\t\t\t<div class=\"elementor-gallery-item__overlay\"><\/div>\n\t\t\t\t\t\t\t\t\t\t\t\t\t\t<\/a>\n\t\t\t\t\t\t\t<a class=\"e-gallery-item elementor-gallery-item elementor-animated-content\" href=\"https:\/\/brandmanual.aflatoun.org\/wp-content\/uploads\/2025\/08\/Join-Our-Mission.png\" data-elementor-open-lightbox=\"yes\" data-elementor-lightbox-slideshow=\"5bfc107\" data-elementor-lightbox-title=\"Join Our Mission\" data-e-action-hash=\"#elementor-action%3Aaction%3Dlightbox%26settings%3DeyJpZCI6Mzc2LCJ1cmwiOiJodHRwczpcL1wvYnJhbmRtYW51YWwuYWZsYXRvdW4ub3JnXC93cC1jb250ZW50XC91cGxvYWRzXC8yMDI1XC8wOFwvSm9pbi1PdXItTWlzc2lvbi5wbmciLCJzbGlkZXNob3ciOiI1YmZjMTA3In0%3D\">\n\t\t\t\t\t<div class=\"e-gallery-image elementor-gallery-item__image\" data-thumbnail=\"https:\/\/brandmanual.aflatoun.org\/wp-content\/uploads\/2025\/08\/Join-Our-Mission-300x298.png\" data-width=\"300\" data-height=\"298\" aria-label=\"\" role=\"img\" ><\/div>\n\t\t\t\t\t\t\t\t\t\t\t<div class=\"elementor-gallery-item__overlay\"><\/div>\n\t\t\t\t\t\t\t\t\t\t\t\t\t\t<\/a>\n\t\t\t\t\t<\/div>\n\t\t\t\t\t<\/div>\n\t\t\t\t<\/div>\n\t\t\t\t\t<\/div>\n\t\t\t\t<\/div>\n\t\t<div class=\"elementor-element elementor-element-9df3fb5 e-flex e-con-boxed e-con e-parent\" data-id=\"9df3fb5\" data-element_type=\"container\">\n\t\t\t\t\t<div class=\"e-con-inner\">\n\t\t\t\t<div class=\"elementor-element elementor-element-daa9535 elementor-widget elementor-widget-shortcode\" data-id=\"daa9535\" data-element_type=\"widget\" data-widget_type=\"shortcode.default\">\n\t\t\t\t<div class=\"elementor-widget-container\">\n\t\t\t\t\t\t\t<div class=\"elementor-shortcode\"><table id=\"dlp_3a898a65826e4478_1\" class=\"posts-data-table\" width=\"100%\" data-config=\"{&quot;pageLength&quot;:25,&quot;pagingType&quot;:&quot;numbers&quot;,&quot;serverSide&quot;:false,&quot;autoWidth&quot;:true,&quot;clickFilter&quot;:&quot;1&quot;,&quot;scrollOffset&quot;:15,&quot;resetButton&quot;:false,&quot;lengthMenu&quot;:[[10,25,50,100,-1],[10,25,50,100,&quot;All&quot;]],&quot;columnDefs&quot;:[{&quot;className&quot;:&quot;col-title&quot;,&quot;targets&quot;:0},{&quot;className&quot;:&quot;col-excerpt&quot;,&quot;targets&quot;:1},{&quot;className&quot;:&quot;col-date_modified&quot;,&quot;targets&quot;:2},{&quot;className&quot;:&quot;col-download_count&quot;,&quot;targets&quot;:3},{&quot;className&quot;:&quot;col-link&quot;,&quot;targets&quot;:4}],&quot;responsive&quot;:{&quot;details&quot;:{&quot;display&quot;:&quot;child_row&quot;}},&quot;language&quot;:{&quot;info&quot;:&quot;_TOTAL_ documents&quot;,&quot;infoEmpty&quot;:&quot;0 documents&quot;,&quot;emptyTable&quot;:&quot;No matching documents.&quot;,&quot;zeroRecords&quot;:&quot;No matching documents.&quot;,&quot;totalsSingle&quot;:&quot;document&quot;,&quot;totalsPlural&quot;:&quot;documents&quot;},&quot;dom&quot;:&quot;&lt;\\&quot;posts-table-wrapper hello-elementor\\&quot;&lt;\\&quot;posts-table-above posts-table-controls\\&quot;f&gt;t&lt;\\&quot;posts-table-below posts-table-controls\\&quot;lip&gt;&gt;&quot;,&quot;multiDownloadButton&quot;:true,&quot;multiDownloadPosition&quot;:&quot;above&quot;,&quot;multiDownloadText&quot;:&quot;Download Selected Documents&quot;}\" data-filters=\"false\" data-order=\"[]\"><thead><tr><th class=\"all\" data-name=\"title\" data-orderable=\"true\" data-searchable=\"true\" data-priority=\"1\">Title<\/th><th data-name=\"excerpt\" data-orderable=\"true\" data-searchable=\"true\" data-priority=\"4\">Summary<\/th><th data-name=\"date_modified\" data-orderable=\"true\" data-searchable=\"true\" data-priority=\"5\">Last Modified<\/th><th data-name=\"download_count\" data-orderable=\"true\" data-searchable=\"true\" data-priority=\"13\">Downloads<\/th><th data-name=\"link\" data-orderable=\"false\" data-searchable=\"false\" data-priority=\"10\">Link<\/th><\/tr><\/thead><tbody><tr id=\"post-row-1698\" class=\"post-row post-type-dlp_document dlp_document-1698 publish\"><td><a href=\"https:\/\/brandmanual.aflatoun.org\/es\/document\/guide-dimages-et-de-photos-aflatoun\/\">Guide d&#8217;images et de photos Aflatoun<\/a><\/td><td><p>Le contenu visuel est essentiel pour communiquer la mission et l&#8217;impact d&#8217;Aflatoun. Nos images doivent &hellip;<\/p>\n<\/td><td data-sort=\"1759479296\">octubre 3, 2025<\/td><td>3<\/td><td><div class=\"dlp-table-document-link-wrap\"><a href=\"https:\/\/brandmanual.aflatoun.org\/wp-content\/uploads\/2025\/10\/Guide-dimages-et-de-photos-Aflatoun.pdf\" class=\"dlp-download-link dlp-download-button document-library-pro-button button btn\" data-download-id=\"1698\"  download=\"Guide-dimages-et-de-photos-Aflatoun.pdf\" type=\"application\/pdf\">Download<\/a><input type=\"checkbox\" name=\"zip-urls\" data-download-url=\"https:\/\/brandmanual.aflatoun.org\/wp-content\/uploads\/2025\/10\/Guide-dimages-et-de-photos-Aflatoun.pdf\" data-download-id=\"1698\" \/><\/div><\/td><\/tr><tr id=\"post-row-1699\" class=\"post-row post-type-dlp_document dlp_document-1699 publish\"><td><a href=\"https:\/\/brandmanual.aflatoun.org\/es\/document\/aflatoun-imagery-and-photo-guide-in-arabic\/\">Aflatoun Imagery and Photo Guide in Arabic<\/a><\/td><td><p>\u0627\u0644\u0645\u062d\u062a\u0648\u0649 \u0627\u0644\u0645\u0631\u0626\u064a \u0636\u0631\u0648\u0631\u064a \u0644\u062a\u0648\u0635\u064a\u0644 \u0631\u0633\u0627\u0644\u0629 \u0623\u0641\u0644\u0627\u062a\u0648\u0646 \u0648\u062a\u0623\u062b\u064a\u0631\u0647\u0627. \u064a\u062c\u0628 \u0623\u0646 \u062a\u0639\u0643\u0633 \u0635\u0648\u0631\u0646\u0627 \u0627\u0644\u062a\u0645\u0643\u064a\u0646 \u0648\u0627\u0644\u062a\u0646\u0648\u0639 \u0648\u0627\u0644\u062a\u062d\u0648\u0644 \u0627\u0644\u0630\u064a &hellip;<\/p>\n<\/td><td data-sort=\"1759478066\">octubre 3, 2025<\/td><td><\/td><td><div class=\"dlp-table-document-link-wrap\"><a href=\"https:\/\/brandmanual.aflatoun.org\/wp-content\/uploads\/2025\/10\/Aflatoun-Imagery-and-Photo-Guide-in-Arabic.pdf\" class=\"dlp-download-link dlp-download-button document-library-pro-button button btn\" data-download-id=\"1699\"  download=\"Aflatoun-Imagery-and-Photo-Guide-in-Arabic.pdf\" type=\"application\/pdf\">Download<\/a><input type=\"checkbox\" name=\"zip-urls\" data-download-url=\"https:\/\/brandmanual.aflatoun.org\/wp-content\/uploads\/2025\/10\/Aflatoun-Imagery-and-Photo-Guide-in-Arabic.pdf\" data-download-id=\"1699\" \/><\/div><\/td><\/tr><tr id=\"post-row-1691\" class=\"post-row post-type-dlp_document dlp_document-1691 publish\"><td><a href=\"https:\/\/brandmanual.aflatoun.org\/es\/document\/%d0%b8%d0%b7%d0%be%d0%b1%d1%80%d0%b0%d0%b6%d0%b5%d0%bd%d0%b8%d1%8f-%d0%b8-%d1%84%d0%be%d1%82%d0%be%d0%b3%d0%b0%d0%bb%d0%b5%d1%80%d0%b5%d1%8f-aflatoun\/\">\u0418\u0437\u043e\u0431\u0440\u0430\u0436\u0435\u043d\u0438\u044f \u0438 \u0444\u043e\u0442\u043e\u0433\u0430\u043b\u0435\u0440\u0435\u044f Aflatoun<\/a><\/td><td><p>\u0412\u0438\u0437\u0443\u0430\u043b\u044c\u043d\u044b\u0439 \u043a\u043e\u043d\u0442\u0435\u043d\u0442 \u0438\u043c\u0435\u0435\u0442 \u0432\u0430\u0436\u043d\u043e\u0435 \u0437\u043d\u0430\u0447\u0435\u043d\u0438\u0435 \u0434\u043b\u044f \u043f\u0435\u0440\u0435\u0434\u0430\u0447\u0438 \u043c\u0438\u0441\u0441\u0438\u0438 \u0438 \u0432\u043b\u0438\u044f\u043d\u0438\u044f Aflatoun. \u041d\u0430\u0448\u0438 \u0438\u0437\u043e\u0431\u0440\u0430\u0436\u0435\u043d\u0438\u044f \u0434\u043e\u043b\u0436\u043d\u044b \u043e\u0442\u0440\u0430\u0436\u0430\u0442\u044c &hellip;<\/p>\n<\/td><td data-sort=\"1759405972\">octubre 2, 2025<\/td><td><\/td><td><div class=\"dlp-table-document-link-wrap\"><a href=\"https:\/\/brandmanual.aflatoun.org\/wp-content\/uploads\/2025\/10\/Aflatoun-\u0418\u0437\u043e\u0431\u0440\u0430\u0436\u0435\u043d\u0438\u044f-\u0438-\u0433\u0440\u0430\u0444\u0438\u043a\u0430.pdf\" class=\"dlp-download-link dlp-download-button document-library-pro-button button btn\" data-download-id=\"1691\"  download=\"Aflatoun-\u0418\u0437\u043e\u0431\u0440\u0430\u0436\u0435\u043d\u0438\u044f-\u0438-\u0433\u0440\u0430\u0444\u0438\u043a\u0430.pdf\" type=\"application\/pdf\">Download<\/a><input type=\"checkbox\" name=\"zip-urls\" data-download-url=\"https:\/\/brandmanual.aflatoun.org\/wp-content\/uploads\/2025\/10\/Aflatoun-\u0418\u0437\u043e\u0431\u0440\u0430\u0436\u0435\u043d\u0438\u044f-\u0438-\u0433\u0440\u0430\u0444\u0438\u043a\u0430.pdf\" data-download-id=\"1691\" \/><\/div><\/td><\/tr><tr id=\"post-row-1684\" class=\"post-row post-type-dlp_document dlp_document-1684 publish\"><td><a href=\"https:\/\/brandmanual.aflatoun.org\/es\/document\/guia-de-imagenes-y-fotografias-de-aflatoun\/\">Gu\u00eda de im\u00e1genes y fotograf\u00edas de Aflatoun<\/a><\/td><td><p>El contenido visual es esencial para comunicar la misi\u00f3n y el impacto de Aflatoun. Nuestras &hellip;<\/p>\n<\/td><td data-sort=\"1759405138\">octubre 2, 2025<\/td><td>9<\/td><td><div class=\"dlp-table-document-link-wrap\"><a href=\"https:\/\/brandmanual.aflatoun.org\/wp-content\/uploads\/2025\/10\/Guia-de-imagenes-y-fotografias-de-Aflatoun.pdf\" class=\"dlp-download-link dlp-download-button document-library-pro-button button btn\" data-download-id=\"1684\"  download=\"Guia-de-imagenes-y-fotografias-de-Aflatoun.pdf\" type=\"application\/pdf\">Download<\/a><input type=\"checkbox\" name=\"zip-urls\" data-download-url=\"https:\/\/brandmanual.aflatoun.org\/wp-content\/uploads\/2025\/10\/Guia-de-imagenes-y-fotografias-de-Aflatoun.pdf\" data-download-id=\"1684\" \/><\/div><\/td><\/tr><tr id=\"post-row-1496\" class=\"post-row post-type-dlp_document dlp_document-1496 publish\"><td><a href=\"https:\/\/brandmanual.aflatoun.org\/es\/document\/aflatoun-imagery-and-photo-guide\/\">Aflatoun Imagery and Photo Guide ENG<\/a><\/td><td><p>Visual content is essential to communicating\u00a0Aflatoun&#8217;s\u00a0mission and impact. Our imagery should reflect the empowerment, diversity, &hellip;<\/p>\n<\/td><td data-sort=\"1759404961\">octubre 2, 2025<\/td><td>16<\/td><td><div class=\"dlp-table-document-link-wrap\"><a href=\"https:\/\/brandmanual.aflatoun.org\/wp-content\/uploads\/2025\/09\/Aflatoun-Imagery-and-Photo-Guide.pdf\" class=\"dlp-download-link dlp-download-button document-library-pro-button button btn\" data-download-id=\"1496\"  download=\"Aflatoun-Imagery-and-Photo-Guide.pdf\" type=\"application\/pdf\">Download<\/a><input type=\"checkbox\" name=\"zip-urls\" data-download-url=\"https:\/\/brandmanual.aflatoun.org\/wp-content\/uploads\/2025\/09\/Aflatoun-Imagery-and-Photo-Guide.pdf\" data-download-id=\"1496\" \/><\/div><\/td><\/tr><tr id=\"post-row-1283\" class=\"post-row post-type-dlp_document dlp_document-1283 publish\"><td><a href=\"https:\/\/brandmanual.aflatoun.org\/es\/document\/post-social-media-usage-examples\/\">Social Media Posts &#8211; Photo Usage Examples<\/a><\/td><td><p>Our visual storytelling reflects Aflatoun International\u2019s mission to empower children and youth globally through authentic, &hellip;<\/p>\n<\/td><td data-sort=\"1759223884\">septiembre 30, 2025<\/td><td>13<\/td><td><div class=\"dlp-table-document-link-wrap\"><a href=\"https:\/\/aflatoun.org\/social-media-gallery-for-brand-manual\/\" class=\"dlp-download-link dlp-download-button document-library-pro-button button btn\" data-download-id=\"1283\" >Download<\/a><\/div><\/td><\/tr><tr id=\"post-row-1272\" class=\"post-row post-type-dlp_document dlp_document-1272 publish\"><td><a href=\"https:\/\/brandmanual.aflatoun.org\/es\/document\/photo-and-video-consent-form\/\">Photo and Video Consent Form<\/a><\/td><td><p>Rights and Permissions REQUIRED FOR ALL IMAGERY: Written photo consent forms from children&#8217;s parents\/guardians Consent &hellip;<\/p>\n<\/td><td data-sort=\"1759839148\">octubre 7, 2025<\/td><td>3<\/td><td><div class=\"dlp-table-document-link-wrap\"><\/div><\/td><\/tr><\/tbody><\/table><\/div>\n\t\t\t\t\t\t<\/div>\n\t\t\t\t<\/div>\n\t\t\t\t\t<\/div>\n\t\t\t\t<\/div>\n\t\t\t\t<\/div>\n\t\t","protected":false},"excerpt":{"rendered":"<p>Nuestras im\u00e1genes y gr\u00e1ficos Nuestra narraci\u00f3n visual refleja la misi\u00f3n de Alfatoun International de empoderar a ni\u00f1os y j\u00f3venes en todo el mundo a trav\u00e9s de im\u00e1genes aut\u00e9nticas, diversas y con prop\u00f3sito. Nuestra estrategia de im\u00e1genes equilibra profesionalismo y calidez, asegurando que cada elemento visual refuerce nuestro compromiso con la educaci\u00f3n social y financiera mientras [&hellip;]<\/p>\n","protected":false},"author":2,"featured_media":0,"parent":0,"menu_order":0,"comment_status":"closed","ping_status":"closed","template":"","meta":{"_acf_changed":false,"footnotes":""},"class_list":["post-1700","page","type-page","status-publish","hentry"],"acf":[],"_links":{"self":[{"href":"https:\/\/brandmanual.aflatoun.org\/es\/wp-json\/wp\/v2\/pages\/1700","targetHints":{"allow":["GET"]}}],"collection":[{"href":"https:\/\/brandmanual.aflatoun.org\/es\/wp-json\/wp\/v2\/pages"}],"about":[{"href":"https:\/\/brandmanual.aflatoun.org\/es\/wp-json\/wp\/v2\/types\/page"}],"author":[{"embeddable":true,"href":"https:\/\/brandmanual.aflatoun.org\/es\/wp-json\/wp\/v2\/users\/2"}],"replies":[{"embeddable":true,"href":"https:\/\/brandmanual.aflatoun.org\/es\/wp-json\/wp\/v2\/comments?post=1700"}],"version-history":[{"count":2,"href":"https:\/\/brandmanual.aflatoun.org\/es\/wp-json\/wp\/v2\/pages\/1700\/revisions"}],"predecessor-version":[{"id":1837,"href":"https:\/\/brandmanual.aflatoun.org\/es\/wp-json\/wp\/v2\/pages\/1700\/revisions\/1837"}],"wp:attachment":[{"href":"https:\/\/brandmanual.aflatoun.org\/es\/wp-json\/wp\/v2\/media?parent=1700"}],"curies":[{"name":"wp","href":"https:\/\/api.w.org\/{rel}","templated":true}]}}