{"id":1671,"date":"2025-08-19T12:17:48","date_gmt":"2025-08-19T12:17:48","guid":{"rendered":"https:\/\/brandmanual.aflatoun.org\/nuestras-plantillas-editables\/"},"modified":"2025-10-02T18:05:15","modified_gmt":"2025-10-02T18:05:15","slug":"nuestras-plantillas-editables","status":"publish","type":"page","link":"https:\/\/brandmanual.aflatoun.org\/es\/nuestras-plantillas-editables\/","title":{"rendered":"Nuestras plantillas editables"},"content":{"rendered":"\t\t<div data-elementor-type=\"wp-page\" data-elementor-id=\"1671\" class=\"elementor elementor-1671 elementor-408\" data-elementor-post-type=\"page\">\n\t\t\t\t<div class=\"elementor-element elementor-element-ae5e8ef e-flex e-con-boxed e-con e-parent\" data-id=\"ae5e8ef\" data-element_type=\"container\">\n\t\t\t\t\t<div class=\"e-con-inner\">\n\t\t\t\t<div class=\"elementor-element elementor-element-5d4d896 elementor-widget elementor-widget-image\" data-id=\"5d4d896\" data-element_type=\"widget\" data-widget_type=\"image.default\">\n\t\t\t\t<div class=\"elementor-widget-container\">\n\t\t\t\t\t\t\t\t\t\t\t\t\t\t\t<img fetchpriority=\"high\" decoding=\"async\" width=\"800\" height=\"443\" src=\"https:\/\/brandmanual.aflatoun.org\/wp-content\/uploads\/2025\/08\/Partners-Manual.png\" class=\"attachment-large size-large wp-image-703\" alt=\"\" srcset=\"https:\/\/brandmanual.aflatoun.org\/wp-content\/uploads\/2025\/08\/Partners-Manual.png 895w, https:\/\/brandmanual.aflatoun.org\/wp-content\/uploads\/2025\/08\/Partners-Manual-300x166.png 300w, https:\/\/brandmanual.aflatoun.org\/wp-content\/uploads\/2025\/08\/Partners-Manual-768x426.png 768w\" sizes=\"(max-width: 800px) 100vw, 800px\" \/>\t\t\t\t\t\t\t\t\t\t\t\t\t\t\t<\/div>\n\t\t\t\t<\/div>\n\t\t\t\t\t<\/div>\n\t\t\t\t<\/div>\n\t\t<div class=\"elementor-element elementor-element-e36dbcd e-flex e-con-boxed e-con e-parent\" data-id=\"e36dbcd\" data-element_type=\"container\">\n\t\t\t\t\t<div class=\"e-con-inner\">\n\t\t\t\t<div class=\"elementor-element elementor-element-22b113f elementor-widget elementor-widget-text-editor\" data-id=\"22b113f\" data-element_type=\"widget\" data-widget_type=\"text-editor.default\">\n\t\t\t\t<div class=\"elementor-widget-container\">\n\t\t\t\t\t\t\t\t\t<h1 class=\"text-2xl font-bold mt-1 text-text-100\">Plantillas editables<\/h1><p class=\"whitespace-normal break-words\">Nuestra completa biblioteca de plantillas garantiza la aplicaci\u00f3n coherente de la marca en todos los materiales de marketing y comunicaciones. Estas plantillas, dise\u00f1adas profesionalmente, incorporan nuestra paleta de colores, tipograf\u00eda, pautas de im\u00e1genes y tono de voz para mantener la integridad de la marca, al tiempo que brindan flexibilidad para diversas necesidades de contenido en toda nuestra red global. <\/p><h2 class=\"text-xl font-bold text-text-100 mt-1 -mb-0.5\">Directrices de uso<\/h2><p class=\"whitespace-normal break-words\"><strong>Colocaci\u00f3n del logotipo<\/strong><\/p><ul class=\"[&amp;:not(:last-child)_ul]:pb-1 [&amp;:not(:last-child)_ol]:pb-1 list-disc space-y-1.5 pl-7\"><li class=\"whitespace-normal break-words\">Mant\u00e9n siempre un espacio m\u00ednimo libre alrededor del logotipo.<\/li><li class=\"whitespace-normal break-words\">Coloca los logotipos en la esquina superior izquierda para documentos y en la esquina superior derecha para presentaciones.<\/li><li class=\"whitespace-normal break-words\">Utiliza la versi\u00f3n adecuada del logotipo (completa, abreviada o s\u00edmbolo) seg\u00fan el espacio disponible.<\/li><li class=\"whitespace-normal break-words\">Nunca redimensiones los logotipos de manera desproporcionada ni alteres sus colores.<\/li><\/ul><p class=\"whitespace-normal break-words\"><strong><br>Aplicaci\u00f3n de colores<\/strong><\/p><ul class=\"[&amp;:not(:last-child)_ul]:pb-1 [&amp;:not(:last-child)_ol]:pb-1 list-disc space-y-1.5 pl-7\"><li class=\"whitespace-normal break-words\">Utiliza nuestra paleta de cuatro colores estrat\u00e9gicamente para crear una jerarqu\u00eda visual.<\/li><li class=\"whitespace-normal break-words\">Asegura un contraste suficiente para la accesibilidad (especialmente en superposici\u00f3n de texto).<\/li><li class=\"whitespace-normal break-words\">Aplica los colores de manera coherente en todos los materiales relacionados con una campa\u00f1a.<\/li><li class=\"whitespace-normal break-words\">Reserva Comet (dorado-amarillo) para los elementos clave y las llamadas a la acci\u00f3n.<\/li><\/ul><p class=\"whitespace-normal break-words\"><strong><br>Jerarqu\u00eda tipogr\u00e1fica<\/strong><\/p><ul class=\"[&amp;:not(:last-child)_ul]:pb-1 [&amp;:not(:last-child)_ol]:pb-1 list-disc space-y-1.5 pl-7\"><li class=\"whitespace-normal break-words\">Mant\u00e9n estilos de encabezado consistentes usando Montserrat ExtraBold.<\/li><li class=\"whitespace-normal break-words\">Aplica el espaciado de l\u00edneas y de caracteres adecuado seg\u00fan lo especificado.<\/li><li class=\"whitespace-normal break-words\">Aseg\u00farate de que el texto siga siendo legible en todos los tama\u00f1os, especialmente en formatos digitales.<\/li><li class=\"whitespace-normal break-words\">Usa la tipograf\u00eda para guiar la vista del lector a trav\u00e9s del contenido de manera l\u00f3gica.<\/li><\/ul><h2 class=\"text-xl font-bold text-text-100 mt-1 -mb-0.5\">Aplicaciones espec\u00edficas de la plataforma<\/h2><p class=\"whitespace-normal break-words\">Plantillas de sitios web<br>Especificaciones de encabezados y pies de p\u00e1gina, dise\u00f1os de p\u00e1ginas con integraci\u00f3n adecuada de la marca, estilos de botones y elementos de navegaci\u00f3n que reflejan nuestra est\u00e9tica profesional pero accesible.<\/p><p class=\"whitespace-normal break-words\"><strong>Directrices para redes sociales<\/strong><\/p><ul class=\"[&amp;:not(:last-child)_ul]:pb-1 [&amp;:not(:last-child)_ol]:pb-1 list-disc space-y-1.5 pl-7\"><li class=\"whitespace-normal break-words\">Facebook: fotos de portada, gr\u00e1ficos de publicaciones y banners de eventos.<\/li><li class=\"whitespace-normal break-words\">Instagram: plantillas de historias, formatos de publicaciones y portadas de destacados.<\/li><li class=\"whitespace-normal break-words\">LinkedIn: encabezados de p\u00e1ginas de empresa, gr\u00e1ficos de art\u00edculos y formatos de publicaciones profesionales.<\/li><li class=\"whitespace-normal break-words\">Twitter: im\u00e1genes de encabezado, gr\u00e1ficos de tweets promocionados y visualizaciones de hilos.<\/li><\/ul><p class=\"whitespace-normal break-words\"><strong><br>Formatos de publicidad impresa Anuncios de revista de p\u00e1gina completa, insertos de peri\u00f3dico, banners de conferencias y exhibiciones con una colocaci\u00f3n adecuada de los elementos de marca y jerarqu\u00eda de mensajes.<\/strong><\/p><p class=\"whitespace-normal break-words\">Marketing por correo electr\u00f3nico<br>Dise\u00f1os de boletines, plantillas de anuncios y series de correos electr\u00f3nicos automatizados que mantienen la coherencia de la marca mientras se optimizan para diversos clientes de correo electr\u00f3nico y dispositivos m\u00f3viles.<\/p><h2 class=\"text-xl font-bold text-text-100 mt-1 -mb-0.5\">Lista de control de calidad<\/h2><p class=\"whitespace-normal break-words\"><strong>Antes de publicar cualquier material:<\/strong><\/p><ul class=\"contains-task-list\"><li class=\"task-list-item\"><input disabled type=\"checkbox\"> El logotipo aparece en el tama\u00f1o y posici\u00f3n correctos.<\/li><li class=\"task-list-item\"><input disabled type=\"checkbox\"> Los colores coinciden exactamente con las especificaciones de la marca.<\/li><li class=\"task-list-item\"><input disabled type=\"checkbox\"> La tipograf\u00eda sigue la jerarqu\u00eda establecida.<\/li><li class=\"task-list-item\"><input disabled type=\"checkbox\"> Las im\u00e1genes se alinean con las directrices de la marca.<\/li><li class=\"task-list-item\"><input disabled type=\"checkbox\"> El tono de voz es coherente con los est\u00e1ndares de la marca.<\/li><li class=\"task-list-item\"><input disabled type=\"checkbox\"> La informaci\u00f3n de contacto y las cuentas de redes sociales est\u00e1n actualizadas.<\/li><li class=\"task-list-item\"><input disabled type=\"checkbox\"> Todo el texto est\u00e1 corregido y es culturalmente apropiado.<\/li><li class=\"task-list-item\"><input disabled type=\"checkbox\"> Los formatos de archivo est\u00e1n optimizados para el uso previsto<\/li><\/ul><h2 class=\"text-xl font-bold text-text-100 mt-1 -mb-0.5\">Acceso y personalizaci\u00f3n de plantillas<\/h2><p class=\"whitespace-normal break-words\"><strong>Modificaciones aprobadas:<\/strong><br>Las plantillas pueden personalizarse para el contenido, los idiomas regionales y las necesidades espec\u00edficas de las campa\u00f1as, manteniendo los elementos esenciales de la marca. Las adaptaciones locales deben preservar la identidad visual general y la integridad de la marca. <\/p><p class=\"whitespace-normal break-words\">Elementos restringidos:<br>El dise\u00f1o del logotipo, la paleta de colores principal y las elecciones tipogr\u00e1ficas no pueden modificarse. Cualquier modificaci\u00f3n importante requiere la aprobaci\u00f3n del equipo de comunicaciones de Alfatoun International. <\/p><p class=\"whitespace-normal break-words\">Biblioteca de plantillas:<br>Todas las plantillas actuales est\u00e1n disponibles a trav\u00e9s de nuestro portal de marca, con actualizaciones regulares para garantizar el cumplimiento de los est\u00e1ndares de marca y los requisitos de las plataformas en evoluci\u00f3n.<\/p><p class=\"whitespace-normal break-words\">Soporte:<br>Contacta con el equipo de comunicaciones para orientaci\u00f3n sobre la selecci\u00f3n de plantillas, preguntas de personalizaci\u00f3n o solicitudes de nuevos formatos de plantillas que actualmente no est\u00e1n disponibles en la biblioteca.<\/p>\t\t\t\t\t\t\t\t<\/div>\n\t\t\t\t<\/div>\n\t\t\t\t\t<\/div>\n\t\t\t\t<\/div>\n\t\t<div class=\"elementor-element elementor-element-19ce789 e-flex e-con-boxed e-con e-parent\" data-id=\"19ce789\" data-element_type=\"container\">\n\t\t\t\t\t<div class=\"e-con-inner\">\n\t\t\t\t<div class=\"elementor-element elementor-element-f3f96be elementor-widget elementor-widget-shortcode\" data-id=\"f3f96be\" data-element_type=\"widget\" data-widget_type=\"shortcode.default\">\n\t\t\t\t<div class=\"elementor-widget-container\">\n\t\t\t\t\t\t\t<div class=\"elementor-shortcode\"><table id=\"dlp_148311ea74000373_1\" class=\"posts-data-table\" width=\"100%\" data-config=\"{&quot;pageLength&quot;:25,&quot;pagingType&quot;:&quot;numbers&quot;,&quot;serverSide&quot;:false,&quot;autoWidth&quot;:true,&quot;clickFilter&quot;:&quot;1&quot;,&quot;scrollOffset&quot;:15,&quot;resetButton&quot;:false,&quot;lengthMenu&quot;:[[10,25,50,100,-1],[10,25,50,100,&quot;All&quot;]],&quot;columnDefs&quot;:[{&quot;className&quot;:&quot;col-title&quot;,&quot;targets&quot;:0},{&quot;className&quot;:&quot;col-excerpt&quot;,&quot;targets&quot;:1},{&quot;className&quot;:&quot;col-date_modified&quot;,&quot;targets&quot;:2},{&quot;className&quot;:&quot;col-download_count&quot;,&quot;targets&quot;:3},{&quot;className&quot;:&quot;col-link&quot;,&quot;targets&quot;:4}],&quot;responsive&quot;:{&quot;details&quot;:{&quot;display&quot;:&quot;child_row&quot;}},&quot;language&quot;:{&quot;info&quot;:&quot;_TOTAL_ documents&quot;,&quot;infoEmpty&quot;:&quot;0 documents&quot;,&quot;emptyTable&quot;:&quot;No matching documents.&quot;,&quot;zeroRecords&quot;:&quot;No matching documents.&quot;,&quot;totalsSingle&quot;:&quot;document&quot;,&quot;totalsPlural&quot;:&quot;documents&quot;},&quot;dom&quot;:&quot;&lt;\\&quot;posts-table-wrapper hello-elementor\\&quot;&lt;\\&quot;posts-table-above posts-table-controls\\&quot;f&gt;t&lt;\\&quot;posts-table-below posts-table-controls\\&quot;lip&gt;&gt;&quot;,&quot;multiDownloadButton&quot;:true,&quot;multiDownloadPosition&quot;:&quot;above&quot;,&quot;multiDownloadText&quot;:&quot;Download Selected Documents&quot;}\" data-filters=\"false\" data-order=\"[]\"><thead><tr><th class=\"all\" data-name=\"title\" data-orderable=\"true\" data-searchable=\"true\" data-priority=\"1\">Title<\/th><th data-name=\"excerpt\" data-orderable=\"true\" data-searchable=\"true\" data-priority=\"4\">Summary<\/th><th data-name=\"date_modified\" data-orderable=\"true\" data-searchable=\"true\" data-priority=\"5\">Last Modified<\/th><th data-name=\"download_count\" data-orderable=\"true\" data-searchable=\"true\" data-priority=\"13\">Downloads<\/th><th data-name=\"link\" data-orderable=\"false\" data-searchable=\"false\" data-priority=\"10\">Link<\/th><\/tr><\/thead><tbody><tr id=\"post-row-1529\" class=\"post-row post-type-dlp_document dlp_document-1529 publish\"><td><a href=\"https:\/\/brandmanual.aflatoun.org\/es\/document\/aflatoun-branding-guidelines-pdf\/\">Aflatoun Branding Guidelines<\/a><\/td><td><p>The Aflatoun Visual Guidelines PDF is the comprehensive master document that establishes all brand identity &hellip;<\/p>\n<\/td><td data-sort=\"1759759769\">octubre 6, 2025<\/td><td>28<\/td><td><div class=\"dlp-table-document-link-wrap\"><a href=\"https:\/\/brandmanual.aflatoun.org\/wp-content\/uploads\/2025\/09\/Aflatoun-Branding-Guidelines-PDF-1.pdf\" class=\"dlp-download-link dlp-download-button document-library-pro-button button btn\" data-download-id=\"1529\"  download=\"Aflatoun-Branding-Guidelines-PDF-1.pdf\" type=\"application\/pdf\">Download<\/a><input type=\"checkbox\" name=\"zip-urls\" data-download-url=\"https:\/\/brandmanual.aflatoun.org\/wp-content\/uploads\/2025\/09\/Aflatoun-Branding-Guidelines-PDF-1.pdf\" data-download-id=\"1529\" \/><\/div><\/td><\/tr><tr id=\"post-row-1477\" class=\"post-row post-type-dlp_document dlp_document-1477 publish\"><td><a href=\"https:\/\/brandmanual.aflatoun.org\/es\/document\/aflatoun-ppt-template-blank\/\">Aflatoun PPT Template (blank)<\/a><\/td><td><p>The main Aflatoun PowerPoint blank template is designed for external presentations to partners, funders, government &hellip;<\/p>\n<\/td><td data-sort=\"1759839776\">octubre 7, 2025<\/td><td>6<\/td><td><div class=\"dlp-table-document-link-wrap\"><\/div><\/td><\/tr><tr id=\"post-row-784\" class=\"post-row post-type-dlp_document dlp_document-784 publish\"><td><a href=\"https:\/\/brandmanual.aflatoun.org\/es\/document\/instagram-template\/\">Instagram Template<\/a><\/td><td><p>These ready-to-use templates ensure consistent brand presence across all social media platforms. Each template set &hellip;<\/p>\n<\/td><td data-sort=\"1759839873\">octubre 7, 2025<\/td><td>1<\/td><td><div class=\"dlp-table-document-link-wrap\"><\/div><\/td><\/tr><tr id=\"post-row-783\" class=\"post-row post-type-dlp_document dlp_document-783 publish\"><td><a href=\"https:\/\/brandmanual.aflatoun.org\/es\/document\/facebook-template\/\">Facebook Template<\/a><\/td><td><p>These ready-to-use templates ensure consistent brand presence across all social media platforms. Each template set &hellip;<\/p>\n<\/td><td data-sort=\"1759839900\">octubre 7, 2025<\/td><td><\/td><td><div class=\"dlp-table-document-link-wrap\"><\/div><\/td><\/tr><tr id=\"post-row-757\" class=\"post-row post-type-dlp_document dlp_document-757 publish\"><td><a href=\"https:\/\/brandmanual.aflatoun.org\/es\/document\/linkedin-template\/\">LinkedIn Template<\/a><\/td><td><p>These ready-to-use templates ensure consistent brand presence across all social media platforms. Each template set &hellip;<\/p>\n<\/td><td data-sort=\"1759840030\">octubre 7, 2025<\/td><td>1<\/td><td><div class=\"dlp-table-document-link-wrap\"><\/div><\/td><\/tr><\/tbody><\/table><\/div>\n\t\t\t\t\t\t<\/div>\n\t\t\t\t<\/div>\n\t\t\t\t\t<\/div>\n\t\t\t\t<\/div>\n\t\t\t\t<\/div>\n\t\t","protected":false},"excerpt":{"rendered":"<p>Plantillas editables Nuestra completa biblioteca de plantillas garantiza la aplicaci\u00f3n coherente de la marca en todos los materiales de marketing y comunicaciones. Estas plantillas, dise\u00f1adas profesionalmente, incorporan nuestra paleta de colores, tipograf\u00eda, pautas de im\u00e1genes y tono de voz para mantener la integridad de la marca, al tiempo que brindan flexibilidad para diversas necesidades de [&hellip;]<\/p>\n","protected":false},"author":2,"featured_media":0,"parent":0,"menu_order":0,"comment_status":"closed","ping_status":"closed","template":"elementor_header_footer","meta":{"_acf_changed":false,"footnotes":""},"class_list":["post-1671","page","type-page","status-publish","hentry"],"acf":[],"_links":{"self":[{"href":"https:\/\/brandmanual.aflatoun.org\/es\/wp-json\/wp\/v2\/pages\/1671","targetHints":{"allow":["GET"]}}],"collection":[{"href":"https:\/\/brandmanual.aflatoun.org\/es\/wp-json\/wp\/v2\/pages"}],"about":[{"href":"https:\/\/brandmanual.aflatoun.org\/es\/wp-json\/wp\/v2\/types\/page"}],"author":[{"embeddable":true,"href":"https:\/\/brandmanual.aflatoun.org\/es\/wp-json\/wp\/v2\/users\/2"}],"replies":[{"embeddable":true,"href":"https:\/\/brandmanual.aflatoun.org\/es\/wp-json\/wp\/v2\/comments?post=1671"}],"version-history":[{"count":3,"href":"https:\/\/brandmanual.aflatoun.org\/es\/wp-json\/wp\/v2\/pages\/1671\/revisions"}],"predecessor-version":[{"id":1822,"href":"https:\/\/brandmanual.aflatoun.org\/es\/wp-json\/wp\/v2\/pages\/1671\/revisions\/1822"}],"wp:attachment":[{"href":"https:\/\/brandmanual.aflatoun.org\/es\/wp-json\/wp\/v2\/media?parent=1671"}],"curies":[{"name":"wp","href":"https:\/\/api.w.org\/{rel}","templated":true}]}}