{"id":1665,"date":"2025-08-19T12:14:54","date_gmt":"2025-08-19T12:14:54","guid":{"rendered":"https:\/\/brandmanual.aflatoun.org\/nuestra-paleta-de-colores\/"},"modified":"2025-10-02T18:04:05","modified_gmt":"2025-10-02T18:04:05","slug":"nuestra-paleta-de-colores","status":"publish","type":"page","link":"https:\/\/brandmanual.aflatoun.org\/es\/nuestra-paleta-de-colores\/","title":{"rendered":"Nuestra paleta de colores"},"content":{"rendered":"\t\t<div data-elementor-type=\"wp-page\" data-elementor-id=\"1665\" class=\"elementor elementor-1665 elementor-389\" data-elementor-post-type=\"page\">\n\t\t\t\t<div class=\"elementor-element elementor-element-2061574 e-flex e-con-boxed e-con e-parent\" data-id=\"2061574\" data-element_type=\"container\">\n\t\t\t\t\t<div class=\"e-con-inner\">\n\t\t<div class=\"elementor-element elementor-element-bb5bea0 e-con-full e-flex e-con e-child\" data-id=\"bb5bea0\" data-element_type=\"container\">\n\t\t\t\t<div class=\"elementor-element elementor-element-5a8a832 elementor-widget elementor-widget-image\" data-id=\"5a8a832\" data-element_type=\"widget\" data-widget_type=\"image.default\">\n\t\t\t\t<div class=\"elementor-widget-container\">\n\t\t\t\t\t\t\t\t\t\t\t\t\t\t\t<img fetchpriority=\"high\" decoding=\"async\" width=\"800\" height=\"169\" src=\"https:\/\/brandmanual.aflatoun.org\/wp-content\/uploads\/2025\/08\/TCP3.png\" class=\"attachment-large size-large wp-image-711\" alt=\"\" srcset=\"https:\/\/brandmanual.aflatoun.org\/wp-content\/uploads\/2025\/08\/TCP3.png 926w, https:\/\/brandmanual.aflatoun.org\/wp-content\/uploads\/2025\/08\/TCP3-300x63.png 300w, https:\/\/brandmanual.aflatoun.org\/wp-content\/uploads\/2025\/08\/TCP3-768x163.png 768w\" sizes=\"(max-width: 800px) 100vw, 800px\" \/>\t\t\t\t\t\t\t\t\t\t\t\t\t\t\t<\/div>\n\t\t\t\t<\/div>\n\t\t\t\t<\/div>\n\t\t\t\t\t<\/div>\n\t\t\t\t<\/div>\n\t\t<div class=\"elementor-element elementor-element-91d3823 e-flex e-con-boxed e-con e-parent\" data-id=\"91d3823\" data-element_type=\"container\">\n\t\t\t\t\t<div class=\"e-con-inner\">\n\t\t\t\t<div class=\"elementor-element elementor-element-2e723ba elementor-widget elementor-widget-text-editor\" data-id=\"2e723ba\" data-element_type=\"widget\" data-widget_type=\"text-editor.default\">\n\t\t\t\t<div class=\"elementor-widget-container\">\n\t\t\t\t\t\t\t\t\t<p>Nuestra paleta de colores distintiva refleja la identidad profesional pero accesible de Alfatoun International, demostrando nuestro compromiso de empoderar a ni\u00f1os y j\u00f3venes a trav\u00e9s de la educaci\u00f3n social y financiera. Esta selecci\u00f3n refinada de cuatro colores cuidadosamente elegidos crea un lenguaje visual cohesivo que transmite confianza, crecimiento, innovaci\u00f3n y optimismo en toda nuestra red global. <\/p><p>El azul cielo representa el potencial ilimitado y las aspiraciones que fomentamos en cada ni\u00f1o, mientras que el lapisl\u00e1zuli transmite la profundidad del conocimiento y la sabidur\u00eda que ayudamos a desarrollar en los j\u00f3venes. El azul brillante encarna nuestro enfoque visionario y la claridad de nuestra misi\u00f3n educativa, y Comet (nuestro vibrante dorado-amarillo) simboliza el brillante futuro y las oportunidades doradas que ayudamos a crear para los ni\u00f1os en todo el mundo.<\/p><p>Esta paleta simplificada garantiza la coherencia y el reconocimiento en todos los materiales, proporcionando al mismo tiempo suficiente versatilidad para crear comunicaciones profesionales atractivas que resuenen entre educadores, socios y partes interesadas en m\u00e1s de 116 pa\u00edses asociados.<\/p><p><strong>Implementaci\u00f3n t\u00e9cnica:<\/strong><\/p><ul><li>Para aplicaciones digitales (Canva): usa los c\u00f3digos hexadecimales (#)<\/li><li>Para impresi\u00f3n y aplicaciones de Microsoft Office: utiliza los valores RGB<\/li><li>Mant\u00e9n estas especificaciones exactas de color en todos los materiales de marca para garantizar la coherencia.<br><br><\/li><\/ul><p>Importante: Solo estos cuatro colores especificados pueden usarse en los materiales de Alfatoun International para mantener nuestra identidad de marca distintiva y apariencia profesional.<\/p>\t\t\t\t\t\t\t\t<\/div>\n\t\t\t\t<\/div>\n\t\t\t\t\t<\/div>\n\t\t\t\t<\/div>\n\t\t<div class=\"elementor-element elementor-element-4f8733d e-flex e-con-boxed e-con e-parent\" data-id=\"4f8733d\" data-element_type=\"container\">\n\t\t\t\t\t<div class=\"e-con-inner\">\n\t\t<div class=\"elementor-element elementor-element-5058c12 e-con-full e-flex e-con e-child\" data-id=\"5058c12\" data-element_type=\"container\">\n\t\t\t\t<div class=\"elementor-element elementor-element-fe68d19 elementor-widget elementor-widget-image\" data-id=\"fe68d19\" data-element_type=\"widget\" data-widget_type=\"image.default\">\n\t\t\t\t<div class=\"elementor-widget-container\">\n\t\t\t\t\t\t\t\t\t\t\t\t\t\t\t<img decoding=\"async\" width=\"800\" height=\"448\" src=\"https:\/\/brandmanual.aflatoun.org\/wp-content\/uploads\/2025\/08\/TCP1-1024x573.png\" class=\"attachment-large size-large wp-image-707\" alt=\"\" srcset=\"https:\/\/brandmanual.aflatoun.org\/wp-content\/uploads\/2025\/08\/TCP1-1024x573.png 1024w, https:\/\/brandmanual.aflatoun.org\/wp-content\/uploads\/2025\/08\/TCP1-300x168.png 300w, https:\/\/brandmanual.aflatoun.org\/wp-content\/uploads\/2025\/08\/TCP1-768x430.png 768w, https:\/\/brandmanual.aflatoun.org\/wp-content\/uploads\/2025\/08\/TCP1.png 1081w\" sizes=\"(max-width: 800px) 100vw, 800px\" \/>\t\t\t\t\t\t\t\t\t\t\t\t\t\t\t<\/div>\n\t\t\t\t<\/div>\n\t\t\t\t<\/div>\n\t\t<div class=\"elementor-element elementor-element-5cda6e8 e-con-full e-flex e-con e-child\" data-id=\"5cda6e8\" data-element_type=\"container\">\n\t\t\t\t<div class=\"elementor-element elementor-element-3161548 elementor-widget elementor-widget-image\" data-id=\"3161548\" data-element_type=\"widget\" data-widget_type=\"image.default\">\n\t\t\t\t<div class=\"elementor-widget-container\">\n\t\t\t\t\t\t\t\t\t\t\t\t\t\t\t<img decoding=\"async\" width=\"800\" height=\"449\" src=\"https:\/\/brandmanual.aflatoun.org\/wp-content\/uploads\/2025\/08\/TCP2-1024x575.png\" class=\"attachment-large size-large wp-image-709\" alt=\"\" srcset=\"https:\/\/brandmanual.aflatoun.org\/wp-content\/uploads\/2025\/08\/TCP2-1024x575.png 1024w, https:\/\/brandmanual.aflatoun.org\/wp-content\/uploads\/2025\/08\/TCP2-300x169.png 300w, https:\/\/brandmanual.aflatoun.org\/wp-content\/uploads\/2025\/08\/TCP2-768x431.png 768w, https:\/\/brandmanual.aflatoun.org\/wp-content\/uploads\/2025\/08\/TCP2.png 1278w\" sizes=\"(max-width: 800px) 100vw, 800px\" \/>\t\t\t\t\t\t\t\t\t\t\t\t\t\t\t<\/div>\n\t\t\t\t<\/div>\n\t\t\t\t<\/div>\n\t\t\t\t\t<\/div>\n\t\t\t\t<\/div>\n\t\t<div class=\"elementor-element elementor-element-aa2f15b e-flex e-con-boxed e-con e-parent\" data-id=\"aa2f15b\" data-element_type=\"container\">\n\t\t\t\t\t<div class=\"e-con-inner\">\n\t\t\t\t<div class=\"elementor-element elementor-element-7cb3dcb elementor-widget elementor-widget-shortcode\" data-id=\"7cb3dcb\" data-element_type=\"widget\" data-widget_type=\"shortcode.default\">\n\t\t\t\t<div class=\"elementor-widget-container\">\n\t\t\t\t\t\t\t<div class=\"elementor-shortcode\"><table id=\"dlp_775e8fe05658aa9a_1\" class=\"posts-data-table\" width=\"100%\" data-config=\"{&quot;pageLength&quot;:25,&quot;pagingType&quot;:&quot;numbers&quot;,&quot;serverSide&quot;:false,&quot;autoWidth&quot;:true,&quot;clickFilter&quot;:&quot;1&quot;,&quot;scrollOffset&quot;:15,&quot;resetButton&quot;:false,&quot;lengthMenu&quot;:[[10,25,50,100,-1],[10,25,50,100,&quot;All&quot;]],&quot;columnDefs&quot;:[{&quot;className&quot;:&quot;col-title&quot;,&quot;targets&quot;:0},{&quot;className&quot;:&quot;col-excerpt&quot;,&quot;targets&quot;:1},{&quot;className&quot;:&quot;col-date_modified&quot;,&quot;targets&quot;:2},{&quot;className&quot;:&quot;col-download_count&quot;,&quot;targets&quot;:3},{&quot;className&quot;:&quot;col-link&quot;,&quot;targets&quot;:4}],&quot;responsive&quot;:{&quot;details&quot;:{&quot;display&quot;:&quot;child_row&quot;}},&quot;language&quot;:{&quot;info&quot;:&quot;_TOTAL_ documents&quot;,&quot;infoEmpty&quot;:&quot;0 documents&quot;,&quot;emptyTable&quot;:&quot;No matching documents.&quot;,&quot;zeroRecords&quot;:&quot;No matching documents.&quot;,&quot;totalsSingle&quot;:&quot;document&quot;,&quot;totalsPlural&quot;:&quot;documents&quot;},&quot;dom&quot;:&quot;&lt;\\&quot;posts-table-wrapper hello-elementor\\&quot;&lt;\\&quot;posts-table-above posts-table-controls\\&quot;f&gt;t&lt;\\&quot;posts-table-below posts-table-controls\\&quot;lip&gt;&gt;&quot;,&quot;multiDownloadButton&quot;:true,&quot;multiDownloadPosition&quot;:&quot;above&quot;,&quot;multiDownloadText&quot;:&quot;Download Selected Documents&quot;}\" data-filters=\"false\" data-order=\"[]\"><thead><tr><th class=\"all\" data-name=\"title\" data-orderable=\"true\" data-searchable=\"true\" data-priority=\"1\">Title<\/th><th data-name=\"excerpt\" data-orderable=\"true\" data-searchable=\"true\" data-priority=\"4\">Summary<\/th><th data-name=\"date_modified\" data-orderable=\"true\" data-searchable=\"true\" data-priority=\"5\">Last Modified<\/th><th data-name=\"download_count\" data-orderable=\"true\" data-searchable=\"true\" data-priority=\"13\">Downloads<\/th><th data-name=\"link\" data-orderable=\"false\" data-searchable=\"false\" data-priority=\"10\">Link<\/th><\/tr><\/thead><tbody><tr id=\"post-row-1529\" class=\"post-row post-type-dlp_document dlp_document-1529 publish\"><td><a href=\"https:\/\/brandmanual.aflatoun.org\/es\/document\/aflatoun-branding-guidelines-pdf\/\">Aflatoun Branding Guidelines<\/a><\/td><td><p>The Aflatoun Visual Guidelines PDF is the comprehensive master document that establishes all brand identity &hellip;<\/p>\n<\/td><td data-sort=\"1759759769\">octubre 6, 2025<\/td><td>28<\/td><td><div class=\"dlp-table-document-link-wrap\"><a href=\"https:\/\/brandmanual.aflatoun.org\/wp-content\/uploads\/2025\/09\/Aflatoun-Branding-Guidelines-PDF-1.pdf\" class=\"dlp-download-link dlp-download-button document-library-pro-button button btn\" data-download-id=\"1529\"  download=\"Aflatoun-Branding-Guidelines-PDF-1.pdf\" type=\"application\/pdf\">Download<\/a><input type=\"checkbox\" name=\"zip-urls\" data-download-url=\"https:\/\/brandmanual.aflatoun.org\/wp-content\/uploads\/2025\/09\/Aflatoun-Branding-Guidelines-PDF-1.pdf\" data-download-id=\"1529\" \/><\/div><\/td><\/tr><tr id=\"post-row-786\" class=\"post-row post-type-dlp_document dlp_document-786 publish\"><td><a href=\"https:\/\/brandmanual.aflatoun.org\/es\/document\/aflatoun-colours\/\">Aflatoun Brand Colours<\/a><\/td><td><p>Technical Implementation: For digital applications (Canva): Use the hex codes (#) For print and Microsoft &hellip;<\/p>\n<\/td><td data-sort=\"1759219909\">septiembre 30, 2025<\/td><td>4<\/td><td><div class=\"dlp-table-document-link-wrap\"><a href=\"https:\/\/brandmanual.aflatoun.org\/wp-content\/uploads\/2025\/09\/Color-palette.pdf\" class=\"dlp-download-link dlp-download-button document-library-pro-button button btn\" data-download-id=\"786\"  download=\"Color-palette.pdf\" type=\"application\/pdf\">Download<\/a><input type=\"checkbox\" name=\"zip-urls\" data-download-url=\"https:\/\/brandmanual.aflatoun.org\/wp-content\/uploads\/2025\/09\/Color-palette.pdf\" data-download-id=\"786\" \/><\/div><\/td><\/tr><\/tbody><\/table><\/div>\n\t\t\t\t\t\t<\/div>\n\t\t\t\t<\/div>\n\t\t\t\t\t<\/div>\n\t\t\t\t<\/div>\n\t\t\t\t<\/div>\n\t\t","protected":false},"excerpt":{"rendered":"<p>Nuestra paleta de colores distintiva refleja la identidad profesional pero accesible de Alfatoun International, demostrando nuestro compromiso de empoderar a ni\u00f1os y j\u00f3venes a trav\u00e9s de la educaci\u00f3n social y financiera. Esta selecci\u00f3n refinada de cuatro colores cuidadosamente elegidos crea un lenguaje visual cohesivo que transmite confianza, crecimiento, innovaci\u00f3n y optimismo en toda nuestra red [&hellip;]<\/p>\n","protected":false},"author":2,"featured_media":0,"parent":0,"menu_order":0,"comment_status":"closed","ping_status":"closed","template":"","meta":{"_acf_changed":false,"footnotes":""},"class_list":["post-1665","page","type-page","status-publish","hentry"],"acf":[],"_links":{"self":[{"href":"https:\/\/brandmanual.aflatoun.org\/es\/wp-json\/wp\/v2\/pages\/1665","targetHints":{"allow":["GET"]}}],"collection":[{"href":"https:\/\/brandmanual.aflatoun.org\/es\/wp-json\/wp\/v2\/pages"}],"about":[{"href":"https:\/\/brandmanual.aflatoun.org\/es\/wp-json\/wp\/v2\/types\/page"}],"author":[{"embeddable":true,"href":"https:\/\/brandmanual.aflatoun.org\/es\/wp-json\/wp\/v2\/users\/2"}],"replies":[{"embeddable":true,"href":"https:\/\/brandmanual.aflatoun.org\/es\/wp-json\/wp\/v2\/comments?post=1665"}],"version-history":[{"count":2,"href":"https:\/\/brandmanual.aflatoun.org\/es\/wp-json\/wp\/v2\/pages\/1665\/revisions"}],"predecessor-version":[{"id":1814,"href":"https:\/\/brandmanual.aflatoun.org\/es\/wp-json\/wp\/v2\/pages\/1665\/revisions\/1814"}],"wp:attachment":[{"href":"https:\/\/brandmanual.aflatoun.org\/es\/wp-json\/wp\/v2\/media?parent=1665"}],"curies":[{"name":"wp","href":"https:\/\/api.w.org\/{rel}","templated":true}]}}