{"id":1655,"date":"2025-08-19T12:18:04","date_gmt":"2025-08-19T12:18:04","guid":{"rendered":"https:\/\/brandmanual.aflatoun.org\/otros-recursos-digitales\/"},"modified":"2025-10-02T18:02:44","modified_gmt":"2025-10-02T18:02:44","slug":"otros-recursos-digitales","status":"publish","type":"page","link":"https:\/\/brandmanual.aflatoun.org\/es\/otros-recursos-digitales\/","title":{"rendered":"Otros recursos digitales"},"content":{"rendered":"\t\t<div data-elementor-type=\"wp-page\" data-elementor-id=\"1655\" class=\"elementor elementor-1655 elementor-410\" data-elementor-post-type=\"page\">\n\t\t\t\t<div class=\"elementor-element elementor-element-808b008 e-flex e-con-boxed e-con e-parent\" data-id=\"808b008\" data-element_type=\"container\">\n\t\t\t\t\t<div class=\"e-con-inner\">\n\t\t\t\t<div class=\"elementor-element elementor-element-002f804 elementor-widget elementor-widget-text-editor\" data-id=\"002f804\" data-element_type=\"widget\" data-widget_type=\"text-editor.default\">\n\t\t\t\t<div class=\"elementor-widget-container\">\n\t\t\t\t\t\t\t\t\t<div data-test-render-count=\"2\"><div><div class=\"group relative pb-8\" data-is-streaming=\"false\"><div class=\"font-claude-response relative leading-[1.65rem] [&amp;_pre&gt;div]:bg-bg-000\/50 [&amp;_pre&gt;div]:border-0.5 [&amp;_pre&gt;div]:border-border-400 [&amp;_.ignore-pre-bg&gt;div]:bg-transparent [&amp;_.standard-markdown_:is(p,blockquote,h1,h2,h3,h4,h5,h6)]:pl-2 [&amp;_.standard-markdown_:is(p,blockquote,ul,ol,h1,h2,h3,h4,h5,h6)]:pr-8 [&amp;_.progressive-markdown_:is(p,blockquote,h1,h2,h3,h4,h5,h6)]:pl-2 [&amp;_.progressive-markdown_:is(p,blockquote,ul,ol,h1,h2,h3,h4,h5,h6)]:pr-8\"><div><div class=\"grid-cols-1 grid gap-2.5 [&amp;_&gt;_*]:min-w-0 standard-markdown\"><p class=\"whitespace-normal break-words\">Esta secci\u00f3n abarca todos los materiales digitales adicionales de la marca utilizados en la presencia en l\u00ednea de Aflatoun y en las comunicaciones con socios (plantillas de PowerPoint, folletos, tr\u00edpticos, elementos interactivos como botones, \u00edconos y gr\u00e1ficos de navegaci\u00f3n para plataformas digitales, etc.).<\/p><\/div><\/div><\/div><\/div><\/div><\/div><div data-test-render-count=\"2\"><div class=\"mb-1 mt-1\"><div class=\"group relative inline-flex gap-2 bg-bg-300 rounded-xl pl-2.5 py-2.5 break-words text-text-100 transition-all max-w-[75ch] flex-col pr-6\"><div class=\"flex flex-row gap-2\"><div class=\"font-large !font-user-message grid grid-cols-1 gap-2 py-0.5\" data-testid=\"user-message\"><p class=\"whitespace-pre-wrap break-words\"> <\/p><\/div><\/div><\/div><\/div><\/div>\t\t\t\t\t\t\t\t<\/div>\n\t\t\t\t<\/div>\n\t\t\t\t\t<\/div>\n\t\t\t\t<\/div>\n\t\t<div class=\"elementor-element elementor-element-9873c97 e-flex e-con-boxed e-con e-parent\" data-id=\"9873c97\" data-element_type=\"container\">\n\t\t\t\t\t<div class=\"e-con-inner\">\n\t\t\t\t<div class=\"elementor-element elementor-element-5ce2225 elementor-widget elementor-widget-shortcode\" data-id=\"5ce2225\" data-element_type=\"widget\" data-widget_type=\"shortcode.default\">\n\t\t\t\t<div class=\"elementor-widget-container\">\n\t\t\t\t\t\t\t<div class=\"elementor-shortcode\"><table id=\"dlp_7a22f0c7d0bfef1b_1\" class=\"posts-data-table\" width=\"100%\" data-config=\"{&quot;pageLength&quot;:25,&quot;pagingType&quot;:&quot;numbers&quot;,&quot;serverSide&quot;:false,&quot;autoWidth&quot;:true,&quot;clickFilter&quot;:&quot;1&quot;,&quot;scrollOffset&quot;:15,&quot;resetButton&quot;:false,&quot;lengthMenu&quot;:[[10,25,50,100,-1],[10,25,50,100,&quot;All&quot;]],&quot;columnDefs&quot;:[{&quot;className&quot;:&quot;col-title&quot;,&quot;targets&quot;:0},{&quot;className&quot;:&quot;col-excerpt&quot;,&quot;targets&quot;:1},{&quot;className&quot;:&quot;col-date_modified&quot;,&quot;targets&quot;:2},{&quot;className&quot;:&quot;col-download_count&quot;,&quot;targets&quot;:3},{&quot;className&quot;:&quot;col-link&quot;,&quot;targets&quot;:4}],&quot;responsive&quot;:{&quot;details&quot;:{&quot;display&quot;:&quot;child_row&quot;}},&quot;language&quot;:{&quot;info&quot;:&quot;_TOTAL_ documents&quot;,&quot;infoEmpty&quot;:&quot;0 documents&quot;,&quot;emptyTable&quot;:&quot;No matching documents.&quot;,&quot;zeroRecords&quot;:&quot;No matching documents.&quot;,&quot;totalsSingle&quot;:&quot;document&quot;,&quot;totalsPlural&quot;:&quot;documents&quot;},&quot;dom&quot;:&quot;&lt;\\&quot;posts-table-wrapper hello-elementor\\&quot;&lt;\\&quot;posts-table-above posts-table-controls\\&quot;f&gt;t&lt;\\&quot;posts-table-below posts-table-controls\\&quot;lip&gt;&gt;&quot;,&quot;multiDownloadButton&quot;:true,&quot;multiDownloadPosition&quot;:&quot;above&quot;,&quot;multiDownloadText&quot;:&quot;Download Selected Documents&quot;}\" data-filters=\"false\" data-order=\"[]\"><thead><tr><th class=\"all\" data-name=\"title\" data-orderable=\"true\" data-searchable=\"true\" data-priority=\"1\">Title<\/th><th data-name=\"excerpt\" data-orderable=\"true\" data-searchable=\"true\" data-priority=\"4\">Summary<\/th><th data-name=\"date_modified\" data-orderable=\"true\" data-searchable=\"true\" data-priority=\"5\">Last Modified<\/th><th data-name=\"download_count\" data-orderable=\"true\" data-searchable=\"true\" data-priority=\"13\">Downloads<\/th><th data-name=\"link\" data-orderable=\"false\" data-searchable=\"false\" data-priority=\"10\">Link<\/th><\/tr><\/thead><tbody><tr id=\"post-row-1953\" class=\"post-row post-type-dlp_document dlp_document-1953 publish\"><td><a href=\"https:\/\/brandmanual.aflatoun.org\/es\/document\/aflatoun-flame-jumping\/\">Aflatoun flame jumping<\/a><\/td><td><p> &hellip;<\/p>\n<\/td><td data-sort=\"1760602355\">octubre 16, 2025<\/td><td><\/td><td><div class=\"dlp-table-document-link-wrap\"><\/div><\/td><\/tr><tr id=\"post-row-1942\" class=\"post-row post-type-dlp_document dlp_document-1942 publish\"><td><a href=\"https:\/\/brandmanual.aflatoun.org\/es\/document\/aflatoun-flame-waving\/\">Aflatoun flame waving<\/a><\/td><td><p> &hellip;<\/p>\n<\/td><td data-sort=\"1760602316\">octubre 16, 2025<\/td><td><\/td><td><div class=\"dlp-table-document-link-wrap\"><\/div><\/td><\/tr><tr id=\"post-row-1552\" class=\"post-row post-type-dlp_document dlp_document-1552 publish\"><td><a href=\"https:\/\/brandmanual.aflatoun.org\/es\/document\/aflatoun-virtual-zoom-background\/\">Aflatoun Virtual (ZOOM) Background<\/a><\/td><td><p>This approved virtual background is designed for use on video conferencing platforms, such as Zoom, &hellip;<\/p>\n<\/td><td data-sort=\"1759231629\">septiembre 30, 2025<\/td><td>4<\/td><td><div class=\"dlp-table-document-link-wrap\"><a href=\"https:\/\/brandmanual.aflatoun.org\/wp-content\/uploads\/2025\/09\/ZOOM-background.png\" class=\"dlp-download-link dlp-download-button document-library-pro-button button btn\" data-download-id=\"1552\"  download=\"ZOOM-background.png\" type=\"image\/png\">Download<\/a><input type=\"checkbox\" name=\"zip-urls\" data-download-url=\"https:\/\/brandmanual.aflatoun.org\/wp-content\/uploads\/2025\/09\/ZOOM-background.png\" data-download-id=\"1552\" \/><\/div><\/td><\/tr><tr id=\"post-row-1529\" class=\"post-row post-type-dlp_document dlp_document-1529 publish\"><td><a href=\"https:\/\/brandmanual.aflatoun.org\/es\/document\/aflatoun-branding-guidelines-pdf\/\">Aflatoun Branding Guidelines<\/a><\/td><td><p>The Aflatoun Visual Guidelines PDF is the comprehensive master document that establishes all brand identity &hellip;<\/p>\n<\/td><td data-sort=\"1759759769\">octubre 6, 2025<\/td><td>28<\/td><td><div class=\"dlp-table-document-link-wrap\"><a href=\"https:\/\/brandmanual.aflatoun.org\/wp-content\/uploads\/2025\/09\/Aflatoun-Branding-Guidelines-PDF-1.pdf\" class=\"dlp-download-link dlp-download-button document-library-pro-button button btn\" data-download-id=\"1529\"  download=\"Aflatoun-Branding-Guidelines-PDF-1.pdf\" type=\"application\/pdf\">Download<\/a><input type=\"checkbox\" name=\"zip-urls\" data-download-url=\"https:\/\/brandmanual.aflatoun.org\/wp-content\/uploads\/2025\/09\/Aflatoun-Branding-Guidelines-PDF-1.pdf\" data-download-id=\"1529\" \/><\/div><\/td><\/tr><tr id=\"post-row-1508\" class=\"post-row post-type-dlp_document dlp_document-1508 publish\"><td><a href=\"https:\/\/brandmanual.aflatoun.org\/es\/document\/aflatoun-icons-all-colours\/\">Aflatoun Icons &#8211; All Colours<\/a><\/td><td><p>The Aflatoun icon set includes visual symbols representing key programme concepts, designed in brand colours &hellip;<\/p>\n<\/td><td data-sort=\"1759228035\">septiembre 30, 2025<\/td><td>4<\/td><td><div class=\"dlp-table-document-link-wrap\"><a href=\"https:\/\/brandmanual.aflatoun.org\/wp-content\/uploads\/2025\/09\/icons_all_colors.zip\" class=\"dlp-download-link dlp-download-button document-library-pro-button button btn\" data-download-id=\"1508\"  download=\"icons_all_colors.zip\" type=\"application\/zip\">Download<\/a><input type=\"checkbox\" name=\"zip-urls\" data-download-url=\"https:\/\/brandmanual.aflatoun.org\/wp-content\/uploads\/2025\/09\/icons_all_colors.zip\" data-download-id=\"1508\" \/><\/div><\/td><\/tr><tr id=\"post-row-1484\" class=\"post-row post-type-dlp_document dlp_document-1484 publish\"><td><a href=\"https:\/\/brandmanual.aflatoun.org\/es\/document\/about-us-aflatouns-one-pager-brochure\/\">ABOUT US &#8211; Aflatoun&#8217;s one pager (brochure)<\/a><\/td><td><p>This single-page brochure provides an overview of Aflatoun designed for quick reference by potential partners, &hellip;<\/p>\n<\/td><td data-sort=\"1759226234\">septiembre 30, 2025<\/td><td>3<\/td><td><div class=\"dlp-table-document-link-wrap\"><a href=\"https:\/\/brandmanual.aflatoun.org\/wp-content\/uploads\/2025\/09\/ABOUT-US_Aflatoun_one-page-brochure.pdf\" class=\"dlp-download-link dlp-download-button document-library-pro-button button btn\" data-download-id=\"1484\"  download=\"ABOUT-US_Aflatoun_one-page-brochure.pdf\" type=\"application\/pdf\">Download<\/a><input type=\"checkbox\" name=\"zip-urls\" data-download-url=\"https:\/\/brandmanual.aflatoun.org\/wp-content\/uploads\/2025\/09\/ABOUT-US_Aflatoun_one-page-brochure.pdf\" data-download-id=\"1484\" \/><\/div><\/td><\/tr><tr id=\"post-row-1094\" class=\"post-row post-type-dlp_document dlp_document-1094 publish\"><td><a href=\"https:\/\/brandmanual.aflatoun.org\/es\/document\/powerpoint-presentation-graphics\/\">ABOUT US PPT (version with more graphics)<\/a><\/td><td><p>This visual slide deck tells the complete Aflatoun International story, from organisational mission and global &hellip;<\/p>\n<\/td><td data-sort=\"1759840448\">octubre 7, 2025<\/td><td>1<\/td><td><div class=\"dlp-table-document-link-wrap\"><\/div><\/td><\/tr><tr id=\"post-row-1093\" class=\"post-row post-type-dlp_document dlp_document-1093 publish\"><td><a href=\"https:\/\/brandmanual.aflatoun.org\/es\/document\/powerpoint-presentation-short\/\">ABOUT US PPT (short deck)<\/a><\/td><td><p>This shortened version tells Aflatoun International&#8217;s story, from organisational mission and global impact to detailed &hellip;<\/p>\n<\/td><td data-sort=\"1759840455\">octubre 7, 2025<\/td><td><\/td><td><div class=\"dlp-table-document-link-wrap\"><\/div><\/td><\/tr><tr id=\"post-row-787\" class=\"post-row post-type-dlp_document dlp_document-787 publish\"><td><a href=\"https:\/\/brandmanual.aflatoun.org\/es\/document\/powerpoint-presentation-long\/\">ABOUT US PPT (long slide deck)<\/a><\/td><td><p>This comprehensive slide deck tells the complete Aflatoun International story, from organisational mission and global &hellip;<\/p>\n<\/td><td data-sort=\"1759840467\">octubre 7, 2025<\/td><td><\/td><td><div class=\"dlp-table-document-link-wrap\"><\/div><\/td><\/tr><\/tbody><\/table><\/div>\n\t\t\t\t\t\t<\/div>\n\t\t\t\t<\/div>\n\t\t\t\t\t<\/div>\n\t\t\t\t<\/div>\n\t\t\t\t<\/div>\n\t\t","protected":false},"excerpt":{"rendered":"<p>Esta secci\u00f3n abarca todos los materiales digitales adicionales de la marca utilizados en la presencia en l\u00ednea de Aflatoun y en las comunicaciones con socios (plantillas de PowerPoint, folletos, tr\u00edpticos, elementos interactivos como botones, \u00edconos y gr\u00e1ficos de navegaci\u00f3n para plataformas digitales, etc.).<\/p>\n","protected":false},"author":2,"featured_media":0,"parent":0,"menu_order":0,"comment_status":"closed","ping_status":"closed","template":"","meta":{"_acf_changed":false,"footnotes":""},"class_list":["post-1655","page","type-page","status-publish","hentry"],"acf":[],"_links":{"self":[{"href":"https:\/\/brandmanual.aflatoun.org\/es\/wp-json\/wp\/v2\/pages\/1655","targetHints":{"allow":["GET"]}}],"collection":[{"href":"https:\/\/brandmanual.aflatoun.org\/es\/wp-json\/wp\/v2\/pages"}],"about":[{"href":"https:\/\/brandmanual.aflatoun.org\/es\/wp-json\/wp\/v2\/types\/page"}],"author":[{"embeddable":true,"href":"https:\/\/brandmanual.aflatoun.org\/es\/wp-json\/wp\/v2\/users\/2"}],"replies":[{"embeddable":true,"href":"https:\/\/brandmanual.aflatoun.org\/es\/wp-json\/wp\/v2\/comments?post=1655"}],"version-history":[{"count":3,"href":"https:\/\/brandmanual.aflatoun.org\/es\/wp-json\/wp\/v2\/pages\/1655\/revisions"}],"predecessor-version":[{"id":1812,"href":"https:\/\/brandmanual.aflatoun.org\/es\/wp-json\/wp\/v2\/pages\/1655\/revisions\/1812"}],"wp:attachment":[{"href":"https:\/\/brandmanual.aflatoun.org\/es\/wp-json\/wp\/v2\/media?parent=1655"}],"curies":[{"name":"wp","href":"https:\/\/api.w.org\/{rel}","templated":true}]}}